{"id":10837,"date":"2021-12-23T10:26:34","date_gmt":"2021-12-23T08:26:34","guid":{"rendered":"https:\/\/marratxiesviu.es\/passajar\/"},"modified":"2023-06-13T15:52:48","modified_gmt":"2023-06-13T13:52:48","slug":"passejar","status":"publish","type":"page","link":"https:\/\/visitmarratxi.es\/de\/passejar\/","title":{"rendered":"Sport"},"content":{"rendered":"<div class=\"wpb-content-wrapper\"><p>[vc_row][vc_column]<div class=\"gt-heading gt-dark gt-size1 gt-align-center\"><div class=\"gt-title\">ROUTEN <span>UND BESICHTIGUNGEN<\/span><\/div><div class=\"gt-separate\"><div class=\"gt-icon\"> <\/div><\/div><div class=\"gt-text\">Mit Rucksack oder ohne, aber mit bequemen Schuhen. In Marratx\u00ed gibt es unendlich viele Routen, Ausfl\u00fcge, Wanderwege oder entspannende Spazierg\u00e4nge... um sich zu Fu\u00df zu erholen und dabei Orte zu entdecken, die Sie sich nie h\u00e4tten vorstellen k\u00f6nnen. Lesen Sie weiter!<\/div><\/div>[\/vc_column][\/vc_row][vc_row][vc_column][vc_empty_space height=&#8220;100px&#8220;][\/vc_column][\/vc_row][vc_row][vc_column]<div class=\"gt-venue-listing\"><div class=\"gt-columns gt-column-2\"><div class=\"gt-col\"><div class=\"gt-inner\"><div class=\"gt-venue-style-1\"><div class=\"gt-image\"><a href=\"https:\/\/visitmarratxi.es\/de\/venue\/rutes-saludables\/\"><img loading=\"lazy\" decoding=\"async\" width=\"620\" height=\"400\" src=\"https:\/\/visitmarratxi.es\/wp-content\/uploads\/2022\/02\/Sa-Bomba-2.jpg\" class=\"attachment-eventchamp-event-list size-eventchamp-event-list wp-post-image\" alt=\"\" srcset=\"https:\/\/visitmarratxi.es\/wp-content\/uploads\/2022\/02\/Sa-Bomba-2.jpg 620w, https:\/\/visitmarratxi.es\/wp-content\/uploads\/2022\/02\/Sa-Bomba-2-300x194.jpg 300w, https:\/\/visitmarratxi.es\/wp-content\/uploads\/2022\/02\/Sa-Bomba-2-600x387.jpg 600w\" sizes=\"auto, (max-width: 620px) 100vw, 620px\" \/><\/a><div class=\"gt-location\"><ul><li><a href=\"https:\/\/visitmarratxi.es\/de\/location\/marratxi-de\/?post_type=venue\">Marratx\u00ed<\/a><\/li><li><a href=\"https:\/\/visitmarratxi.es\/de\/location\/portol-de\/?post_type=venue\">P\u00f2rtol<\/a><\/li><\/ul><\/div><\/div><div class=\"gt-title\"><a href=\"https:\/\/visitmarratxi.es\/de\/venue\/rutes-saludables\/\">Gesunde Routen<\/a><\/div><div class=\"gt-excerpt\">Camino de la Cimentera, sein Name wird gegeben, weil es der Weg ist, auf dem Rohstoffe zum Friedhof transportiert wurden. Auf dem gleichen Weg finden Sie einen alten runden Steinofen. Camino del Jard\u00ed d\u2019en Ferrer, wenn Sie von P\u00f2rtol nach...<\/div><\/div><\/div><\/div><div class=\"gt-col\"><div class=\"gt-inner\"><div class=\"gt-venue-style-1\"><div class=\"gt-image\"><a href=\"https:\/\/visitmarratxi.es\/de\/venue\/pub\/\"><img loading=\"lazy\" decoding=\"async\" width=\"620\" height=\"400\" src=\"https:\/\/visitmarratxi.es\/wp-content\/uploads\/2022\/02\/Museu-del-Fang-1.jpg\" class=\"attachment-eventchamp-event-list size-eventchamp-event-list wp-post-image\" alt=\"\" srcset=\"https:\/\/visitmarratxi.es\/wp-content\/uploads\/2022\/02\/Museu-del-Fang-1.jpg 620w, https:\/\/visitmarratxi.es\/wp-content\/uploads\/2022\/02\/Museu-del-Fang-1-300x194.jpg 300w, https:\/\/visitmarratxi.es\/wp-content\/uploads\/2022\/02\/Museu-del-Fang-1-600x387.jpg 600w\" sizes=\"auto, (max-width: 620px) 100vw, 620px\" \/><\/a><div class=\"gt-location\"><ul><li><a href=\"https:\/\/visitmarratxi.es\/de\/location\/cabaneta-de\/?post_type=venue\">Cabaneta<\/a><\/li><li><a href=\"https:\/\/visitmarratxi.es\/de\/location\/marratxi-de\/?post_type=venue\">Marratx\u00ed<\/a><\/li><li><a href=\"https:\/\/visitmarratxi.es\/de\/location\/portol-de\/?post_type=venue\">P\u00f2rtol<\/a><\/li><\/ul><\/div><\/div><div class=\"gt-title\"><a href=\"https:\/\/visitmarratxi.es\/de\/venue\/pub\/\">Fang-Route<\/a><\/div><div class=\"gt-excerpt\">In Marratx\u00ed d\u00fcrfen Sie eine der interessantesten Touren durch die Handwerkerwerkst\u00e4tten, die so genannte Fang-Route, nicht verpassen. Dort finden Sie T\u00f6pfe und alle Arten von Utensilien aus Ton. Wir empfehlen Ihnen, dies mit einem Besuch des Fang-Museums und der Keramikschule...<\/div><\/div><\/div><\/div><\/div><\/div>[\/vc_column][\/vc_row]<\/p>\n<\/div>","protected":false},"excerpt":{"rendered":"<p>[vc_row][vc_column][\/vc_column][\/vc_row][vc_row][vc_column][vc_empty_space height=&#8220;100px&#8220;][\/vc_column][\/vc_row][vc_row][vc_column][\/vc_column][\/vc_row]<\/p>\n","protected":false},"author":6,"featured_media":0,"parent":0,"menu_order":0,"comment_status":"closed","ping_status":"closed","template":"","meta":{"footnotes":""},"class_list":["post-10837","page","type-page","status-publish","hentry"],"_links":{"self":[{"href":"https:\/\/visitmarratxi.es\/de\/wp-json\/wp\/v2\/pages\/10837","targetHints":{"allow":["GET"]}}],"collection":[{"href":"https:\/\/visitmarratxi.es\/de\/wp-json\/wp\/v2\/pages"}],"about":[{"href":"https:\/\/visitmarratxi.es\/de\/wp-json\/wp\/v2\/types\/page"}],"author":[{"embeddable":true,"href":"https:\/\/visitmarratxi.es\/de\/wp-json\/wp\/v2\/users\/6"}],"replies":[{"embeddable":true,"href":"https:\/\/visitmarratxi.es\/de\/wp-json\/wp\/v2\/comments?post=10837"}],"version-history":[{"count":4,"href":"https:\/\/visitmarratxi.es\/de\/wp-json\/wp\/v2\/pages\/10837\/revisions"}],"predecessor-version":[{"id":10980,"href":"https:\/\/visitmarratxi.es\/de\/wp-json\/wp\/v2\/pages\/10837\/revisions\/10980"}],"wp:attachment":[{"href":"https:\/\/visitmarratxi.es\/de\/wp-json\/wp\/v2\/media?parent=10837"}],"curies":[{"name":"wp","href":"https:\/\/api.w.org\/{rel}","templated":true}]}}