{"id":10846,"date":"2021-12-23T09:53:46","date_gmt":"2021-12-23T07:53:46","guid":{"rendered":"https:\/\/marratxiesviu.es\/coneixer\/"},"modified":"2023-06-13T15:27:14","modified_gmt":"2023-06-13T13:27:14","slug":"coneixer","status":"publish","type":"page","link":"https:\/\/visitmarratxi.es\/de\/coneixer\/","title":{"rendered":"Kultur"},"content":{"rendered":"<div class=\"wpb-content-wrapper\"><p>[vc_row][vc_column]<div class=\"gt-heading gt-dark gt-size1 gt-align-center\"><div class=\"gt-title\">KULTUR<\/div><div class=\"gt-separate\"><div class=\"gt-icon\"> <\/div><\/div><div class=\"gt-text\">Es gibt viele Orte in Marratx\u00ed, an denen die Kultur im Fokus steht. Wir haben Museen, Bibliotheken, Ausstellungsr\u00e4ume, Kirchen, Denkm\u00e4ler, Reiserouten und viele Geschichten zu erz\u00e4hlen. Denn in Marratx\u00ed hat die Kultur ihren Platz.<\/div><\/div>[\/vc_column][\/vc_row][vc_row][vc_column][vc_empty_space height=&#8220;100px&#8220;][\/vc_column][\/vc_row][vc_row][vc_column]<div class=\"gt-venue-listing\"><div class=\"gt-columns gt-column-2\"><div class=\"gt-col\"><div class=\"gt-inner\"><div class=\"gt-venue-style-1\"><div class=\"gt-image\"><a href=\"https:\/\/visitmarratxi.es\/de\/venue\/125-jahrestag-von-es-forn-del-pla-de-na-tesa\/\"><img loading=\"lazy\" decoding=\"async\" width=\"800\" height=\"579\" src=\"https:\/\/visitmarratxi.es\/wp-content\/uploads\/2024\/06\/esforn_pladenatesa-800x579.jpg\" class=\"attachment-eventchamp-event-list size-eventchamp-event-list wp-post-image\" alt=\"\" \/><\/a><div class=\"gt-location\"><ul><li><a href=\"https:\/\/visitmarratxi.es\/de\/location\/cami-de-son-alegre-5\/?post_type=venue\">Cam\u00ed de Son Alegre<\/a><\/li><li><a href=\"https:\/\/visitmarratxi.es\/de\/location\/marratxi-de\/?post_type=venue\">Marratx\u00ed<\/a><\/li><\/ul><\/div><\/div><div class=\"gt-title\"><a href=\"https:\/\/visitmarratxi.es\/de\/venue\/125-jahrestag-von-es-forn-del-pla-de-na-tesa\/\">125. Jahrestag von &#8222;es Forn&#8220; del Pla de na Tesa<\/a><\/div><div class=\"gt-excerpt\">GESCHICHTE Die Mauern des Forn del Pla de na Tesa bewahren 125 Jahre einer reichen Familiengeschichte, die Generation f\u00fcr Generation Tradition und handwerkliche Exzellenz bewahrt hat und zu einem symboltr\u00e4chtigen Unternehmen f\u00fcr die Gemeinde Marratx\u00ed geworden ist. Am 1. Juli...<\/div><\/div><\/div><\/div><div class=\"gt-col\"><div class=\"gt-inner\"><div class=\"gt-venue-style-1\"><div class=\"gt-image\"><a href=\"https:\/\/visitmarratxi.es\/de\/venue\/hostales-des-pont-dinca\/\"><img loading=\"lazy\" decoding=\"async\" width=\"620\" height=\"400\" src=\"https:\/\/visitmarratxi.es\/wp-content\/uploads\/2022\/05\/DSC05193.jpg\" class=\"attachment-eventchamp-event-list size-eventchamp-event-list wp-post-image\" alt=\"\" srcset=\"https:\/\/visitmarratxi.es\/wp-content\/uploads\/2022\/05\/DSC05193.jpg 620w, https:\/\/visitmarratxi.es\/wp-content\/uploads\/2022\/05\/DSC05193-300x194.jpg 300w, https:\/\/visitmarratxi.es\/wp-content\/uploads\/2022\/05\/DSC05193-600x387.jpg 600w\" sizes=\"auto, (max-width: 620px) 100vw, 620px\" \/><\/a><div class=\"gt-location\"><ul><li><a href=\"https:\/\/visitmarratxi.es\/de\/location\/pont-dinca-2-de\/?post_type=venue\">Pont d&#8217;Inca<\/a><\/li><\/ul><\/div><\/div><div class=\"gt-title\"><a href=\"https:\/\/visitmarratxi.es\/de\/venue\/hostales-des-pont-dinca\/\">Hostels in es Pont d&#8217;Inca<\/a><\/div><div class=\"gt-excerpt\">Warum gab es Hostels in Pont d\u2019Inca Es Pont d\u2019Inca ist das j\u00fcngste der historischen Zentren von Marratx\u00ed, aber auch jenes, das aufgrund seiner strategischen Lage an der Inka-Stra\u00dfe und an der Stadtgrenze am schnellsten wuchs. Ab der zweiten H\u00e4lfte...<\/div><\/div><\/div><\/div><div class=\"gt-col\"><div class=\"gt-inner\"><div class=\"gt-venue-style-1\"><div class=\"gt-image\"><a href=\"https:\/\/visitmarratxi.es\/de\/venue\/pozos-comunes\/\"><img loading=\"lazy\" decoding=\"async\" width=\"620\" height=\"400\" src=\"https:\/\/visitmarratxi.es\/wp-content\/uploads\/2022\/05\/DSC03519-1.jpg\" class=\"attachment-eventchamp-event-list size-eventchamp-event-list wp-post-image\" alt=\"\" srcset=\"https:\/\/visitmarratxi.es\/wp-content\/uploads\/2022\/05\/DSC03519-1.jpg 620w, https:\/\/visitmarratxi.es\/wp-content\/uploads\/2022\/05\/DSC03519-1-300x194.jpg 300w, https:\/\/visitmarratxi.es\/wp-content\/uploads\/2022\/05\/DSC03519-1-600x387.jpg 600w\" sizes=\"auto, (max-width: 620px) 100vw, 620px\" \/><\/a><div class=\"gt-location\"><ul><li><a href=\"https:\/\/visitmarratxi.es\/de\/location\/marratxi-de\/?post_type=venue\">Marratx\u00ed<\/a><\/li><\/ul><\/div><\/div><div class=\"gt-title\"><a href=\"https:\/\/visitmarratxi.es\/de\/venue\/pozos-comunes\/\">Gemeinschaftsbrunnen<\/a><\/div><div class=\"gt-excerpt\">Das Sammeln von Grundwasser war schon immer eine Priorit\u00e4t auf Mallorca, wo die Wasserressourcen knapp sind. Aus diesem Grund finden wir, wenn wir uns von den Bergen entfernen, eine gro\u00dfe Anzahl von Brunnen, die \u00fcber die ganze Insel verstreut sind,...<\/div><\/div><\/div><\/div><div class=\"gt-col\"><div class=\"gt-inner\"><div class=\"gt-venue-style-1\"><div class=\"gt-image\"><a href=\"https:\/\/visitmarratxi.es\/de\/venue\/cueva-de-son-caulelles\/\"><img loading=\"lazy\" decoding=\"async\" width=\"620\" height=\"400\" src=\"https:\/\/visitmarratxi.es\/wp-content\/uploads\/2022\/05\/OIP-_1_-1.jpg\" class=\"attachment-eventchamp-event-list size-eventchamp-event-list wp-post-image\" alt=\"\" srcset=\"https:\/\/visitmarratxi.es\/wp-content\/uploads\/2022\/05\/OIP-_1_-1.jpg 620w, https:\/\/visitmarratxi.es\/wp-content\/uploads\/2022\/05\/OIP-_1_-1-300x194.jpg 300w, https:\/\/visitmarratxi.es\/wp-content\/uploads\/2022\/05\/OIP-_1_-1-600x387.jpg 600w\" sizes=\"auto, (max-width: 620px) 100vw, 620px\" \/><\/a><div class=\"gt-location\"><ul><li><a href=\"https:\/\/visitmarratxi.es\/de\/location\/marratxi-de\/?post_type=venue\">Marratx\u00ed<\/a><\/li><\/ul><\/div><\/div><div class=\"gt-title\"><a href=\"https:\/\/visitmarratxi.es\/de\/venue\/cueva-de-son-caulelles\/\">H\u00f6hle von Son Caulelles<\/a><\/div><div class=\"gt-excerpt\">Die H\u00f6hle von Son Caulelles, auch bekannt als cova des Moro, gilt als die bedeutendste pr\u00e4historische arch\u00e4ologische St\u00e4tte der gesamten Gemeinde. Zeugnis einer der ersten Zivilisationen, die w\u00e4hrend der Bronzezeit auf den Balearen lebten, der Navetiform-Kultur (ca. 1700 &#8211; 1000...<\/div><\/div><\/div><\/div><div class=\"gt-col\"><div class=\"gt-inner\"><div class=\"gt-venue-style-1\"><div class=\"gt-image\"><a href=\"https:\/\/visitmarratxi.es\/de\/venue\/grup-escolar-unitari-del-pla-de-na-tesa\/\"><img loading=\"lazy\" decoding=\"async\" width=\"620\" height=\"400\" src=\"https:\/\/visitmarratxi.es\/wp-content\/uploads\/2022\/05\/img014-1.jpg\" class=\"attachment-eventchamp-event-list size-eventchamp-event-list wp-post-image\" alt=\"\" srcset=\"https:\/\/visitmarratxi.es\/wp-content\/uploads\/2022\/05\/img014-1.jpg 620w, https:\/\/visitmarratxi.es\/wp-content\/uploads\/2022\/05\/img014-1-300x194.jpg 300w, https:\/\/visitmarratxi.es\/wp-content\/uploads\/2022\/05\/img014-1-600x387.jpg 600w\" sizes=\"auto, (max-width: 620px) 100vw, 620px\" \/><\/a><div class=\"gt-location\"><ul><li><a href=\"https:\/\/visitmarratxi.es\/de\/location\/pla-de-na-tesa-de\/?post_type=venue\">Pla de na Tesa<\/a><\/li><\/ul><\/div><\/div><div class=\"gt-title\"><a href=\"https:\/\/visitmarratxi.es\/de\/venue\/grup-escolar-unitari-del-pla-de-na-tesa\/\">Schulgruppe unitari del Pla de na Tesa<\/a><\/div><div class=\"gt-excerpt\">Foto zur Verf\u00fcgung gestellt von CEIP Gabriel Janer Manila W\u00e4hrend des 18. Jahrhunderts, auch bekannt als Jahrhundert der Aufkl\u00e4rung oder der Lichter, begann ein neues Konzept der Bildung, das als Grundlage der zuk\u00fcnftigen Gesellschaft verstanden wurde. Im Rahmen dieser europ\u00e4ischen...<\/div><\/div><\/div><\/div><div class=\"gt-col\"><div class=\"gt-inner\"><div class=\"gt-venue-style-1\"><div class=\"gt-image\"><a href=\"https:\/\/visitmarratxi.es\/de\/venue\/esglesia-parroquial-sant-llatzer\/\"><img loading=\"lazy\" decoding=\"async\" width=\"620\" height=\"400\" src=\"https:\/\/visitmarratxi.es\/wp-content\/uploads\/2022\/05\/EsglesiaPladeNaTesa.jpg\" class=\"attachment-eventchamp-event-list size-eventchamp-event-list wp-post-image\" alt=\"\" srcset=\"https:\/\/visitmarratxi.es\/wp-content\/uploads\/2022\/05\/EsglesiaPladeNaTesa.jpg 620w, https:\/\/visitmarratxi.es\/wp-content\/uploads\/2022\/05\/EsglesiaPladeNaTesa-300x194.jpg 300w, https:\/\/visitmarratxi.es\/wp-content\/uploads\/2022\/05\/EsglesiaPladeNaTesa-600x387.jpg 600w\" sizes=\"auto, (max-width: 620px) 100vw, 620px\" \/><\/a><div class=\"gt-location\"><ul><li><a href=\"https:\/\/visitmarratxi.es\/de\/location\/pla-de-na-tesa-de\/?post_type=venue\">Pla de na Tesa<\/a><\/li><\/ul><\/div><\/div><div class=\"gt-title\"><a href=\"https:\/\/visitmarratxi.es\/de\/venue\/esglesia-parroquial-sant-llatzer\/\">Pfarrkirche Sant Ll\u00e0tzer<\/a><\/div><div class=\"gt-excerpt\">Ihre gesellschaftliche Bedeutung Bis Mitte des 19. Jahrhunderts hatte der Stadtkern von Pla de na Tesa keinen eigenen Tempel. Um das Jahr 1857 f\u00f6rderte der Besitzer von Son Alegre, einem der wichtigsten Landg\u00fcter der Gegend, den Bau einer Kirche, die...<\/div><\/div><\/div><\/div><div class=\"gt-col\"><div class=\"gt-inner\"><div class=\"gt-venue-style-1\"><div class=\"gt-image\"><a href=\"https:\/\/visitmarratxi.es\/de\/venue\/esglesia-sant-alonso\/\"><img loading=\"lazy\" decoding=\"async\" width=\"620\" height=\"400\" src=\"https:\/\/visitmarratxi.es\/wp-content\/uploads\/2022\/05\/DSC05218-2.jpg\" class=\"attachment-eventchamp-event-list size-eventchamp-event-list wp-post-image\" alt=\"\" srcset=\"https:\/\/visitmarratxi.es\/wp-content\/uploads\/2022\/05\/DSC05218-2.jpg 620w, https:\/\/visitmarratxi.es\/wp-content\/uploads\/2022\/05\/DSC05218-2-300x194.jpg 300w, https:\/\/visitmarratxi.es\/wp-content\/uploads\/2022\/05\/DSC05218-2-600x387.jpg 600w\" sizes=\"auto, (max-width: 620px) 100vw, 620px\" \/><\/a><div class=\"gt-location\"><ul><li><a href=\"https:\/\/visitmarratxi.es\/de\/location\/pont-dinca-de\/?post_type=venue\">Pont d&#8217;Inca<\/a><\/li><\/ul><\/div><\/div><div class=\"gt-title\"><a href=\"https:\/\/visitmarratxi.es\/de\/venue\/esglesia-sant-alonso\/\">Esgl\u00e9sia de Sant Alons<\/a><\/div><div class=\"gt-excerpt\">Ende des 19. Jahrhunderts hatte der Stadtkern Pont d\u2019Inca bereits mehr als 400 Einwohner. Trotzdem hatte er keinen eigenen Tempel, weshalb die Pontinqueros zur Messe gehen mussten, zuerst nach Sant Llatzet und dann nach Pla de na Tesa. Es ist...<\/div><\/div><\/div><\/div><div class=\"gt-col\"><div class=\"gt-inner\"><div class=\"gt-venue-style-1\"><div class=\"gt-image\"><a href=\"https:\/\/visitmarratxi.es\/de\/venue\/fabrica-textil-ses-llistes\/\"><img loading=\"lazy\" decoding=\"async\" width=\"620\" height=\"400\" src=\"https:\/\/visitmarratxi.es\/wp-content\/uploads\/2022\/05\/12.jpg\" class=\"attachment-eventchamp-event-list size-eventchamp-event-list wp-post-image\" alt=\"\" srcset=\"https:\/\/visitmarratxi.es\/wp-content\/uploads\/2022\/05\/12.jpg 620w, https:\/\/visitmarratxi.es\/wp-content\/uploads\/2022\/05\/12-300x194.jpg 300w, https:\/\/visitmarratxi.es\/wp-content\/uploads\/2022\/05\/12-600x387.jpg 600w\" sizes=\"auto, (max-width: 620px) 100vw, 620px\" \/><\/a><div class=\"gt-location\"><ul><li><a href=\"https:\/\/visitmarratxi.es\/de\/location\/pont-dinca-de\/?post_type=venue\">Pont d&#8217;Inca<\/a><\/li><\/ul><\/div><\/div><div class=\"gt-title\"><a href=\"https:\/\/visitmarratxi.es\/de\/venue\/fabrica-textil-ses-llistes\/\">Ehemalige Textilfabrik Ses Llistes<\/a><\/div><div class=\"gt-excerpt\">Arbeiterinnen reinigen die Baumwolle mit den Batans. Foto zur Verf\u00fcgung gestellt von Albert Aguilera\u00a0 Auf dem Weg nach Sa Cabana des Pont d\u2019Inca finden wir eines der herausragendsten und einzigartigsten Beispiele des industriellen Erbes, die dieses Gebiet der industriellen Tradition...<\/div><\/div><\/div><\/div><div class=\"gt-col\"><div class=\"gt-inner\"><div class=\"gt-venue-style-1\"><div class=\"gt-image\"><a href=\"https:\/\/visitmarratxi.es\/de\/venue\/moli-de-can-pere-antoni\/\"><img loading=\"lazy\" decoding=\"async\" width=\"620\" height=\"400\" src=\"https:\/\/visitmarratxi.es\/wp-content\/uploads\/2022\/05\/DSC02350-1.jpg\" class=\"attachment-eventchamp-event-list size-eventchamp-event-list wp-post-image\" alt=\"\" srcset=\"https:\/\/visitmarratxi.es\/wp-content\/uploads\/2022\/05\/DSC02350-1.jpg 620w, https:\/\/visitmarratxi.es\/wp-content\/uploads\/2022\/05\/DSC02350-1-300x194.jpg 300w, https:\/\/visitmarratxi.es\/wp-content\/uploads\/2022\/05\/DSC02350-1-600x387.jpg 600w\" sizes=\"auto, (max-width: 620px) 100vw, 620px\" \/><\/a><div class=\"gt-location\"><ul><li><a href=\"https:\/\/visitmarratxi.es\/de\/location\/marratxi-de\/?post_type=venue\">Marratx\u00ed<\/a><\/li><\/ul><\/div><\/div><div class=\"gt-title\"><a href=\"https:\/\/visitmarratxi.es\/de\/venue\/moli-de-can-pere-antoni\/\">M\u00fchle Von ca&#8217;n Pere Antoni<\/a><\/div><div class=\"gt-excerpt\">Dieser Turm, den wir an der Fassade sehen, ist Teil einer alten Getreidem\u00fchle, die im Volksmund als M\u00fchle von can Pere Antoni bekannt ist. Ganz in der N\u00e4he finden wir auch die Molino des Forn in der Calle JaumeBalm\u00e9s Nr....<\/div><\/div><\/div><\/div><div class=\"gt-col\"><div class=\"gt-inner\"><div class=\"gt-venue-style-1\"><div class=\"gt-image\"><a href=\"https:\/\/visitmarratxi.es\/de\/venue\/rellotge-de-sol\/\"><img loading=\"lazy\" decoding=\"async\" width=\"620\" height=\"400\" src=\"https:\/\/visitmarratxi.es\/wp-content\/uploads\/2022\/05\/DSC02330.jpg\" class=\"attachment-eventchamp-event-list size-eventchamp-event-list wp-post-image\" alt=\"\" srcset=\"https:\/\/visitmarratxi.es\/wp-content\/uploads\/2022\/05\/DSC02330.jpg 620w, https:\/\/visitmarratxi.es\/wp-content\/uploads\/2022\/05\/DSC02330-300x194.jpg 300w, https:\/\/visitmarratxi.es\/wp-content\/uploads\/2022\/05\/DSC02330-600x387.jpg 600w\" sizes=\"auto, (max-width: 620px) 100vw, 620px\" \/><\/a><div class=\"gt-location\"><ul><li><a href=\"https:\/\/visitmarratxi.es\/de\/location\/marratxi-de\/?post_type=venue\">Marratx\u00ed<\/a><\/li><\/ul><\/div><\/div><div class=\"gt-title\"><a href=\"https:\/\/visitmarratxi.es\/de\/venue\/rellotge-de-sol\/\">Sonnenuhr<\/a><\/div><div class=\"gt-excerpt\">Herkunft der Sonnenuhren Eines der \u00e4ltesten Anliegen der Menschheit war es, die Zeit zu messen. Die Beobachtung der Zyklen in der Bewegung des Mondes, der Sterne und der Sonne erm\u00f6glichte es uns, dieses Element, das paradoxerweise undefinierbar erscheint, zu ordnen...<\/div><\/div><\/div><\/div><div class=\"gt-col\"><div class=\"gt-inner\"><div class=\"gt-venue-style-1\"><div class=\"gt-image\"><a href=\"https:\/\/visitmarratxi.es\/de\/venue\/pont-des-caulls\/\"><img loading=\"lazy\" decoding=\"async\" width=\"620\" height=\"400\" src=\"https:\/\/visitmarratxi.es\/wp-content\/uploads\/2022\/05\/DSC03515.jpg\" class=\"attachment-eventchamp-event-list size-eventchamp-event-list wp-post-image\" alt=\"\" srcset=\"https:\/\/visitmarratxi.es\/wp-content\/uploads\/2022\/05\/DSC03515.jpg 620w, https:\/\/visitmarratxi.es\/wp-content\/uploads\/2022\/05\/DSC03515-300x194.jpg 300w, https:\/\/visitmarratxi.es\/wp-content\/uploads\/2022\/05\/DSC03515-600x387.jpg 600w\" sizes=\"auto, (max-width: 620px) 100vw, 620px\" \/><\/a><div class=\"gt-location\"><ul><li><a href=\"https:\/\/visitmarratxi.es\/de\/location\/marratxi-de\/?post_type=venue\">Marratx\u00ed<\/a><\/li><\/ul><\/div><\/div><div class=\"gt-title\"><a href=\"https:\/\/visitmarratxi.es\/de\/venue\/pont-des-caulls\/\">Br\u00fccke Von Es Ca\u00fclls<\/a><\/div><div class=\"gt-excerpt\">Diese Br\u00fccke, die aus Mar\u00e9s-Bl\u00f6cken aus dem 19. Jahrhundert erbaut wurde, wurde wieder aufgebaut, um das Hindernis des Coanegra-Baches zu \u00fcberwinden und die Kommunikation zwischen zwei herausragenden Besitzt\u00fcmern zu verbessern: Es Ca\u00fclls und Son Sale. Es wird angenommen, dass der...<\/div><\/div><\/div><\/div><div class=\"gt-col\"><div class=\"gt-inner\"><div class=\"gt-venue-style-1\"><div class=\"gt-image\"><a href=\"https:\/\/visitmarratxi.es\/de\/venue\/sant-marcal\/\"><img loading=\"lazy\" decoding=\"async\" width=\"620\" height=\"400\" src=\"https:\/\/visitmarratxi.es\/wp-content\/uploads\/2022\/05\/SantMarcal-3.jpg\" class=\"attachment-eventchamp-event-list size-eventchamp-event-list wp-post-image\" alt=\"\" srcset=\"https:\/\/visitmarratxi.es\/wp-content\/uploads\/2022\/05\/SantMarcal-3.jpg 620w, https:\/\/visitmarratxi.es\/wp-content\/uploads\/2022\/05\/SantMarcal-3-300x194.jpg 300w, https:\/\/visitmarratxi.es\/wp-content\/uploads\/2022\/05\/SantMarcal-3-600x387.jpg 600w\" sizes=\"auto, (max-width: 620px) 100vw, 620px\" \/><\/a><div class=\"gt-location\"><ul><li><a href=\"https:\/\/visitmarratxi.es\/de\/location\/cabaneta-de\/?post_type=venue\">Cabaneta<\/a><\/li><\/ul><\/div><\/div><div class=\"gt-title\"><a href=\"https:\/\/visitmarratxi.es\/de\/venue\/sant-marcal\/\">Sant Mar\u00e7al<\/a><\/div><div class=\"gt-excerpt\">Kirche von Sant Mar\u00e7al Die erste bekannte Kirche in Marratx\u00ed stammt aus dem 13. Jahrhundert, Jahre nach der Eroberung durch Jaume I. Sie geh\u00f6rte zu Santa Maria del Cam\u00ed und war der Santa Maria de Barraxino geweiht. Ein Jahrhundert sp\u00e4ter...<\/div><\/div><\/div><\/div><div class=\"gt-col\"><div class=\"gt-inner\"><div class=\"gt-venue-style-1\"><div class=\"gt-image\"><a href=\"https:\/\/visitmarratxi.es\/de\/venue\/marratxinet\/\"><img loading=\"lazy\" decoding=\"async\" width=\"620\" height=\"400\" src=\"https:\/\/visitmarratxi.es\/wp-content\/uploads\/2022\/05\/Diseno-sin-titulo-64.png\" class=\"attachment-eventchamp-event-list size-eventchamp-event-list wp-post-image\" alt=\"\" srcset=\"https:\/\/visitmarratxi.es\/wp-content\/uploads\/2022\/05\/Diseno-sin-titulo-64.png 620w, https:\/\/visitmarratxi.es\/wp-content\/uploads\/2022\/05\/Diseno-sin-titulo-64-300x194.png 300w, https:\/\/visitmarratxi.es\/wp-content\/uploads\/2022\/05\/Diseno-sin-titulo-64-600x387.png 600w\" sizes=\"auto, (max-width: 620px) 100vw, 620px\" \/><\/a><div class=\"gt-location\"><ul><li><a href=\"https:\/\/visitmarratxi.es\/de\/location\/marratxinet-de\/?post_type=venue\">Marratxinet<\/a><\/li><\/ul><\/div><\/div><div class=\"gt-title\"><a href=\"https:\/\/visitmarratxi.es\/de\/venue\/marratxinet\/\">Marratxinet<\/a><\/div><div class=\"gt-excerpt\">Marratxinet ist der \u00e4lteste Dorfkern der Gemeinde. Bis zum Ende des 17. Jahrhunderts galt er als Stadtkern, zu diesem Zeitpunkt begannen sich verschiedene Besitzt\u00fcmer zu etablieren, um die sich andere Siedlungen entwickelten. Mitte des 20. Jahrhunderts erhielt es aufgrund dieser...<\/div><\/div><\/div><\/div><div class=\"gt-col\"><div class=\"gt-inner\"><div class=\"gt-venue-style-1\"><div class=\"gt-image\"><a href=\"https:\/\/visitmarratxi.es\/de\/venue\/olleries\/\"><img loading=\"lazy\" decoding=\"async\" width=\"620\" height=\"400\" src=\"https:\/\/visitmarratxi.es\/wp-content\/uploads\/2022\/02\/Olleries-2-3.jpg\" class=\"attachment-eventchamp-event-list size-eventchamp-event-list wp-post-image\" alt=\"\" srcset=\"https:\/\/visitmarratxi.es\/wp-content\/uploads\/2022\/02\/Olleries-2-3.jpg 620w, https:\/\/visitmarratxi.es\/wp-content\/uploads\/2022\/02\/Olleries-2-3-300x194.jpg 300w, https:\/\/visitmarratxi.es\/wp-content\/uploads\/2022\/02\/Olleries-2-3-600x387.jpg 600w\" sizes=\"auto, (max-width: 620px) 100vw, 620px\" \/><\/a><div class=\"gt-location\"><ul><li><a href=\"https:\/\/visitmarratxi.es\/de\/location\/portol-de\/?post_type=venue\">P\u00f2rtol<\/a><\/li><\/ul><\/div><\/div><div class=\"gt-title\"><a href=\"https:\/\/visitmarratxi.es\/de\/venue\/olleries\/\">Poteries<\/a><\/div><div class=\"gt-excerpt\">Wussten Sie, dass die ersten T\u00f6pfe aus wei\u00dfem Ton und roter Erde hergestellt und zum Kochen und Konservieren von Lebensmitteln verwendet wurden? Es ist eine Tradition, die Jahrhundert f\u00fcr Jahrhundert \u00fcberdauert hat. Das Essen hat einen anderen Geschmack, wenn es...<\/div><\/div><\/div><\/div><div class=\"gt-col\"><div class=\"gt-inner\"><div class=\"gt-venue-style-1\"><div class=\"gt-image\"><a href=\"https:\/\/visitmarratxi.es\/de\/venue\/esglesies\/\"><img loading=\"lazy\" decoding=\"async\" width=\"620\" height=\"400\" src=\"https:\/\/visitmarratxi.es\/wp-content\/uploads\/2022\/02\/SantMarcal.jpg\" class=\"attachment-eventchamp-event-list size-eventchamp-event-list wp-post-image\" alt=\"\" srcset=\"https:\/\/visitmarratxi.es\/wp-content\/uploads\/2022\/02\/SantMarcal.jpg 620w, https:\/\/visitmarratxi.es\/wp-content\/uploads\/2022\/02\/SantMarcal-300x194.jpg 300w, https:\/\/visitmarratxi.es\/wp-content\/uploads\/2022\/02\/SantMarcal-600x387.jpg 600w\" sizes=\"auto, (max-width: 620px) 100vw, 620px\" \/><\/a><\/div><div class=\"gt-title\"><a href=\"https:\/\/visitmarratxi.es\/de\/venue\/esglesies\/\">Erbe<\/a><\/div><div class=\"gt-excerpt\">Wenn Sie eine Leidenschaft f\u00fcr Kunst oder Architektur haben, m\u00fcssen Sie die verschiedenen Kirchen von Marratx\u00ed besuchen. Jede von ihnen hat einen anderen Stil und eine Geschichte, die sie charakterisiert. Sant Mar\u00e7al, eine Kirche im Barockstil, in der die Skulptur...<\/div><\/div><\/div><\/div><div class=\"gt-col\"><div class=\"gt-inner\"><div class=\"gt-venue-style-1\"><div class=\"gt-image\"><a href=\"https:\/\/visitmarratxi.es\/de\/venue\/teatre\/\"><img loading=\"lazy\" decoding=\"async\" width=\"620\" height=\"400\" src=\"https:\/\/visitmarratxi.es\/wp-content\/uploads\/2022\/02\/Museu-del-Fang-4-1.jpg\" class=\"attachment-eventchamp-event-list size-eventchamp-event-list wp-post-image\" alt=\"\" srcset=\"https:\/\/visitmarratxi.es\/wp-content\/uploads\/2022\/02\/Museu-del-Fang-4-1.jpg 620w, https:\/\/visitmarratxi.es\/wp-content\/uploads\/2022\/02\/Museu-del-Fang-4-1-300x194.jpg 300w, https:\/\/visitmarratxi.es\/wp-content\/uploads\/2022\/02\/Museu-del-Fang-4-1-600x387.jpg 600w\" sizes=\"auto, (max-width: 620px) 100vw, 620px\" \/><\/a><div class=\"gt-location\"><ul><li><a href=\"https:\/\/visitmarratxi.es\/de\/location\/marratxi-de\/?post_type=venue\">Marratx\u00ed<\/a><\/li><\/ul><\/div><\/div><div class=\"gt-title\"><a href=\"https:\/\/visitmarratxi.es\/de\/venue\/teatre\/\">Museum Fang<\/a><\/div><div class=\"gt-excerpt\">Eine Getreidem\u00fchle ist das Geb\u00e4ude, in dem sich das Museu del Fang. Diese Einrichtung wurde 1977 von der Stadtverwaltung von Marratx\u00ed erworben, aber erst 2002 wurde sie renoviert und als Fang-Museum er\u00f6ffnet. Ein Raum mit viel Geschichte, der heute die...<\/div><\/div><\/div><\/div><div class=\"gt-col\"><div class=\"gt-inner\"><div class=\"gt-venue-style-1\"><div class=\"gt-image\"><a href=\"https:\/\/visitmarratxi.es\/de\/venue\/bar\/\"><img loading=\"lazy\" decoding=\"async\" width=\"620\" height=\"400\" src=\"https:\/\/visitmarratxi.es\/wp-content\/uploads\/2022\/02\/img_4355_escorxador_foto-1.jpg\" class=\"attachment-eventchamp-event-list size-eventchamp-event-list wp-post-image\" alt=\"\" srcset=\"https:\/\/visitmarratxi.es\/wp-content\/uploads\/2022\/02\/img_4355_escorxador_foto-1.jpg 620w, https:\/\/visitmarratxi.es\/wp-content\/uploads\/2022\/02\/img_4355_escorxador_foto-1-300x194.jpg 300w, https:\/\/visitmarratxi.es\/wp-content\/uploads\/2022\/02\/img_4355_escorxador_foto-1-600x387.jpg 600w\" sizes=\"auto, (max-width: 620px) 100vw, 620px\" \/><\/a><div class=\"gt-location\"><ul><li><a href=\"https:\/\/visitmarratxi.es\/de\/location\/marratxi-de\/?post_type=venue\">Marratx\u00ed<\/a><\/li><\/ul><\/div><\/div><div class=\"gt-title\"><a href=\"https:\/\/visitmarratxi.es\/de\/venue\/bar\/\">Kulturzentrum s\u2019Escorxador<\/a><\/div><div class=\"gt-excerpt\">S&#8217;Escorxador ist ein Raum, der vom Rathaus, insbesondere als Zentrum f\u00fcr Kunstausstellungen, wiederhergestellt wurde. Hier finden Sie auch die Keramikschule.<\/div><\/div><\/div><\/div><\/div><\/div>[\/vc_column][\/vc_row]<\/p>\n<\/div>","protected":false},"excerpt":{"rendered":"<p>[vc_row][vc_column][\/vc_column][\/vc_row][vc_row][vc_column][vc_empty_space height=&#8220;100px&#8220;][\/vc_column][\/vc_row][vc_row][vc_column][\/vc_column][\/vc_row]<\/p>\n","protected":false},"author":6,"featured_media":0,"parent":0,"menu_order":0,"comment_status":"closed","ping_status":"closed","template":"","meta":{"footnotes":""},"class_list":["post-10846","page","type-page","status-publish","hentry"],"_links":{"self":[{"href":"https:\/\/visitmarratxi.es\/de\/wp-json\/wp\/v2\/pages\/10846","targetHints":{"allow":["GET"]}}],"collection":[{"href":"https:\/\/visitmarratxi.es\/de\/wp-json\/wp\/v2\/pages"}],"about":[{"href":"https:\/\/visitmarratxi.es\/de\/wp-json\/wp\/v2\/types\/page"}],"author":[{"embeddable":true,"href":"https:\/\/visitmarratxi.es\/de\/wp-json\/wp\/v2\/users\/6"}],"replies":[{"embeddable":true,"href":"https:\/\/visitmarratxi.es\/de\/wp-json\/wp\/v2\/comments?post=10846"}],"version-history":[{"count":2,"href":"https:\/\/visitmarratxi.es\/de\/wp-json\/wp\/v2\/pages\/10846\/revisions"}],"predecessor-version":[{"id":10964,"href":"https:\/\/visitmarratxi.es\/de\/wp-json\/wp\/v2\/pages\/10846\/revisions\/10964"}],"wp:attachment":[{"href":"https:\/\/visitmarratxi.es\/de\/wp-json\/wp\/v2\/media?parent=10846"}],"curies":[{"name":"wp","href":"https:\/\/api.w.org\/{rel}","templated":true}]}}