{"id":10867,"date":"2021-12-23T10:27:37","date_gmt":"2021-12-23T08:27:37","guid":{"rendered":"https:\/\/marratxiesviu.es\/triar\/"},"modified":"2024-05-09T13:49:59","modified_gmt":"2024-05-09T11:49:59","slug":"triar","status":"publish","type":"page","link":"https:\/\/visitmarratxi.es\/de\/triar\/","title":{"rendered":"Tagebuch"},"content":{"rendered":"<div class=\"wpb-content-wrapper\"><p>[vc_row][vc_column]<div class=\"gt-heading gt-dark gt-size1 gt-align-center\"><div class=\"gt-title\">TAGEBUCH<\/div><div class=\"gt-separate\"><div class=\"gt-icon\"> <\/div><\/div><div class=\"gt-text\">Was w\u00fcrdest Sie gerne machen? Langeweile ist ein Wort, das es in Marratx\u00ed nicht gibt. Weil Marratx\u00ed \u00e9s viu (lebt)! Jetzt k\u00f6nnen Sie w\u00e4hlen, welche Aktivit\u00e4t Ihnen am meisten zusagt, und werden \u00fcber alles informiert, was in jeder Stadt auf dem Programm steht. Sind Sie bereit?<\/div><\/div>[\/vc_column][\/vc_row][vc_row][vc_column][vc_empty_space height=&#8220;100px&#8220;]<div class=\"gt-event-listing\"><div class=\"gt-columns gt-column-3\"><\/div><\/div>[vc_empty_space height=&#8220;100px&#8220;][\/vc_column][\/vc_row][vc_row][vc_column][vc_empty_space height=&#8220;50px&#8220;][vc_single_image image=&#8220;8828&#8243; img_size=&#8220;full&#8220; alignment=&#8220;center&#8220; onclick=&#8220;custom_link&#8220; img_link_target=&#8220;_blank&#8220; link=&#8220;https:\/\/espaijove.marratxi.es\/&#8220;][\/vc_column][\/vc_row]<\/p>\n<\/div>","protected":false},"excerpt":{"rendered":"<p>[vc_row][vc_column][\/vc_column][\/vc_row][vc_row][vc_column][vc_empty_space height=&#8220;100px&#8220;][vc_empty_space height=&#8220;100px&#8220;][\/vc_column][\/vc_row][vc_row][vc_column][vc_empty_space height=&#8220;50px&#8220;][vc_single_image image=&#8220;8828&#8243; img_size=&#8220;full&#8220; alignment=&#8220;center&#8220; onclick=&#8220;custom_link&#8220; img_link_target=&#8220;_blank&#8220; link=&#8220;https:\/\/espaijove.marratxi.es\/&#8220;][\/vc_column][\/vc_row]<\/p>\n","protected":false},"author":6,"featured_media":0,"parent":0,"menu_order":0,"comment_status":"closed","ping_status":"closed","template":"","meta":{"footnotes":""},"class_list":["post-10867","page","type-page","status-publish","hentry"],"_links":{"self":[{"href":"https:\/\/visitmarratxi.es\/de\/wp-json\/wp\/v2\/pages\/10867","targetHints":{"allow":["GET"]}}],"collection":[{"href":"https:\/\/visitmarratxi.es\/de\/wp-json\/wp\/v2\/pages"}],"about":[{"href":"https:\/\/visitmarratxi.es\/de\/wp-json\/wp\/v2\/types\/page"}],"author":[{"embeddable":true,"href":"https:\/\/visitmarratxi.es\/de\/wp-json\/wp\/v2\/users\/6"}],"replies":[{"embeddable":true,"href":"https:\/\/visitmarratxi.es\/de\/wp-json\/wp\/v2\/comments?post=10867"}],"version-history":[{"count":4,"href":"https:\/\/visitmarratxi.es\/de\/wp-json\/wp\/v2\/pages\/10867\/revisions"}],"predecessor-version":[{"id":12395,"href":"https:\/\/visitmarratxi.es\/de\/wp-json\/wp\/v2\/pages\/10867\/revisions\/12395"}],"wp:attachment":[{"href":"https:\/\/visitmarratxi.es\/de\/wp-json\/wp\/v2\/media?parent=10867"}],"curies":[{"name":"wp","href":"https:\/\/api.w.org\/{rel}","templated":true}]}}