{"id":10869,"date":"2021-12-23T10:25:11","date_gmt":"2021-12-23T08:25:11","guid":{"rendered":"https:\/\/marratxiesviu.es\/arribar\/"},"modified":"2024-04-29T13:00:09","modified_gmt":"2024-04-29T11:00:09","slug":"arribar","status":"publish","type":"page","link":"https:\/\/visitmarratxi.es\/de\/arribar\/","title":{"rendered":"Ankommen"},"content":{"rendered":"<div class=\"wpb-content-wrapper\"><p>[vc_row][vc_column]<div class=\"gt-heading gt-dark gt-size1 gt-align-center\"><div class=\"gt-title\">BEV\u00d6LKERUNG VON MARRATX\u00cd<\/div><div class=\"gt-separate\"><div class=\"gt-icon\"> <\/div><\/div><div class=\"gt-text\">Marratx\u00ed ist eine Stadt mit 5 verschiedenen Zentren, von denen jedes seine eigenen Besonderheiten, touristischen Attraktionen und Aktivit\u00e4ten bietet. Hier finden Sie alle Informationen, um jedes Zentrum zu erreichen. Wie m\u00f6chten Sie reisen?<\/div><\/div>[\/vc_column][\/vc_row][vc_row][vc_column][vc_empty_space height=&#8220;100px&#8220;][\/vc_column][\/vc_row][vc_row][vc_column width=&#8220;1\/2&#8243;][vc_column_text]<\/p>\n<h2 class=\"fusion-responsive-typography-calculated\" data-fontsize=\"18\" data-lineheight=\"27px\"><b>\u00d6ffentliche Verkehrsmittel:<\/b><\/h2>\n<p>Wenn Sie vom Hafen oder Flughafen kommen, m\u00fcssen Sie die Linie 1 der EMT bis zur Plaza Espa\u00f1a nehmen. Sobald Sie hier angekommen sind, m\u00fcssen Sie den intermodalen Bahnhof betreten, wo Sie umsteigen k\u00f6nnen auf:<br \/>\n\u2013 Bahnlinien T1, T2 oder T3.<br \/>\n\u2013 Buslinien 3 der EMT und 302 und 400 der TIB.<br \/>\n\u2013 TIB-Linie 301.<\/p>\n<p>Weitere Informationen finden Sie auf den folgenden Seiten:<br \/>\n\u2013 <a href=\"https:\/\/www.emtpalma.cat\/ca\/inici\" target=\"_blank\" rel=\"noopener\">www.emtpalma.cat<\/a><br \/>\n\u2013 <a href=\"https:\/\/www.tib.org\/web\/ctm\/\" target=\"_blank\" rel=\"noopener\">www.tib.org<\/a>[\/vc_column_text][\/vc_column][vc_column width=&#8220;1\/2&#8243;][vc_column_text]<\/p>\n<h2 class=\"fusion-responsive-typography-calculated\" data-fontsize=\"18\" data-lineheight=\"27px\"><b>Privater Transport:<\/b><\/h2>\n<p>Um von Palma nach Marratx\u00ed zu gelangen, m\u00fcssen Sie die Autobahn Mi-13 in Richtung Inca an den folgenden Ausfahrten nehmen:<\/p>\n<p>\u2013 Ausfahrt 3: Sa Cabana.<br \/>\n\u2013 Ausfahrt 4: Es Pont d\u2019Inca und Einkaufszentrum.<br \/>\n\u2013 Ausfahrt 7: Sa Cabaneta und Es Ca\u00fclls.<br \/>\n\u2013 Ausfahrt 8: Sa Cabaneta und Einkaufszentrum.<br \/>\n\u2013 Ausfahrt 12: P\u00f2rtol.[\/vc_column_text][\/vc_column][\/vc_row][vc_row][vc_column][vc_empty_space height=&#8220;100px&#8220;][\/vc_column][\/vc_row][vc_row][vc_column width=&#8220;1\/2&#8243;][vc_single_image image=&#8220;8283&#8243; img_size=&#8220;large&#8220; alignment=&#8220;center&#8220; title=&#8220;BUS EMT&#8220;][vc_column_text]<\/p>\n<p style=\"text-align: left;\"><a href=\"https:\/\/www.emtpalma.cat\/ca\/inici\" target=\"_blank\" rel=\"noopener\">In Marratx\u00ed k\u00f6nnen Sie die EMT nehmen. Erkundigen Sie sich nach Fahrpl\u00e4nen und Linien, um sich mit \u00f6ffentlichen Verkehrsmitteln fortzubewegen und das Auto stehen zu lassen.<\/a><\/p>\n<p>[\/vc_column_text][vc_single_image image=&#8220;8427&#8243; img_size=&#8220;large&#8220; alignment=&#8220;center&#8220; title=&#8220;ZUG&#8220;][vc_column_text]<a href=\"https:\/\/www.tib.org\/es\/web\/ctm\" target=\"_blank\" rel=\"noopener\">In Marratx\u00ed gibt es vier Haltestellen des SFM, die Marratx\u00ed mit Palma, Inca und Sa Pobla verbinden.<\/a>[\/vc_column_text][\/vc_column][vc_column width=&#8220;1\/2&#8243;][vc_single_image image=&#8220;8304&#8243; img_size=&#8220;large&#8220; alignment=&#8220;center&#8220; title=&#8220;BUS TIB&#8220;][vc_column_text]<a href=\"https:\/\/www.tib.org\/es\/web\/ctm\" target=\"_blank\" rel=\"noopener\">In Marratx\u00ed k\u00f6nnen Sie den TIB nehmen. Erkundigen Sie sich nach Fahrpl\u00e4nen und Linien, um sich mit \u00f6ffentlichen Verkehrsmitteln fortzubewegen und das Auto stehen zu lassen.<\/a>[\/vc_column_text][vc_single_image image=&#8220;8313&#8243; img_size=&#8220;large&#8220; alignment=&#8220;center&#8220; title=&#8220;RADWEG&#8220;][vc_column_text]<a href=\"https:\/\/ajuntament.marratxi.es\/marratxi-i-palma-mes-a-prop-amb-el-nou-vial-per-a-cicles-i-vianants-que-uneix-sa-cabana-i-son-cladera\/\" target=\"_blank\" rel=\"noopener\">Sie k\u00f6nnen von Palma nach Marratx\u00ed mit dem Fahrrad fahren oder zu Fu\u00df gehen. \u00dcber den Radweg, parallel zur Dt-13 von Kilometer 1,9 bis 2,7, am rechten Ufer, verbindet er die Stadtteile Son Cladera (Palma) und Sa Cabana (Marratx\u00ed).<\/a>[\/vc_column_text][\/vc_column][\/vc_row][vc_row][vc_column][vc_empty_space height=&#8220;100px&#8220;][\/vc_column][\/vc_row][vc_row][vc_column][vc_gmaps link=&#8220;#E-8_JTNDaWZyYW1lJTIwc3JjJTNEJTIyaHR0cHMlM0ElMkYlMkZ3d3cuZ29vZ2xlLmNvbSUyRm1hcHMlMkZlbWJlZCUzRnBiJTNEJTIxMW0xOCUyMTFtMTIlMjExbTMlMjExZDQ1MDEwLjQwMDU3NTQzMzkzJTIxMmQyLjY5MTMyMzA4MjQ3NTM5NjQlMjEzZDM5LjYyMTQyOTAzODU3NjU1JTIxMm0zJTIxMWYwJTIxMmYwJTIxM2YwJTIxM20yJTIxMWkxMDI0JTIxMmk3NjglMjE0ZjEzLjElMjEzbTMlMjExbTIlMjExczB4MTI5N2ViMmM5OWJlMWFiOSUyNTNBMHg0MDJhZjZlZDcyMjAwMTAlMjEyc01hcnJhY2glMjVDMyUyNUFEJTI1MkMlMjUyMDA3MTQxJTI1MkMlMjUyMElsbGVzJTI1MjBCYWxlYXJzJTIxNWUxJTIxM20yJTIxMXNlcyUyMTJzZXMlMjE0djE3MTQzODY5NDM2NTclMjE1bTIlMjExc2VzJTIxMnNlcyUyMiUyMHdpZHRoJTNEJTIyNjAwJTIyJTIwaGVpZ2h0JTNEJTIyNDUwJTIyJTIwc3R5bGUlM0QlMjJib3JkZXIlM0EwJTNCJTIyJTIwYWxsb3dmdWxsc2NyZWVuJTNEJTIyJTIyJTIwbG9hZGluZyUzRCUyMmxhenklMjIlMjByZWZlcnJlcnBvbGljeSUzRCUyMm5vLXJlZmVycmVyLXdoZW4tZG93bmdyYWRlJTIyJTNFJTNDJTJGaWZyYW1lJTNF&#8220; title=&#8220;Karte&#8220;][\/vc_column][\/vc_row]<\/p>\n<\/div>","protected":false},"excerpt":{"rendered":"<p>[vc_row][vc_column][\/vc_column][\/vc_row][vc_row][vc_column][vc_empty_space height=&#8220;100px&#8220;][\/vc_column][\/vc_row][vc_row][vc_column width=&#8220;1\/2&#8243;][vc_column_text] \u00d6ffentliche Verkehrsmittel: Wenn Sie vom Hafen oder Flughafen kommen, m\u00fcssen Sie die Linie 1 der EMT bis zur Plaza Espa\u00f1a nehmen. Sobald Sie hier angekommen sind, m\u00fcssen Sie den intermodalen Bahnhof betreten, wo Sie umsteigen k\u00f6nnen auf:&#8230;<\/p>\n","protected":false},"author":6,"featured_media":0,"parent":0,"menu_order":0,"comment_status":"closed","ping_status":"closed","template":"","meta":{"footnotes":""},"class_list":["post-10869","page","type-page","status-publish","hentry"],"_links":{"self":[{"href":"https:\/\/visitmarratxi.es\/de\/wp-json\/wp\/v2\/pages\/10869","targetHints":{"allow":["GET"]}}],"collection":[{"href":"https:\/\/visitmarratxi.es\/de\/wp-json\/wp\/v2\/pages"}],"about":[{"href":"https:\/\/visitmarratxi.es\/de\/wp-json\/wp\/v2\/types\/page"}],"author":[{"embeddable":true,"href":"https:\/\/visitmarratxi.es\/de\/wp-json\/wp\/v2\/users\/6"}],"replies":[{"embeddable":true,"href":"https:\/\/visitmarratxi.es\/de\/wp-json\/wp\/v2\/comments?post=10869"}],"version-history":[{"count":5,"href":"https:\/\/visitmarratxi.es\/de\/wp-json\/wp\/v2\/pages\/10869\/revisions"}],"predecessor-version":[{"id":12200,"href":"https:\/\/visitmarratxi.es\/de\/wp-json\/wp\/v2\/pages\/10869\/revisions\/12200"}],"wp:attachment":[{"href":"https:\/\/visitmarratxi.es\/de\/wp-json\/wp\/v2\/media?parent=10869"}],"curies":[{"name":"wp","href":"https:\/\/api.w.org\/{rel}","templated":true}]}}