{"id":11514,"date":"2023-06-15T13:46:28","date_gmt":"2023-06-15T11:46:28","guid":{"rendered":"https:\/\/marratxiesviu.es\/?page_id=11514"},"modified":"2023-06-15T15:12:26","modified_gmt":"2023-06-15T13:12:26","slug":"verkostung-und-einkaufen","status":"publish","type":"page","link":"https:\/\/visitmarratxi.es\/de\/verkostung-und-einkaufen\/","title":{"rendered":"Verkostung und Einkaufen"},"content":{"rendered":"<div class=\"wpb-content-wrapper\"><p>[vc_row][vc_column]<div class=\"gt-heading gt-dark gt-size1 gt-align-center\"><div class=\"gt-title\">Probieren  <span>und Einkaufen<\/span><\/div><div class=\"gt-separate\"><div class=\"gt-icon\"> <\/div><\/div><\/div>[\/vc_column][\/vc_row][vc_row][vc_column][vc_empty_space height=&#8220;100px&#8220;][\/vc_column][\/vc_row][vc_row][vc_column]<div class=\"gt-venue-listing\"><div class=\"gt-columns gt-column-2\"><div class=\"gt-col\"><div class=\"gt-inner\"><div class=\"gt-venue-style-1\"><div class=\"gt-image\"><a href=\"https:\/\/visitmarratxi.es\/de\/venue\/125-jahrestag-von-es-forn-del-pla-de-na-tesa\/\"><img loading=\"lazy\" decoding=\"async\" width=\"800\" height=\"579\" src=\"https:\/\/visitmarratxi.es\/wp-content\/uploads\/2024\/06\/esforn_pladenatesa-800x579.jpg\" class=\"attachment-eventchamp-event-list size-eventchamp-event-list wp-post-image\" alt=\"\" \/><\/a><div class=\"gt-location\"><ul><li><a href=\"https:\/\/visitmarratxi.es\/de\/location\/cami-de-son-alegre-5\/?post_type=venue\">Cam\u00ed de Son Alegre<\/a><\/li><li><a href=\"https:\/\/visitmarratxi.es\/de\/location\/marratxi-de\/?post_type=venue\">Marratx\u00ed<\/a><\/li><\/ul><\/div><\/div><div class=\"gt-title\"><a href=\"https:\/\/visitmarratxi.es\/de\/venue\/125-jahrestag-von-es-forn-del-pla-de-na-tesa\/\">125. Jahrestag von &#8222;es Forn&#8220; del Pla de na Tesa<\/a><\/div><div class=\"gt-excerpt\">GESCHICHTE Die Mauern des Forn del Pla de na Tesa bewahren 125 Jahre einer reichen Familiengeschichte, die Generation f\u00fcr Generation Tradition und handwerkliche Exzellenz bewahrt hat und zu einem symboltr\u00e4chtigen Unternehmen f\u00fcr die Gemeinde Marratx\u00ed geworden ist. Am 1. Juli...<\/div><\/div><\/div><\/div><div class=\"gt-col\"><div class=\"gt-inner\"><div class=\"gt-venue-style-1\"><div class=\"gt-image\"><a href=\"https:\/\/visitmarratxi.es\/de\/venue\/ceramica-de-marratxi\/\"><img loading=\"lazy\" decoding=\"async\" width=\"620\" height=\"400\" src=\"https:\/\/visitmarratxi.es\/wp-content\/uploads\/2022\/04\/anne-nygard-P7X0np30w30-unsplash-1.jpg\" class=\"attachment-eventchamp-event-list size-eventchamp-event-list wp-post-image\" alt=\"\" srcset=\"https:\/\/visitmarratxi.es\/wp-content\/uploads\/2022\/04\/anne-nygard-P7X0np30w30-unsplash-1.jpg 620w, https:\/\/visitmarratxi.es\/wp-content\/uploads\/2022\/04\/anne-nygard-P7X0np30w30-unsplash-1-300x194.jpg 300w, https:\/\/visitmarratxi.es\/wp-content\/uploads\/2022\/04\/anne-nygard-P7X0np30w30-unsplash-1-600x387.jpg 600w\" sizes=\"auto, (max-width: 620px) 100vw, 620px\" \/><\/a><div class=\"gt-location\"><ul><li><a href=\"https:\/\/visitmarratxi.es\/de\/location\/cabaneta-de\/?post_type=venue\">Cabaneta<\/a><\/li><li><a href=\"https:\/\/visitmarratxi.es\/de\/location\/marratxi-de\/?post_type=venue\">Marratx\u00ed<\/a><\/li><li><a href=\"https:\/\/visitmarratxi.es\/de\/location\/portol-de\/?post_type=venue\">P\u00f2rtol<\/a><\/li><\/ul><\/div><\/div><div class=\"gt-title\"><a href=\"https:\/\/visitmarratxi.es\/de\/venue\/ceramica-de-marratxi\/\">Cer\u00e0mica de Marratx\u00ed<\/a><\/div><div class=\"gt-excerpt\">Die repr\u00e4sentativste Wahl der Gemeinde Marratx\u00ed ist die Keramik, eine Tradition, die dank der heutigen Hersteller noch immer lebendig ist. Nachfolgend finden Sie eine Liste der Keramiker aus Marratx\u00ed: Wenn auch Sie den Umgang mit Ton erlernen m\u00f6chten, k\u00f6nnen Sie...<\/div><\/div><\/div><\/div><div class=\"gt-col\"><div class=\"gt-inner\"><div class=\"gt-venue-style-1\"><div class=\"gt-image\"><a href=\"https:\/\/visitmarratxi.es\/de\/venue\/forns-i-pastisseries-tradicionals\/\"><img loading=\"lazy\" decoding=\"async\" width=\"952\" height=\"579\" src=\"https:\/\/visitmarratxi.es\/wp-content\/uploads\/2022\/02\/DSC07512-952x579.jpg\" class=\"attachment-eventchamp-event-list size-eventchamp-event-list wp-post-image\" alt=\"\" srcset=\"https:\/\/visitmarratxi.es\/wp-content\/uploads\/2022\/02\/DSC07512-952x579.jpg 952w, https:\/\/visitmarratxi.es\/wp-content\/uploads\/2022\/02\/DSC07512-130x80.jpg 130w\" sizes=\"auto, (max-width: 952px) 100vw, 952px\" \/><\/a><div class=\"gt-location\"><ul><li><a href=\"https:\/\/visitmarratxi.es\/de\/location\/cabaneta-de\/?post_type=venue\">Cabaneta<\/a><\/li><li><a href=\"https:\/\/visitmarratxi.es\/de\/location\/marratxi-de\/?post_type=venue\">Marratx\u00ed<\/a><\/li><li><a href=\"https:\/\/visitmarratxi.es\/de\/location\/pla-de-na-tesa-de\/?post_type=venue\">Pla de na Tesa<\/a><\/li><li><a href=\"https:\/\/visitmarratxi.es\/de\/location\/pont-dinca-de\/?post_type=venue\">Pont d&#8217;Inca<\/a><\/li><li><a href=\"https:\/\/visitmarratxi.es\/de\/location\/portol-de\/?post_type=venue\">P\u00f2rtol<\/a><\/li><\/ul><\/div><\/div><div class=\"gt-title\"><a href=\"https:\/\/visitmarratxi.es\/de\/venue\/forns-i-pastisseries-tradicionals\/\">Emblematische Gesch\u00e4fte<\/a><\/div><div class=\"gt-excerpt\">Die emblematischen Gesch\u00e4fte sind Symbol und Ausdruck der Identit\u00e4t von Marratx\u00ed, Einrichtungen, die es verstanden haben, den Lauf der Zeit zu \u00fcberwinden. Aus diesem Grund m\u00f6chten wir dazu beitragen, Ihr Wissen zu erweitern, da sie Teil der Geschichte der Gemeinde...<\/div><\/div><\/div><\/div><div class=\"gt-col\"><div class=\"gt-inner\"><div class=\"gt-venue-style-1\"><div class=\"gt-image\"><a href=\"https:\/\/visitmarratxi.es\/de\/venue\/ron-amazonas\/\"><img loading=\"lazy\" decoding=\"async\" width=\"620\" height=\"400\" src=\"https:\/\/visitmarratxi.es\/wp-content\/uploads\/2022\/03\/620x400-Amazona.jpg\" class=\"attachment-eventchamp-event-list size-eventchamp-event-list wp-post-image\" alt=\"\" srcset=\"https:\/\/visitmarratxi.es\/wp-content\/uploads\/2022\/03\/620x400-Amazona.jpg 620w, https:\/\/visitmarratxi.es\/wp-content\/uploads\/2022\/03\/620x400-Amazona-300x194.jpg 300w, https:\/\/visitmarratxi.es\/wp-content\/uploads\/2022\/03\/620x400-Amazona-600x387.jpg 600w\" sizes=\"auto, (max-width: 620px) 100vw, 620px\" \/><\/a><div class=\"gt-location\"><ul><li><a href=\"https:\/\/visitmarratxi.es\/de\/location\/marratxi-de\/?post_type=venue\">Marratx\u00ed<\/a><\/li><\/ul><\/div><\/div><div class=\"gt-title\"><a href=\"https:\/\/visitmarratxi.es\/de\/venue\/ron-amazonas\/\">Rum Amazona<\/a><\/div><div class=\"gt-excerpt\">Der s\u00fc\u00dfe Rum ist eines der typischsten Getr\u00e4nke Mallorcas und wird in Marratx\u00ed seit 1982 dank der Firma Limsa hergestellt. Ein Unternehmen mit langer Tradition, das Anis, Lik\u00f6re und Rum herstellt. Heute produzieren sie mehr als 120.000 Liter pro Jahr...<\/div><\/div><\/div><\/div><div class=\"gt-col\"><div class=\"gt-inner\"><div class=\"gt-venue-style-1\"><div class=\"gt-image\"><a href=\"https:\/\/visitmarratxi.es\/de\/venue\/bodegues-tunel\/\"><img loading=\"lazy\" decoding=\"async\" width=\"620\" height=\"400\" src=\"https:\/\/visitmarratxi.es\/wp-content\/uploads\/2022\/03\/620x400-Tunel.jpg\" class=\"attachment-eventchamp-event-list size-eventchamp-event-list wp-post-image\" alt=\"\" srcset=\"https:\/\/visitmarratxi.es\/wp-content\/uploads\/2022\/03\/620x400-Tunel.jpg 620w, https:\/\/visitmarratxi.es\/wp-content\/uploads\/2022\/03\/620x400-Tunel-300x194.jpg 300w, https:\/\/visitmarratxi.es\/wp-content\/uploads\/2022\/03\/620x400-Tunel-600x387.jpg 600w\" sizes=\"auto, (max-width: 620px) 100vw, 620px\" \/><\/a><div class=\"gt-location\"><ul><li><a href=\"https:\/\/visitmarratxi.es\/de\/location\/marratxi-de\/?post_type=venue\">Marratx\u00ed<\/a><\/li><\/ul><\/div><\/div><div class=\"gt-title\"><a href=\"https:\/\/visitmarratxi.es\/de\/venue\/bodegues-tunel\/\">Kr\u00e4uter T\u00fanel<\/a><\/div><div class=\"gt-excerpt\">Distribuciones T\u00fanel, fr\u00fcher bekannt als Bodegas T\u00fanel, ist ein Familienunternehmen f\u00fcr den Vertrieb von Weinen und Spirituosen, das 1986 gegr\u00fcndet wurde und sich in Marratx\u00ed befindet. Es hat sich zu einem der gr\u00f6\u00dften Distributoren auf den Balearen entwickelt. Kr\u00e4uter, getrocknet,...<\/div><\/div><\/div><\/div><div class=\"gt-col\"><div class=\"gt-inner\"><div class=\"gt-venue-style-1\"><div class=\"gt-image\"><a href=\"https:\/\/visitmarratxi.es\/de\/venue\/bodegues-suau\/\"><img loading=\"lazy\" decoding=\"async\" width=\"620\" height=\"400\" src=\"https:\/\/visitmarratxi.es\/wp-content\/uploads\/2022\/03\/12.jpg\" class=\"attachment-eventchamp-event-list size-eventchamp-event-list wp-post-image\" alt=\"\" srcset=\"https:\/\/visitmarratxi.es\/wp-content\/uploads\/2022\/03\/12.jpg 620w, https:\/\/visitmarratxi.es\/wp-content\/uploads\/2022\/03\/12-300x194.jpg 300w, https:\/\/visitmarratxi.es\/wp-content\/uploads\/2022\/03\/12-600x387.jpg 600w\" sizes=\"auto, (max-width: 620px) 100vw, 620px\" \/><\/a><div class=\"gt-location\"><ul><li><a href=\"https:\/\/visitmarratxi.es\/de\/location\/marratxi-de\/?post_type=venue\">Marratx\u00ed<\/a><\/li><\/ul><\/div><\/div><div class=\"gt-title\"><a href=\"https:\/\/visitmarratxi.es\/de\/venue\/bodegues-suau\/\">Bodegues Suau<\/a><\/div><div class=\"gt-excerpt\">Brandy zusammen mit Premium-Gin sind die Flaggschiff-Produkte von Bodegues Suau. Weing\u00fcter, die auf Innovation setzen. Seine neueste Kreation ist ein 8-j\u00e4hriger Brandy mit einem Hauch von mazerierten Orangen. Ein einzigartiger Geschmack, der in den USA sehr gefragt ist. Ihre Geschichte...<\/div><\/div><\/div><\/div><div class=\"gt-col\"><div class=\"gt-inner\"><div class=\"gt-venue-style-1\"><div class=\"gt-image\"><a href=\"https:\/\/visitmarratxi.es\/de\/venue\/savenc\/\"><img loading=\"lazy\" decoding=\"async\" width=\"620\" height=\"400\" src=\"https:\/\/visitmarratxi.es\/wp-content\/uploads\/2022\/03\/SAvenc.jpg\" class=\"attachment-eventchamp-event-list size-eventchamp-event-list wp-post-image\" alt=\"\" srcset=\"https:\/\/visitmarratxi.es\/wp-content\/uploads\/2022\/03\/SAvenc.jpg 620w, https:\/\/visitmarratxi.es\/wp-content\/uploads\/2022\/03\/SAvenc-300x194.jpg 300w, https:\/\/visitmarratxi.es\/wp-content\/uploads\/2022\/03\/SAvenc-600x387.jpg 600w\" sizes=\"auto, (max-width: 620px) 100vw, 620px\" \/><\/a><div class=\"gt-location\"><ul><li><a href=\"https:\/\/visitmarratxi.es\/de\/location\/marratxi-de\/?post_type=venue\">Marratx\u00ed<\/a><\/li><\/ul><\/div><\/div><div class=\"gt-title\"><a href=\"https:\/\/visitmarratxi.es\/de\/venue\/savenc\/\">S\u2019Avenc<\/a><\/div><div class=\"gt-excerpt\">Dank der griechischen Zivilisation ist Honig Teil der Gastronomie Mallorcas. Ein Verm\u00e4chtnis, das uns zu unserer gesch\u00e4tzten mediterranen Ern\u00e4hrung gef\u00fchrt hat.<\/div><\/div><\/div><\/div><div class=\"gt-col\"><div class=\"gt-inner\"><div class=\"gt-venue-style-1\"><div class=\"gt-image\"><a href=\"https:\/\/visitmarratxi.es\/de\/venue\/flor-dametler\/\"><img loading=\"lazy\" decoding=\"async\" width=\"620\" height=\"400\" src=\"https:\/\/visitmarratxi.es\/wp-content\/uploads\/2022\/03\/Flor-d-Ametler.jpg\" class=\"attachment-eventchamp-event-list size-eventchamp-event-list wp-post-image\" alt=\"\" srcset=\"https:\/\/visitmarratxi.es\/wp-content\/uploads\/2022\/03\/Flor-d-Ametler.jpg 620w, https:\/\/visitmarratxi.es\/wp-content\/uploads\/2022\/03\/Flor-d-Ametler-300x194.jpg 300w, https:\/\/visitmarratxi.es\/wp-content\/uploads\/2022\/03\/Flor-d-Ametler-600x387.jpg 600w\" sizes=\"auto, (max-width: 620px) 100vw, 620px\" \/><\/a><div class=\"gt-location\"><ul><li><a href=\"https:\/\/visitmarratxi.es\/de\/location\/marratxi-de\/?post_type=venue\">Marratx\u00ed<\/a><\/li><\/ul><\/div><\/div><div class=\"gt-title\"><a href=\"https:\/\/visitmarratxi.es\/de\/venue\/flor-dametler\/\">Flor d&#8217;Ametler, la parfum de Majorque<\/a><\/div><div class=\"gt-excerpt\">Der Mallorquiner Bernat Vallori hatte die Idee, ein Parf\u00fcm mit dem Duft von Mandelb\u00e4umen zu kreieren, wie es seine Mutter und seine Patin bereits getan hatten, um ihre eigenen Parfums herzustellen. Der Sch\u00f6pfer wollte den charakteristischen Geruch der bl\u00fchenden Mandelb\u00e4ume...<\/div><\/div><\/div><\/div><div class=\"gt-col\"><div class=\"gt-inner\"><div class=\"gt-venue-style-1\"><div class=\"gt-image\"><a href=\"https:\/\/visitmarratxi.es\/de\/venue\/fang-cuina\/\"><img loading=\"lazy\" decoding=\"async\" width=\"620\" height=\"400\" src=\"https:\/\/visitmarratxi.es\/wp-content\/uploads\/2022\/02\/Fang-Cuina-2-1.jpg\" class=\"attachment-eventchamp-event-list size-eventchamp-event-list wp-post-image\" alt=\"\" srcset=\"https:\/\/visitmarratxi.es\/wp-content\/uploads\/2022\/02\/Fang-Cuina-2-1.jpg 620w, https:\/\/visitmarratxi.es\/wp-content\/uploads\/2022\/02\/Fang-Cuina-2-1-300x194.jpg 300w, https:\/\/visitmarratxi.es\/wp-content\/uploads\/2022\/02\/Fang-Cuina-2-1-600x387.jpg 600w\" sizes=\"auto, (max-width: 620px) 100vw, 620px\" \/><\/a><div class=\"gt-location\"><ul><li><a href=\"https:\/\/visitmarratxi.es\/de\/location\/marratxi-de\/?post_type=venue\">Marratx\u00ed<\/a><\/li><\/ul><\/div><\/div><div class=\"gt-title\"><a href=\"https:\/\/visitmarratxi.es\/de\/venue\/fang-cuina\/\">Fang Cuina<\/a><\/div><div class=\"gt-excerpt\">Ausstellung f\u00fcr Gastronomie und Keramik in Marratx\u00ed. Fang Cuina ist eine Initiative, um die K\u00fcche von Marratx\u00ed in Kombination mit Schlamm bekannt zu machen. Wagen Sie es, eines dieser Rezepte auszuprobieren?<\/div><\/div><\/div><\/div><div class=\"gt-col\"><div class=\"gt-inner\"><div class=\"gt-venue-style-1\"><div class=\"gt-image\"><a href=\"https:\/\/visitmarratxi.es\/de\/venue\/menjador\/\"><img loading=\"lazy\" decoding=\"async\" width=\"620\" height=\"400\" src=\"https:\/\/visitmarratxi.es\/wp-content\/uploads\/2018\/11\/5.-Mercats.jpg\" class=\"attachment-eventchamp-event-list size-eventchamp-event-list wp-post-image\" alt=\"\" srcset=\"https:\/\/visitmarratxi.es\/wp-content\/uploads\/2018\/11\/5.-Mercats.jpg 620w, https:\/\/visitmarratxi.es\/wp-content\/uploads\/2018\/11\/5.-Mercats-300x194.jpg 300w, https:\/\/visitmarratxi.es\/wp-content\/uploads\/2018\/11\/5.-Mercats-600x387.jpg 600w\" sizes=\"auto, (max-width: 620px) 100vw, 620px\" \/><\/a><div class=\"gt-location\"><ul><li><a href=\"https:\/\/visitmarratxi.es\/de\/location\/marratxi-de\/?post_type=venue\">Marratx\u00ed<\/a><\/li><\/ul><\/div><\/div><div class=\"gt-title\"><a href=\"https:\/\/visitmarratxi.es\/de\/venue\/menjador\/\">Traditionelle m\u00e4rkte in der gemeinde Marratx\u00ed<\/a><\/div><div class=\"gt-excerpt\">Tag und Uhrzeit: Dienstag von 8:00 bis 13:00 Uhr Standort: Pla de Na Tesa, Pla\u00e7a de l\u2019Esgl\u00e9sia. Mittwoch von 8:00 bis 13:00 Uhr Standort: Sa Cabana, Pla\u00e7a Cabana. Donnerstag von 8:00 bis 13:00 Uhr Standort: P\u00f2rtol, Pla\u00e7a Can Flor. Freitag...<\/div><\/div><\/div><\/div><\/div><\/div>[\/vc_column][\/vc_row]<\/p>\n<\/div>","protected":false},"excerpt":{"rendered":"<p>[vc_row][vc_column][\/vc_column][\/vc_row][vc_row][vc_column][vc_empty_space height=&#8220;100px&#8220;][\/vc_column][\/vc_row][vc_row][vc_column][\/vc_column][\/vc_row]<\/p>\n","protected":false},"author":7,"featured_media":0,"parent":0,"menu_order":0,"comment_status":"closed","ping_status":"closed","template":"","meta":{"footnotes":""},"class_list":["post-11514","page","type-page","status-publish","hentry"],"_links":{"self":[{"href":"https:\/\/visitmarratxi.es\/de\/wp-json\/wp\/v2\/pages\/11514","targetHints":{"allow":["GET"]}}],"collection":[{"href":"https:\/\/visitmarratxi.es\/de\/wp-json\/wp\/v2\/pages"}],"about":[{"href":"https:\/\/visitmarratxi.es\/de\/wp-json\/wp\/v2\/types\/page"}],"author":[{"embeddable":true,"href":"https:\/\/visitmarratxi.es\/de\/wp-json\/wp\/v2\/users\/7"}],"replies":[{"embeddable":true,"href":"https:\/\/visitmarratxi.es\/de\/wp-json\/wp\/v2\/comments?post=11514"}],"version-history":[{"count":2,"href":"https:\/\/visitmarratxi.es\/de\/wp-json\/wp\/v2\/pages\/11514\/revisions"}],"predecessor-version":[{"id":11544,"href":"https:\/\/visitmarratxi.es\/de\/wp-json\/wp\/v2\/pages\/11514\/revisions\/11544"}],"wp:attachment":[{"href":"https:\/\/visitmarratxi.es\/de\/wp-json\/wp\/v2\/media?parent=11514"}],"curies":[{"name":"wp","href":"https:\/\/api.w.org\/{rel}","templated":true}]}}