{"id":10843,"date":"2021-12-23T09:53:46","date_gmt":"2021-12-23T07:53:46","guid":{"rendered":"https:\/\/marratxiesviu.es\/?page_id=10843"},"modified":"2023-06-15T15:04:13","modified_gmt":"2023-06-15T13:04:13","slug":"coneixer","status":"publish","type":"page","link":"https:\/\/visitmarratxi.es\/en\/coneixer\/","title":{"rendered":"Culture"},"content":{"rendered":"<div class=\"wpb-content-wrapper\"><p>[vc_row][vc_column]<div class=\"gt-heading gt-dark gt-size1 gt-align-center\"><div class=\"gt-title\">PLACES <span>FOR CULTURE<\/span><\/div><div class=\"gt-separate\"><div class=\"gt-icon\"> <\/div><\/div><div class=\"gt-text\">There are many places in Marratx\u00ed where culture is the protagonist. We have museums, libraries, exhibition halls, churches, monuments, itineraries and many stories to tell you. Because in Marratx\u00ed, culture does have a place.<\/div><\/div>[\/vc_column][\/vc_row][vc_row][vc_column][vc_empty_space height=&#8221;100px&#8221;][\/vc_column][\/vc_row][vc_row][vc_column]<div class=\"gt-venue-listing\"><div class=\"gt-columns gt-column-2\"><div class=\"gt-col\"><div class=\"gt-inner\"><div class=\"gt-venue-style-1\"><div class=\"gt-image\"><a href=\"https:\/\/visitmarratxi.es\/en\/venue\/125-aniversary-of-es-forn-del-pla-de-na-tesa\/\"><img loading=\"lazy\" decoding=\"async\" width=\"800\" height=\"579\" src=\"https:\/\/visitmarratxi.es\/wp-content\/uploads\/2024\/06\/esforn_pladenatesa-800x579.jpg\" class=\"attachment-eventchamp-event-list size-eventchamp-event-list wp-post-image\" alt=\"\" \/><\/a><div class=\"gt-location\"><ul><li><a href=\"https:\/\/visitmarratxi.es\/en\/location\/cami-de-son-alegre-3\/?post_type=venue\">Cam\u00ed de Son Alegre<\/a><\/li><li><a href=\"https:\/\/visitmarratxi.es\/en\/location\/marratxi-en\/?post_type=venue\">Marratx\u00ed<\/a><\/li><\/ul><\/div><\/div><div class=\"gt-title\"><a href=\"https:\/\/visitmarratxi.es\/en\/venue\/125-aniversary-of-es-forn-del-pla-de-na-tesa\/\">125th aniversary of &#8220;es Forn&#8221; del Pla de na Tesa<\/a><\/div><div class=\"gt-excerpt\">HISTORY The walls of the Forn del Pla de na Tesa preserve 125 years of a rich family history that, generation after generation, has preserved tradition and artisanal excellence, becoming an emblematic business for the municipality of Marratx\u00ed. On July...<\/div><\/div><\/div><\/div><div class=\"gt-col\"><div class=\"gt-inner\"><div class=\"gt-venue-style-1\"><div class=\"gt-image\"><a href=\"https:\/\/visitmarratxi.es\/en\/venue\/hostales-des-pont-dinca\/\"><img loading=\"lazy\" decoding=\"async\" width=\"620\" height=\"400\" src=\"https:\/\/visitmarratxi.es\/wp-content\/uploads\/2022\/05\/DSC05193.jpg\" class=\"attachment-eventchamp-event-list size-eventchamp-event-list wp-post-image\" alt=\"\" srcset=\"https:\/\/visitmarratxi.es\/wp-content\/uploads\/2022\/05\/DSC05193.jpg 620w, https:\/\/visitmarratxi.es\/wp-content\/uploads\/2022\/05\/DSC05193-300x194.jpg 300w, https:\/\/visitmarratxi.es\/wp-content\/uploads\/2022\/05\/DSC05193-600x387.jpg 600w\" sizes=\"auto, (max-width: 620px) 100vw, 620px\" \/><\/a><div class=\"gt-location\"><ul><li><a href=\"https:\/\/visitmarratxi.es\/en\/location\/pont-dinca-2-en\/?post_type=venue\">Pont d&#8217;Inca<\/a><\/li><\/ul><\/div><\/div><div class=\"gt-title\"><a href=\"https:\/\/visitmarratxi.es\/en\/venue\/hostales-des-pont-dinca\/\">Hostals d&#8217;es Pont d&#8217;Inca<\/a><\/div><div class=\"gt-excerpt\">Why there were hostels on Pont d&#8217;Inca? Es Pont d&#8217;Inca is the youngest of the historical centres of Marratx\u00ed, but it is also the one that grew the fastest due to its strategic location around the Inca road and on...<\/div><\/div><\/div><\/div><div class=\"gt-col\"><div class=\"gt-inner\"><div class=\"gt-venue-style-1\"><div class=\"gt-image\"><a href=\"https:\/\/visitmarratxi.es\/en\/venue\/pozos-comunes\/\"><img loading=\"lazy\" decoding=\"async\" width=\"620\" height=\"400\" src=\"https:\/\/visitmarratxi.es\/wp-content\/uploads\/2022\/05\/DSC03519-1.jpg\" class=\"attachment-eventchamp-event-list size-eventchamp-event-list wp-post-image\" alt=\"\" srcset=\"https:\/\/visitmarratxi.es\/wp-content\/uploads\/2022\/05\/DSC03519-1.jpg 620w, https:\/\/visitmarratxi.es\/wp-content\/uploads\/2022\/05\/DSC03519-1-300x194.jpg 300w, https:\/\/visitmarratxi.es\/wp-content\/uploads\/2022\/05\/DSC03519-1-600x387.jpg 600w\" sizes=\"auto, (max-width: 620px) 100vw, 620px\" \/><\/a><div class=\"gt-location\"><ul><li><a href=\"https:\/\/visitmarratxi.es\/en\/location\/marratxi-en\/?post_type=venue\">Marratx\u00ed<\/a><\/li><\/ul><\/div><\/div><div class=\"gt-title\"><a href=\"https:\/\/visitmarratxi.es\/en\/venue\/pozos-comunes\/\">Common wells<\/a><\/div><div class=\"gt-excerpt\">Collecting groundwater has always been a priority in Mallorca, where water resources are scarce. For this reason, as we move away from the mountains, we find an abundant number of wells scattered all over the island, most of which are...<\/div><\/div><\/div><\/div><div class=\"gt-col\"><div class=\"gt-inner\"><div class=\"gt-venue-style-1\"><div class=\"gt-image\"><a href=\"https:\/\/visitmarratxi.es\/en\/venue\/cueva-de-son-caulelles\/\"><img loading=\"lazy\" decoding=\"async\" width=\"620\" height=\"400\" src=\"https:\/\/visitmarratxi.es\/wp-content\/uploads\/2022\/05\/OIP-_1_-1.jpg\" class=\"attachment-eventchamp-event-list size-eventchamp-event-list wp-post-image\" alt=\"\" srcset=\"https:\/\/visitmarratxi.es\/wp-content\/uploads\/2022\/05\/OIP-_1_-1.jpg 620w, https:\/\/visitmarratxi.es\/wp-content\/uploads\/2022\/05\/OIP-_1_-1-300x194.jpg 300w, https:\/\/visitmarratxi.es\/wp-content\/uploads\/2022\/05\/OIP-_1_-1-600x387.jpg 600w\" sizes=\"auto, (max-width: 620px) 100vw, 620px\" \/><\/a><div class=\"gt-location\"><ul><li><a href=\"https:\/\/visitmarratxi.es\/en\/location\/marratxi-en\/?post_type=venue\">Marratx\u00ed<\/a><\/li><\/ul><\/div><\/div><div class=\"gt-title\"><a href=\"https:\/\/visitmarratxi.es\/en\/venue\/cueva-de-son-caulelles\/\">Son Caulelles cave<\/a><\/div><div class=\"gt-excerpt\">The Son Caulelles cave, also known as cova des Moro, is considered the most outstanding prehistoric archaeological site in the entire municipality. It bears witness to one of the first civilizations that inhabited the Balearic Islands during the Bronze Age,...<\/div><\/div><\/div><\/div><div class=\"gt-col\"><div class=\"gt-inner\"><div class=\"gt-venue-style-1\"><div class=\"gt-image\"><a href=\"https:\/\/visitmarratxi.es\/en\/venue\/unit-school-group-of-pla-de-na-tesa\/\"><img loading=\"lazy\" decoding=\"async\" width=\"620\" height=\"400\" src=\"https:\/\/visitmarratxi.es\/wp-content\/uploads\/2022\/05\/img014-1.jpg\" class=\"attachment-eventchamp-event-list size-eventchamp-event-list wp-post-image\" alt=\"\" srcset=\"https:\/\/visitmarratxi.es\/wp-content\/uploads\/2022\/05\/img014-1.jpg 620w, https:\/\/visitmarratxi.es\/wp-content\/uploads\/2022\/05\/img014-1-300x194.jpg 300w, https:\/\/visitmarratxi.es\/wp-content\/uploads\/2022\/05\/img014-1-600x387.jpg 600w\" sizes=\"auto, (max-width: 620px) 100vw, 620px\" \/><\/a><\/div><div class=\"gt-title\"><a href=\"https:\/\/visitmarratxi.es\/en\/venue\/unit-school-group-of-pla-de-na-tesa\/\">Unit school group of Pla de na Tesa<\/a><\/div><div class=\"gt-excerpt\">Photograph loaned by CEIP Gabriel Janer Manila During the 18th century, also known as the century of the Enlightenment, a new concept of education began, understood as the basis of the future society. Around this movement of European reformism, led...<\/div><\/div><\/div><\/div><div class=\"gt-col\"><div class=\"gt-inner\"><div class=\"gt-venue-style-1\"><div class=\"gt-image\"><a href=\"https:\/\/visitmarratxi.es\/en\/venue\/esglesia-parroquial-sant-llatzer\/\"><img loading=\"lazy\" decoding=\"async\" width=\"620\" height=\"400\" src=\"https:\/\/visitmarratxi.es\/wp-content\/uploads\/2022\/05\/EsglesiaPladeNaTesa.jpg\" class=\"attachment-eventchamp-event-list size-eventchamp-event-list wp-post-image\" alt=\"\" srcset=\"https:\/\/visitmarratxi.es\/wp-content\/uploads\/2022\/05\/EsglesiaPladeNaTesa.jpg 620w, https:\/\/visitmarratxi.es\/wp-content\/uploads\/2022\/05\/EsglesiaPladeNaTesa-300x194.jpg 300w, https:\/\/visitmarratxi.es\/wp-content\/uploads\/2022\/05\/EsglesiaPladeNaTesa-600x387.jpg 600w\" sizes=\"auto, (max-width: 620px) 100vw, 620px\" \/><\/a><div class=\"gt-location\"><ul><li><a href=\"https:\/\/visitmarratxi.es\/en\/location\/pla-de-na-tesa-en\/?post_type=venue\">Pla de na Tesa<\/a><\/li><\/ul><\/div><\/div><div class=\"gt-title\"><a href=\"https:\/\/visitmarratxi.es\/en\/venue\/esglesia-parroquial-sant-llatzer\/\">Parish church Sant Ll\u00e0tzer<\/a><\/div><div class=\"gt-excerpt\">Its social importance Until the mid-19th century, the village of Pla de na Tesa did not have its own church. Around 1857, the owner of Son Alegre, one of the most important estates in the area, promoted the construction of...<\/div><\/div><\/div><\/div><div class=\"gt-col\"><div class=\"gt-inner\"><div class=\"gt-venue-style-1\"><div class=\"gt-image\"><a href=\"https:\/\/visitmarratxi.es\/en\/venue\/esglesia-sant-alonso\/\"><img loading=\"lazy\" decoding=\"async\" width=\"620\" height=\"400\" src=\"https:\/\/visitmarratxi.es\/wp-content\/uploads\/2022\/05\/DSC05218-2.jpg\" class=\"attachment-eventchamp-event-list size-eventchamp-event-list wp-post-image\" alt=\"\" srcset=\"https:\/\/visitmarratxi.es\/wp-content\/uploads\/2022\/05\/DSC05218-2.jpg 620w, https:\/\/visitmarratxi.es\/wp-content\/uploads\/2022\/05\/DSC05218-2-300x194.jpg 300w, https:\/\/visitmarratxi.es\/wp-content\/uploads\/2022\/05\/DSC05218-2-600x387.jpg 600w\" sizes=\"auto, (max-width: 620px) 100vw, 620px\" \/><\/a><div class=\"gt-location\"><ul><li><a href=\"https:\/\/visitmarratxi.es\/en\/location\/pont-dinca-en\/?post_type=venue\">Pont d&#8217;Inca<\/a><\/li><\/ul><\/div><\/div><div class=\"gt-title\"><a href=\"https:\/\/visitmarratxi.es\/en\/venue\/esglesia-sant-alonso\/\">Church of Sant Alons<\/a><\/div><div class=\"gt-excerpt\">At the end of the 19th century, the village of Pont d&#8217;Inca already had more than 400 inhabitants. Even so, it did not have its own church, which is why the inhabitants of Pont d&#8217;Inca had to go to mass,...<\/div><\/div><\/div><\/div><div class=\"gt-col\"><div class=\"gt-inner\"><div class=\"gt-venue-style-1\"><div class=\"gt-image\"><a href=\"https:\/\/visitmarratxi.es\/en\/venue\/fabrica-textil-ses-llistes-2\/\"><img loading=\"lazy\" decoding=\"async\" width=\"620\" height=\"400\" src=\"https:\/\/visitmarratxi.es\/wp-content\/uploads\/2022\/05\/12.jpg\" class=\"attachment-eventchamp-event-list size-eventchamp-event-list wp-post-image\" alt=\"\" srcset=\"https:\/\/visitmarratxi.es\/wp-content\/uploads\/2022\/05\/12.jpg 620w, https:\/\/visitmarratxi.es\/wp-content\/uploads\/2022\/05\/12-300x194.jpg 300w, https:\/\/visitmarratxi.es\/wp-content\/uploads\/2022\/05\/12-600x387.jpg 600w\" sizes=\"auto, (max-width: 620px) 100vw, 620px\" \/><\/a><div class=\"gt-location\"><ul><li><a href=\"https:\/\/visitmarratxi.es\/en\/location\/pont-dinca-en\/?post_type=venue\">Pont d&#8217;Inca<\/a><\/li><\/ul><\/div><\/div><div class=\"gt-title\"><a href=\"https:\/\/visitmarratxi.es\/en\/venue\/fabrica-textil-ses-llistes-2\/\">Former textile factory Ses Llistes<\/a><\/div><\/div><\/div><\/div><div class=\"gt-col\"><div class=\"gt-inner\"><div class=\"gt-venue-style-1\"><div class=\"gt-image\"><a href=\"https:\/\/visitmarratxi.es\/en\/venue\/moli-de-can-pere-antoni\/\"><img loading=\"lazy\" decoding=\"async\" width=\"620\" height=\"400\" src=\"https:\/\/visitmarratxi.es\/wp-content\/uploads\/2022\/05\/DSC02350-1.jpg\" class=\"attachment-eventchamp-event-list size-eventchamp-event-list wp-post-image\" alt=\"\" srcset=\"https:\/\/visitmarratxi.es\/wp-content\/uploads\/2022\/05\/DSC02350-1.jpg 620w, https:\/\/visitmarratxi.es\/wp-content\/uploads\/2022\/05\/DSC02350-1-300x194.jpg 300w, https:\/\/visitmarratxi.es\/wp-content\/uploads\/2022\/05\/DSC02350-1-600x387.jpg 600w\" sizes=\"auto, (max-width: 620px) 100vw, 620px\" \/><\/a><div class=\"gt-location\"><ul><li><a href=\"https:\/\/visitmarratxi.es\/en\/location\/marratxi-en\/?post_type=venue\">Marratx\u00ed<\/a><\/li><\/ul><\/div><\/div><div class=\"gt-title\"><a href=\"https:\/\/visitmarratxi.es\/en\/venue\/moli-de-can-pere-antoni\/\">Ca&#8217;n Pere Antoni&#8217;s mill<\/a><\/div><div class=\"gt-excerpt\">This tower that we can see on the fa\u00e7ade is part of an old flour windmill, popularly known as the Molino de ca&#8217;n Pere Antoni. In the same way, very close to this one, we also find the Molino des...<\/div><\/div><\/div><\/div><div class=\"gt-col\"><div class=\"gt-inner\"><div class=\"gt-venue-style-1\"><div class=\"gt-image\"><a href=\"https:\/\/visitmarratxi.es\/en\/venue\/rellotge-de-sol\/\"><img loading=\"lazy\" decoding=\"async\" width=\"620\" height=\"400\" src=\"https:\/\/visitmarratxi.es\/wp-content\/uploads\/2022\/05\/DSC02330.jpg\" class=\"attachment-eventchamp-event-list size-eventchamp-event-list wp-post-image\" alt=\"\" srcset=\"https:\/\/visitmarratxi.es\/wp-content\/uploads\/2022\/05\/DSC02330.jpg 620w, https:\/\/visitmarratxi.es\/wp-content\/uploads\/2022\/05\/DSC02330-300x194.jpg 300w, https:\/\/visitmarratxi.es\/wp-content\/uploads\/2022\/05\/DSC02330-600x387.jpg 600w\" sizes=\"auto, (max-width: 620px) 100vw, 620px\" \/><\/a><div class=\"gt-location\"><ul><li><a href=\"https:\/\/visitmarratxi.es\/en\/location\/marratxi-en\/?post_type=venue\">Marratx\u00ed<\/a><\/li><\/ul><\/div><\/div><div class=\"gt-title\"><a href=\"https:\/\/visitmarratxi.es\/en\/venue\/rellotge-de-sol\/\">Sun dial<\/a><\/div><div class=\"gt-excerpt\">Origin of sundials One of mankind&#8217;s oldest concerns has been to measure time. Observing the cycles in the movement of the moon, the stars and the sun allowed us to order and divide this element which, paradoxically, seems indefinable. The...<\/div><\/div><\/div><\/div><div class=\"gt-col\"><div class=\"gt-inner\"><div class=\"gt-venue-style-1\"><div class=\"gt-image\"><a href=\"https:\/\/visitmarratxi.es\/en\/venue\/pont-des-caulls\/\"><img loading=\"lazy\" decoding=\"async\" width=\"620\" height=\"400\" src=\"https:\/\/visitmarratxi.es\/wp-content\/uploads\/2022\/05\/DSC03515.jpg\" class=\"attachment-eventchamp-event-list size-eventchamp-event-list wp-post-image\" alt=\"\" srcset=\"https:\/\/visitmarratxi.es\/wp-content\/uploads\/2022\/05\/DSC03515.jpg 620w, https:\/\/visitmarratxi.es\/wp-content\/uploads\/2022\/05\/DSC03515-300x194.jpg 300w, https:\/\/visitmarratxi.es\/wp-content\/uploads\/2022\/05\/DSC03515-600x387.jpg 600w\" sizes=\"auto, (max-width: 620px) 100vw, 620px\" \/><\/a><div class=\"gt-location\"><ul><li><a href=\"https:\/\/visitmarratxi.es\/en\/location\/marratxi-en\/?post_type=venue\">Marratx\u00ed<\/a><\/li><\/ul><\/div><\/div><div class=\"gt-title\"><a href=\"https:\/\/visitmarratxi.es\/en\/venue\/pont-des-caulls\/\">Es Ca\u00fclls bridge<\/a><\/div><div class=\"gt-excerpt\">This bridge, built with mar\u00e9s blocks and dating from the 19th century, was rebuilt with the aim of overcoming the obstacle posed by the Coanegra torrent, thus improving communication between two prominent estates: Es Ca\u00fclls and Son Sale. It is...<\/div><\/div><\/div><\/div><div class=\"gt-col\"><div class=\"gt-inner\"><div class=\"gt-venue-style-1\"><div class=\"gt-image\"><a href=\"https:\/\/visitmarratxi.es\/en\/venue\/sant-marcal\/\"><img loading=\"lazy\" decoding=\"async\" width=\"620\" height=\"400\" src=\"https:\/\/visitmarratxi.es\/wp-content\/uploads\/2022\/05\/SantMarcal-3.jpg\" class=\"attachment-eventchamp-event-list size-eventchamp-event-list wp-post-image\" alt=\"\" srcset=\"https:\/\/visitmarratxi.es\/wp-content\/uploads\/2022\/05\/SantMarcal-3.jpg 620w, https:\/\/visitmarratxi.es\/wp-content\/uploads\/2022\/05\/SantMarcal-3-300x194.jpg 300w, https:\/\/visitmarratxi.es\/wp-content\/uploads\/2022\/05\/SantMarcal-3-600x387.jpg 600w\" sizes=\"auto, (max-width: 620px) 100vw, 620px\" \/><\/a><div class=\"gt-location\"><ul><li><a href=\"https:\/\/visitmarratxi.es\/en\/location\/cabaneta-en\/?post_type=venue\">Cabaneta<\/a><\/li><\/ul><\/div><\/div><div class=\"gt-title\"><a href=\"https:\/\/visitmarratxi.es\/en\/venue\/sant-marcal\/\">Sant Mar\u00e7al<\/a><\/div><div class=\"gt-excerpt\">Church of Sant Mar\u00e7al The first known church that existed in Marratx\u00ed was in the 13th century, years after the conquest by Jaume I. It belonged to Santa Maria del Cam\u00ed and was dedicated to Sancta Maria de Barraxino. A...<\/div><\/div><\/div><\/div><div class=\"gt-col\"><div class=\"gt-inner\"><div class=\"gt-venue-style-1\"><div class=\"gt-image\"><a href=\"https:\/\/visitmarratxi.es\/en\/venue\/marratxinet-3\/\"><img loading=\"lazy\" decoding=\"async\" width=\"620\" height=\"400\" src=\"https:\/\/visitmarratxi.es\/wp-content\/uploads\/2022\/05\/Diseno-sin-titulo-64.png\" class=\"attachment-eventchamp-event-list size-eventchamp-event-list wp-post-image\" alt=\"\" srcset=\"https:\/\/visitmarratxi.es\/wp-content\/uploads\/2022\/05\/Diseno-sin-titulo-64.png 620w, https:\/\/visitmarratxi.es\/wp-content\/uploads\/2022\/05\/Diseno-sin-titulo-64-300x194.png 300w, https:\/\/visitmarratxi.es\/wp-content\/uploads\/2022\/05\/Diseno-sin-titulo-64-600x387.png 600w\" sizes=\"auto, (max-width: 620px) 100vw, 620px\" \/><\/a><div class=\"gt-location\"><ul><li><a href=\"https:\/\/visitmarratxi.es\/en\/location\/marratxinet-en\/?post_type=venue\">Marratxinet<\/a><\/li><\/ul><\/div><\/div><div class=\"gt-title\"><a href=\"https:\/\/visitmarratxi.es\/en\/venue\/marratxinet-3\/\">Marratxinet<\/a><\/div><\/div><\/div><\/div><div class=\"gt-col\"><div class=\"gt-inner\"><div class=\"gt-venue-style-1\"><div class=\"gt-image\"><a href=\"https:\/\/visitmarratxi.es\/en\/venue\/olleries\/\"><img loading=\"lazy\" decoding=\"async\" width=\"620\" height=\"400\" src=\"https:\/\/visitmarratxi.es\/wp-content\/uploads\/2022\/02\/Olleries-2-3.jpg\" class=\"attachment-eventchamp-event-list size-eventchamp-event-list wp-post-image\" alt=\"\" srcset=\"https:\/\/visitmarratxi.es\/wp-content\/uploads\/2022\/02\/Olleries-2-3.jpg 620w, https:\/\/visitmarratxi.es\/wp-content\/uploads\/2022\/02\/Olleries-2-3-300x194.jpg 300w, https:\/\/visitmarratxi.es\/wp-content\/uploads\/2022\/02\/Olleries-2-3-600x387.jpg 600w\" sizes=\"auto, (max-width: 620px) 100vw, 620px\" \/><\/a><div class=\"gt-location\"><ul><li><a href=\"https:\/\/visitmarratxi.es\/en\/location\/portol-en\/?post_type=venue\">P\u00f2rtol<\/a><\/li><\/ul><\/div><\/div><div class=\"gt-title\"><a href=\"https:\/\/visitmarratxi.es\/en\/venue\/olleries\/\">Potteries<\/a><\/div><div class=\"gt-excerpt\">Did you know that the first pots were made of white clay and red earth and were used for cooking and preserving food? It is a tradition that has endured through the centuries. Food tastes different when cooked in a...<\/div><\/div><\/div><\/div><div class=\"gt-col\"><div class=\"gt-inner\"><div class=\"gt-venue-style-1\"><div class=\"gt-image\"><a href=\"https:\/\/visitmarratxi.es\/en\/venue\/esglesies\/\"><img loading=\"lazy\" decoding=\"async\" width=\"620\" height=\"400\" src=\"https:\/\/visitmarratxi.es\/wp-content\/uploads\/2022\/02\/SantMarcal.jpg\" class=\"attachment-eventchamp-event-list size-eventchamp-event-list wp-post-image\" alt=\"\" srcset=\"https:\/\/visitmarratxi.es\/wp-content\/uploads\/2022\/02\/SantMarcal.jpg 620w, https:\/\/visitmarratxi.es\/wp-content\/uploads\/2022\/02\/SantMarcal-300x194.jpg 300w, https:\/\/visitmarratxi.es\/wp-content\/uploads\/2022\/02\/SantMarcal-600x387.jpg 600w\" sizes=\"auto, (max-width: 620px) 100vw, 620px\" \/><\/a><\/div><div class=\"gt-title\"><a href=\"https:\/\/visitmarratxi.es\/en\/venue\/esglesies\/\">Heritage<\/a><\/div><div class=\"gt-excerpt\">If you are passionate about art or architecture, you have a mandatory visit to the different churches of Marratx\u00ed. Each of them has a different style and a story that characterizes them. Sant Mar\u00e7al, a Baroque-style church where the carving...<\/div><\/div><\/div><\/div><div class=\"gt-col\"><div class=\"gt-inner\"><div class=\"gt-venue-style-1\"><div class=\"gt-image\"><a href=\"https:\/\/visitmarratxi.es\/en\/venue\/teatre\/\"><img loading=\"lazy\" decoding=\"async\" width=\"620\" height=\"400\" src=\"https:\/\/visitmarratxi.es\/wp-content\/uploads\/2022\/02\/Museu-del-Fang-4-1.jpg\" class=\"attachment-eventchamp-event-list size-eventchamp-event-list wp-post-image\" alt=\"\" srcset=\"https:\/\/visitmarratxi.es\/wp-content\/uploads\/2022\/02\/Museu-del-Fang-4-1.jpg 620w, https:\/\/visitmarratxi.es\/wp-content\/uploads\/2022\/02\/Museu-del-Fang-4-1-300x194.jpg 300w, https:\/\/visitmarratxi.es\/wp-content\/uploads\/2022\/02\/Museu-del-Fang-4-1-600x387.jpg 600w\" sizes=\"auto, (max-width: 620px) 100vw, 620px\" \/><\/a><div class=\"gt-location\"><ul><li><a href=\"https:\/\/visitmarratxi.es\/en\/location\/marratxi-en\/?post_type=venue\">Marratx\u00ed<\/a><\/li><\/ul><\/div><\/div><div class=\"gt-title\"><a href=\"https:\/\/visitmarratxi.es\/en\/venue\/teatre\/\">Museu del Fang<\/a><\/div><div class=\"gt-excerpt\">A flour windmill is the building where the Museu del Fang is located. The Town Council of Marratx\u00ed acquired the building in 1977, but it was not until 2002 that it was refurbished and opened as the Fang Museum. A...<\/div><\/div><\/div><\/div><div class=\"gt-col\"><div class=\"gt-inner\"><div class=\"gt-venue-style-1\"><div class=\"gt-image\"><a href=\"https:\/\/visitmarratxi.es\/en\/venue\/bar\/\"><img loading=\"lazy\" decoding=\"async\" width=\"620\" height=\"400\" src=\"https:\/\/visitmarratxi.es\/wp-content\/uploads\/2022\/02\/img_4355_escorxador_foto-1.jpg\" class=\"attachment-eventchamp-event-list size-eventchamp-event-list wp-post-image\" alt=\"\" srcset=\"https:\/\/visitmarratxi.es\/wp-content\/uploads\/2022\/02\/img_4355_escorxador_foto-1.jpg 620w, https:\/\/visitmarratxi.es\/wp-content\/uploads\/2022\/02\/img_4355_escorxador_foto-1-300x194.jpg 300w, https:\/\/visitmarratxi.es\/wp-content\/uploads\/2022\/02\/img_4355_escorxador_foto-1-600x387.jpg 600w\" sizes=\"auto, (max-width: 620px) 100vw, 620px\" \/><\/a><div class=\"gt-location\"><ul><li><a href=\"https:\/\/visitmarratxi.es\/en\/location\/marratxi-en\/?post_type=venue\">Marratx\u00ed<\/a><\/li><\/ul><\/div><\/div><div class=\"gt-title\"><a href=\"https:\/\/visitmarratxi.es\/en\/venue\/bar\/\">Centre Cultural s\u2019Escorxador<\/a><\/div><div class=\"gt-excerpt\">S&#8217;Escorxador is a space that has been recovered by the City Council, especially as an art exhibition centre. In addition, you can also find the ceramics school.<\/div><\/div><\/div><\/div><\/div><\/div>[\/vc_column][\/vc_row]<\/p>\n<\/div>","protected":false},"excerpt":{"rendered":"<p>[vc_row][vc_column][\/vc_column][\/vc_row][vc_row][vc_column][vc_empty_space height=&#8221;100px&#8221;][\/vc_column][\/vc_row][vc_row][vc_column][\/vc_column][\/vc_row]<\/p>\n","protected":false},"author":6,"featured_media":0,"parent":0,"menu_order":0,"comment_status":"closed","ping_status":"closed","template":"","meta":{"footnotes":""},"class_list":["post-10843","page","type-page","status-publish","hentry"],"_links":{"self":[{"href":"https:\/\/visitmarratxi.es\/en\/wp-json\/wp\/v2\/pages\/10843","targetHints":{"allow":["GET"]}}],"collection":[{"href":"https:\/\/visitmarratxi.es\/en\/wp-json\/wp\/v2\/pages"}],"about":[{"href":"https:\/\/visitmarratxi.es\/en\/wp-json\/wp\/v2\/types\/page"}],"author":[{"embeddable":true,"href":"https:\/\/visitmarratxi.es\/en\/wp-json\/wp\/v2\/users\/6"}],"replies":[{"embeddable":true,"href":"https:\/\/visitmarratxi.es\/en\/wp-json\/wp\/v2\/comments?post=10843"}],"version-history":[{"count":5,"href":"https:\/\/visitmarratxi.es\/en\/wp-json\/wp\/v2\/pages\/10843\/revisions"}],"predecessor-version":[{"id":11540,"href":"https:\/\/visitmarratxi.es\/en\/wp-json\/wp\/v2\/pages\/10843\/revisions\/11540"}],"wp:attachment":[{"href":"https:\/\/visitmarratxi.es\/en\/wp-json\/wp\/v2\/media?parent=10843"}],"curies":[{"name":"wp","href":"https:\/\/api.w.org\/{rel}","templated":true}]}}