{"id":12340,"date":"2021-12-23T10:27:37","date_gmt":"2021-12-23T08:27:37","guid":{"rendered":"https:\/\/visitmarratxi.es\/?page_id=12340"},"modified":"2024-05-09T13:50:17","modified_gmt":"2024-05-09T11:50:17","slug":"agenda","status":"publish","type":"page","link":"https:\/\/visitmarratxi.es\/es\/agenda\/","title":{"rendered":"Agenda"},"content":{"rendered":"<div class=\"wpb-content-wrapper\"><p>[vc_row][vc_column]<div class=\"gt-heading gt-dark gt-size1 gt-align-center\"><div class=\"gt-title\">AGENDA<\/div><div class=\"gt-separate\"><div class=\"gt-icon\"> <\/div><\/div><div class=\"gt-text\">\u00bfQu\u00e9 te gustar\u00eda hacer? Aburrimiento es una palabra que no existe en Marratx\u00ed. \u00a1Porque Marratx\u00ed est\u00e1 vivo! Ahora puedes elegir qu\u00e9 actividad te apetece m\u00e1s y tener conocimiento del todo lo programado en cada n\u00facleo de poblaci\u00f3n. \u00bfEst\u00e1s listo?<\/div><\/div>[\/vc_column][\/vc_row][vc_row][vc_column][vc_empty_space height=\u00bb100px\u00bb]<div class=\"gt-event-listing\"><div class=\"gt-columns gt-column-3\"><div class=\"gt-col\"><div class=\"gt-inner\"><div class=\"gt-event-style-1\"><div class=\"gt-image\"><a href=\"https:\/\/visitmarratxi.es\/es\/evento\/exposicio-biennal-universitaria-dart-adema\/\"><img loading=\"lazy\" decoding=\"async\" width=\"952\" height=\"579\" src=\"https:\/\/visitmarratxi.es\/wp-content\/uploads\/2026\/03\/Captura-de-pantalla-2026-03-25-a-las-14.11.36-952x579.png\" class=\"attachment-eventchamp-event-list size-eventchamp-event-list wp-post-image\" alt=\"\" srcset=\"https:\/\/visitmarratxi.es\/wp-content\/uploads\/2026\/03\/Captura-de-pantalla-2026-03-25-a-las-14.11.36-952x579.png 952w, https:\/\/visitmarratxi.es\/wp-content\/uploads\/2026\/03\/Captura-de-pantalla-2026-03-25-a-las-14.11.36-130x80.png 130w\" sizes=\"auto, (max-width: 952px) 100vw, 952px\" \/><\/a><\/div><div class=\"gt-title\"><a href=\"https:\/\/visitmarratxi.es\/es\/evento\/exposicio-biennal-universitaria-dart-adema\/\">EXPOSICIO BIENNAL UNIVERSIT\u00c0RIA D&#8217;ART &#8211; ADEMA<\/a><\/div><div class=\"gt-details\"><div class=\"gt-date\"><svg xmlns=\"http:\/\/www.w3.org\/2000\/svg\" viewBox=\"0 0 24 24\" fill=\"none\" stroke=\"currentColor\" stroke-width=\"2\" stroke-linecap=\"round\" stroke-linejoin=\"round\"><rect x=\"3\" y=\"4\" width=\"18\" height=\"18\" rx=\"2\" ry=\"2\"><\/rect><line x1=\"16\" y1=\"2\" x2=\"16\" y2=\"6\"><\/line><line x1=\"8\" y1=\"2\" x2=\"8\" y2=\"6\"><\/line><line x1=\"3\" y1=\"10\" x2=\"21\" y2=\"10\"><\/line><\/svg><span>18\/03\/2026<\/span><\/div><div class=\"gt-location\"><svg xmlns=\"http:\/\/www.w3.org\/2000\/svg\" viewBox=\"0 0 24 24\" fill=\"none\" stroke=\"currentColor\" stroke-width=\"2\" stroke-linecap=\"round\" stroke-linejoin=\"round\"><path d=\"M21 10c0 7-9 13-9 13s-9-6-9-13a9 9 0 0 1 18 0z\"><\/path><circle cx=\"12\" cy=\"10\" r=\"3\"><\/circle><\/svg><ul><li class=\"gt-category-816\"><a href=\"https:\/\/visitmarratxi.es\/es\/ubicacion\/sa-refinadora\/?post_type=event\">Sa Refinadora<\/a><\/li><\/ul><\/div><\/div><\/div><\/div><\/div><div class=\"gt-col\"><div class=\"gt-inner\"><div class=\"gt-event-style-1\"><div class=\"gt-image\"><a href=\"https:\/\/visitmarratxi.es\/es\/evento\/marratxi-es-mou-2026\/\"><img loading=\"lazy\" decoding=\"async\" width=\"952\" height=\"579\" src=\"https:\/\/visitmarratxi.es\/wp-content\/uploads\/2026\/03\/A4_Marratxi-es-mou-26-pantalla-952x579.jpg\" class=\"attachment-eventchamp-event-list size-eventchamp-event-list wp-post-image\" alt=\"\" srcset=\"https:\/\/visitmarratxi.es\/wp-content\/uploads\/2026\/03\/A4_Marratxi-es-mou-26-pantalla-952x579.jpg 952w, https:\/\/visitmarratxi.es\/wp-content\/uploads\/2026\/03\/A4_Marratxi-es-mou-26-pantalla-300x181.jpg 300w, https:\/\/visitmarratxi.es\/wp-content\/uploads\/2026\/03\/A4_Marratxi-es-mou-26-pantalla-130x80.jpg 130w\" sizes=\"auto, (max-width: 952px) 100vw, 952px\" \/><\/a><\/div><div class=\"gt-title\"><a href=\"https:\/\/visitmarratxi.es\/es\/evento\/marratxi-es-mou-2026\/\">Marratxi Es Mou 2026<\/a><\/div><div class=\"gt-details\"><div class=\"gt-category\"><ul><li class=\"gt-category-316\"><a href=\"https:\/\/visitmarratxi.es\/es\/eventcat\/deportes\/?post_type=event\">Deportes<\/a><\/li><\/ul><\/div><div class=\"gt-date\"><svg xmlns=\"http:\/\/www.w3.org\/2000\/svg\" viewBox=\"0 0 24 24\" fill=\"none\" stroke=\"currentColor\" stroke-width=\"2\" stroke-linecap=\"round\" stroke-linejoin=\"round\"><rect x=\"3\" y=\"4\" width=\"18\" height=\"18\" rx=\"2\" ry=\"2\"><\/rect><line x1=\"16\" y1=\"2\" x2=\"16\" y2=\"6\"><\/line><line x1=\"8\" y1=\"2\" x2=\"8\" y2=\"6\"><\/line><line x1=\"3\" y1=\"10\" x2=\"21\" y2=\"10\"><\/line><\/svg><span>28\/03\/2026<\/span><\/div><\/div><\/div><\/div><\/div><div class=\"gt-col\"><div class=\"gt-inner\"><div class=\"gt-event-style-1\"><div class=\"gt-image\"><a href=\"https:\/\/visitmarratxi.es\/es\/evento\/jornades-familiars-2026\/\"><img loading=\"lazy\" decoding=\"async\" width=\"952\" height=\"579\" src=\"https:\/\/visitmarratxi.es\/wp-content\/uploads\/2026\/04\/2026_jornades_familiars_xarxes_1_Mesa-de-trabajo-1-copia-4-952x579.jpg\" class=\"attachment-eventchamp-event-list size-eventchamp-event-list wp-post-image\" alt=\"\" srcset=\"https:\/\/visitmarratxi.es\/wp-content\/uploads\/2026\/04\/2026_jornades_familiars_xarxes_1_Mesa-de-trabajo-1-copia-4-952x579.jpg 952w, https:\/\/visitmarratxi.es\/wp-content\/uploads\/2026\/04\/2026_jornades_familiars_xarxes_1_Mesa-de-trabajo-1-copia-4-130x80.jpg 130w\" sizes=\"auto, (max-width: 952px) 100vw, 952px\" \/><\/a><\/div><div class=\"gt-title\"><a href=\"https:\/\/visitmarratxi.es\/es\/evento\/jornades-familiars-2026\/\">JORNADES FAMILIARS 2026<\/a><\/div><div class=\"gt-details\"><div class=\"gt-category\"><ul><li class=\"gt-category-303\"><a href=\"https:\/\/visitmarratxi.es\/es\/eventcat\/actividades\/?post_type=event\">Actividades<\/a><\/li><li class=\"gt-category-669\"><a href=\"https:\/\/visitmarratxi.es\/es\/eventcat\/conferencia-es\/?post_type=event\">Conferencia<\/a><\/li><li class=\"gt-category-291\"><a href=\"https:\/\/visitmarratxi.es\/es\/eventcat\/educacion\/?post_type=event\">Educaci\u00f3n<\/a><\/li><\/ul><\/div><div class=\"gt-date\"><svg xmlns=\"http:\/\/www.w3.org\/2000\/svg\" viewBox=\"0 0 24 24\" fill=\"none\" stroke=\"currentColor\" stroke-width=\"2\" stroke-linecap=\"round\" stroke-linejoin=\"round\"><rect x=\"3\" y=\"4\" width=\"18\" height=\"18\" rx=\"2\" ry=\"2\"><\/rect><line x1=\"16\" y1=\"2\" x2=\"16\" y2=\"6\"><\/line><line x1=\"8\" y1=\"2\" x2=\"8\" y2=\"6\"><\/line><line x1=\"3\" y1=\"10\" x2=\"21\" y2=\"10\"><\/line><\/svg><span>30\/04\/2026<\/span><\/div><div class=\"gt-location\"><svg xmlns=\"http:\/\/www.w3.org\/2000\/svg\" viewBox=\"0 0 24 24\" fill=\"none\" stroke=\"currentColor\" stroke-width=\"2\" stroke-linecap=\"round\" stroke-linejoin=\"round\"><path d=\"M21 10c0 7-9 13-9 13s-9-6-9-13a9 9 0 0 1 18 0z\"><\/path><circle cx=\"12\" cy=\"10\" r=\"3\"><\/circle><\/svg><ul><li class=\"gt-category-784\"><a href=\"https:\/\/visitmarratxi.es\/es\/ubicacion\/biblioteca-des-pont-dinca-es\/?post_type=event\">Biblioteca d&#8217;es Pont d&#8217;Inca<\/a><\/li><\/ul><\/div><\/div><\/div><\/div><\/div><div class=\"gt-col\"><div class=\"gt-inner\"><div class=\"gt-event-style-1\"><div class=\"gt-image\"><a href=\"https:\/\/visitmarratxi.es\/es\/evento\/escapada-deportiva-familiar\/\"><img loading=\"lazy\" decoding=\"async\" width=\"952\" height=\"400\" src=\"https:\/\/visitmarratxi.es\/wp-content\/uploads\/2026\/04\/slider_web-952x400.jpg\" class=\"attachment-eventchamp-event-list size-eventchamp-event-list wp-post-image\" alt=\"\" \/><\/a><\/div><div class=\"gt-title\"><a href=\"https:\/\/visitmarratxi.es\/es\/evento\/escapada-deportiva-familiar\/\">ESCAPADA DEPORTIVA FAMILIAR<\/a><\/div><div class=\"gt-details\"><div class=\"gt-date\"><svg xmlns=\"http:\/\/www.w3.org\/2000\/svg\" viewBox=\"0 0 24 24\" fill=\"none\" stroke=\"currentColor\" stroke-width=\"2\" stroke-linecap=\"round\" stroke-linejoin=\"round\"><rect x=\"3\" y=\"4\" width=\"18\" height=\"18\" rx=\"2\" ry=\"2\"><\/rect><line x1=\"16\" y1=\"2\" x2=\"16\" y2=\"6\"><\/line><line x1=\"8\" y1=\"2\" x2=\"8\" y2=\"6\"><\/line><line x1=\"3\" y1=\"10\" x2=\"21\" y2=\"10\"><\/line><\/svg><span>19\/06\/2026<\/span><\/div><div class=\"gt-location\"><svg xmlns=\"http:\/\/www.w3.org\/2000\/svg\" viewBox=\"0 0 24 24\" fill=\"none\" stroke=\"currentColor\" stroke-width=\"2\" stroke-linecap=\"round\" stroke-linejoin=\"round\"><path d=\"M21 10c0 7-9 13-9 13s-9-6-9-13a9 9 0 0 1 18 0z\"><\/path><circle cx=\"12\" cy=\"10\" r=\"3\"><\/circle><\/svg><ul><li class=\"gt-category-878\"><a href=\"https:\/\/visitmarratxi.es\/es\/ubicacion\/port-dalcudia\/?post_type=event\">Port d&#039;Alc\u00fadia<\/a><\/li><\/ul><\/div><\/div><\/div><\/div><\/div><\/div><\/div>[vc_empty_space height=\u00bb100px\u00bb][\/vc_column][\/vc_row][vc_row][vc_column][vc_empty_space height=\u00bb50px\u00bb][vc_single_image image=\u00bb8822&#8243; img_size=\u00bbfull\u00bb alignment=\u00bbcenter\u00bb onclick=\u00bbcustom_link\u00bb img_link_target=\u00bb_blank\u00bb link=\u00bbhttps:\/\/espaijove.marratxi.es\/\u00bb][\/vc_column][\/vc_row]<\/p>\n<\/div>","protected":false},"excerpt":{"rendered":"<p>[vc_row][vc_column][\/vc_column][\/vc_row][vc_row][vc_column][vc_empty_space height=\u00bb100px\u00bb][vc_empty_space height=\u00bb100px\u00bb][\/vc_column][\/vc_row][vc_row][vc_column][vc_empty_space height=\u00bb50px\u00bb][vc_single_image image=\u00bb8822&#8243; img_size=\u00bbfull\u00bb alignment=\u00bbcenter\u00bb onclick=\u00bbcustom_link\u00bb img_link_target=\u00bb_blank\u00bb link=\u00bbhttps:\/\/espaijove.marratxi.es\/\u00bb][\/vc_column][\/vc_row]<\/p>\n","protected":false},"author":6,"featured_media":0,"parent":0,"menu_order":0,"comment_status":"closed","ping_status":"closed","template":"","meta":{"footnotes":""},"class_list":["post-12340","page","type-page","status-publish","hentry"],"_links":{"self":[{"href":"https:\/\/visitmarratxi.es\/es\/wp-json\/wp\/v2\/pages\/12340","targetHints":{"allow":["GET"]}}],"collection":[{"href":"https:\/\/visitmarratxi.es\/es\/wp-json\/wp\/v2\/pages"}],"about":[{"href":"https:\/\/visitmarratxi.es\/es\/wp-json\/wp\/v2\/types\/page"}],"author":[{"embeddable":true,"href":"https:\/\/visitmarratxi.es\/es\/wp-json\/wp\/v2\/users\/6"}],"replies":[{"embeddable":true,"href":"https:\/\/visitmarratxi.es\/es\/wp-json\/wp\/v2\/comments?post=12340"}],"version-history":[{"count":5,"href":"https:\/\/visitmarratxi.es\/es\/wp-json\/wp\/v2\/pages\/12340\/revisions"}],"predecessor-version":[{"id":12389,"href":"https:\/\/visitmarratxi.es\/es\/wp-json\/wp\/v2\/pages\/12340\/revisions\/12389"}],"wp:attachment":[{"href":"https:\/\/visitmarratxi.es\/es\/wp-json\/wp\/v2\/media?parent=12340"}],"curies":[{"name":"wp","href":"https:\/\/api.w.org\/{rel}","templated":true}]}}