{"id":3501,"date":"2021-12-23T10:25:11","date_gmt":"2021-12-23T08:25:11","guid":{"rendered":"http:\/\/marratxiesviu.es\/arribar\/"},"modified":"2024-04-29T12:47:15","modified_gmt":"2024-04-29T10:47:15","slug":"arribar","status":"publish","type":"page","link":"https:\/\/visitmarratxi.es\/es\/arribar\/","title":{"rendered":"Llegar"},"content":{"rendered":"<div class=\"wpb-content-wrapper\"><p>[vc_row][vc_column]<div class=\"gt-heading gt-dark gt-size1 gt-align-center\"><div class=\"gt-title\">N\u00daCLEOS DE POBLACI\u00d3N DE MARRATX\u00cd<\/div><div class=\"gt-separate\"><div class=\"gt-icon\"> <\/div><\/div><div class=\"gt-text\">Marratx\u00ed es un municipio con 5 n\u00facleos de poblaci\u00f3n distintos, cada uno de ellos con sus particularidades, atractivos tur\u00edsticos y actividades. Aqu\u00ed encontrar\u00e1s toda la informaci\u00f3n para llegar a cada n\u00facleo. \u00bfC\u00f3mo quieres ir?<\/div><\/div>[\/vc_column][\/vc_row][vc_row][vc_column][vc_empty_space height=\u00bb100px\u00bb][\/vc_column][\/vc_row][vc_row][vc_column width=\u00bb1\/2&#8243;][vc_column_text]<\/p>\n<h2 class=\"fusion-responsive-typography-calculated\" data-fontsize=\"18\" data-lineheight=\"27px\"><b>Transporte p\u00fablico:<\/b><\/h2>\n<p>Si viene desde el puerto o el aeropuerto, debe tomar la l\u00ednea 1 de la EMT hasta la plaza Espa\u00f1a. Una vez all\u00ed, deber\u00e1 entrar en la Estaci\u00f3n Intermodal, desde donde podr\u00e1 tomar:<br \/>\n\u2013 L\u00edneas de tren T1, T2 o T3.<br \/>\n\u2013 L\u00edneas de autob\u00fas 3 de la EMT, y 302 y 400 del TIB.<br \/>\n\u2013 L\u00ednea 301 del TIB.<\/p>\n<p>Para m\u00e1s informaci\u00f3n, consulte las siguientes p\u00e1ginas:<br \/>\n\u2013 <a href=\"https:\/\/www.emtpalma.cat\/ca\/inici\" target=\"_blank\" rel=\"noopener\">www.emtpalma.cat<\/a><br \/>\n\u2013 <a href=\"https:\/\/www.tib.org\/web\/ctm\/\" target=\"_blank\" rel=\"noopener\">www.tib.org<\/a>[\/vc_column_text][\/vc_column][vc_column width=\u00bb1\/2&#8243;][vc_column_text]<\/p>\n<h2 class=\"fusion-responsive-typography-calculated\" data-fontsize=\"18\" data-lineheight=\"27px\"><b>Transporte privado:<\/b><\/h2>\n<p>Para llegar a Marratx\u00ed desde Palma, debe tomar la autopista Ma-13 direcci\u00f3n Inca, en las siguientes salidas:<br \/>\n\u2013 Salida 3: Sa Cabana.<br \/>\n\u2013 Salida 4: es Pont d&#8217;Inca y centro comercial.<br \/>\n\u2013 Salida 7: sa Cabaneta y es Ca\u00fclls.<br \/>\n\u2013 Salida 8: sa Cabaneta y centro comercial.<br \/>\n\u2013 Salida 12: P\u00f2rtol.[\/vc_column_text][\/vc_column][\/vc_row][vc_row][vc_column][vc_empty_space height=\u00bb100px\u00bb][\/vc_column][\/vc_row][vc_row][vc_column width=\u00bb1\/2&#8243;][vc_single_image image=\u00bb3710&#8243; img_size=\u00bblarge\u00bb alignment=\u00bbcenter\u00bb title=\u00bbBUS EMT\u00bb][vc_column_text]<\/p>\n<p style=\"text-align: left;\"><a href=\"https:\/\/www.emtpalma.cat\/es\/inicio\" target=\"_blank\" rel=\"noopener\">En Marratx\u00ed puedes coger la EMT. Consulta los horarios y l\u00edneas para moverte en transporte p\u00fablico y dejar el coche aparcado.<\/a><\/p>\n<p>[\/vc_column_text][vc_single_image image=\u00bb3810&#8243; img_size=\u00bblarge\u00bb alignment=\u00bbcenter\u00bb title=\u00bbTREN\u00bb][vc_column_text]<a href=\"https:\/\/www.tib.org\/es\/web\/ctm\" target=\"_blank\" rel=\"noopener\">En Marratx\u00ed hay cuatro paradas del tren del SFM que conectan Marratx\u00ed con Palma, Inca y Sa Pobla.<\/a>[\/vc_column_text][\/vc_column][vc_column width=\u00bb1\/2&#8243;][vc_single_image image=\u00bb3727&#8243; img_size=\u00bblarge\u00bb alignment=\u00bbcenter\u00bb title=\u00bbBUS TIB\u00bb][vc_column_text]<a href=\"https:\/\/www.tib.org\/es\/web\/ctm\" target=\"_blank\" rel=\"noopener\">En Marratx\u00ed puedes coger el TIB. Consulta los horarios y l\u00edneas para moverte en transporte p\u00fablico y dejar el coche aparcado.<\/a>[\/vc_column_text][vc_single_image image=\u00bb3733&#8243; img_size=\u00bblarge\u00bb alignment=\u00bbcenter\u00bb title=\u00bbCARRIL BICI\u00bb][vc_column_text]<a href=\"https:\/\/ajuntament.marratxi.es\/marratxi-i-palma-mes-a-prop-amb-el-nou-vial-per-a-cicles-i-vianants-que-uneix-sa-cabana-i-son-cladera\/\" target=\"_blank\" rel=\"noopener\">Puedes ir de Palma a Marratx\u00ed con bicicleta o a pie. Por el carril bici, paralelo a la Dt-13 desde el kil\u00f3metro 1,9 al 2,7, en el margen derecho, conecta los barrios de Son Cladera (Palma) y Sa Cabana (Marratx\u00ed).<\/a>[\/vc_column_text][\/vc_column][\/vc_row][vc_row][vc_column][vc_empty_space height=\u00bb100px\u00bb][\/vc_column][\/vc_row][vc_row][vc_column][vc_gmaps link=\u00bb#E-8_JTNDaWZyYW1lJTIwc3JjJTNEJTIyaHR0cHMlM0ElMkYlMkZ3d3cuZ29vZ2xlLmNvbSUyRm1hcHMlMkZlbWJlZCUzRnBiJTNEJTIxMW0xOCUyMTFtMTIlMjExbTMlMjExZDQ1MDEwLjQwMDU3NTQzMzkzJTIxMmQyLjY5MTMyMzA4MjQ3NTM5NjQlMjEzZDM5LjYyMTQyOTAzODU3NjU1JTIxMm0zJTIxMWYwJTIxMmYwJTIxM2YwJTIxM20yJTIxMWkxMDI0JTIxMmk3NjglMjE0ZjEzLjElMjEzbTMlMjExbTIlMjExczB4MTI5N2ViMmM5OWJlMWFiOSUyNTNBMHg0MDJhZjZlZDcyMjAwMTAlMjEyc01hcnJhY2glMjVDMyUyNUFEJTI1MkMlMjUyMDA3MTQxJTI1MkMlMjUyMElsbGVzJTI1MjBCYWxlYXJzJTIxNWUxJTIxM20yJTIxMXNlcyUyMTJzZXMlMjE0djE3MTQzODY5NDM2NTclMjE1bTIlMjExc2VzJTIxMnNlcyUyMiUyMHdpZHRoJTNEJTIyNjAwJTIyJTIwaGVpZ2h0JTNEJTIyNDUwJTIyJTIwc3R5bGUlM0QlMjJib3JkZXIlM0EwJTNCJTIyJTIwYWxsb3dmdWxsc2NyZWVuJTNEJTIyJTIyJTIwbG9hZGluZyUzRCUyMmxhenklMjIlMjByZWZlcnJlcnBvbGljeSUzRCUyMm5vLXJlZmVycmVyLXdoZW4tZG93bmdyYWRlJTIyJTNFJTNDJTJGaWZyYW1lJTNF\u00bb title=\u00bbMapa\u00bb][\/vc_column][\/vc_row]<\/p>\n<\/div>","protected":false},"excerpt":{"rendered":"<p>[vc_row][vc_column][\/vc_column][\/vc_row][vc_row][vc_column][vc_empty_space height=\u00bb100px\u00bb][\/vc_column][\/vc_row][vc_row][vc_column width=\u00bb1\/2&#8243;][vc_column_text] Transporte p\u00fablico: Si viene desde el puerto o el aeropuerto, debe tomar la l\u00ednea 1 de la EMT hasta la plaza Espa\u00f1a. Una vez all\u00ed, deber\u00e1 entrar en la Estaci\u00f3n Intermodal, desde donde podr\u00e1 tomar: \u2013 L\u00edneas&#8230;<\/p>\n","protected":false},"author":6,"featured_media":0,"parent":0,"menu_order":0,"comment_status":"closed","ping_status":"closed","template":"","meta":{"footnotes":""},"class_list":["post-3501","page","type-page","status-publish","hentry"],"_links":{"self":[{"href":"https:\/\/visitmarratxi.es\/es\/wp-json\/wp\/v2\/pages\/3501","targetHints":{"allow":["GET"]}}],"collection":[{"href":"https:\/\/visitmarratxi.es\/es\/wp-json\/wp\/v2\/pages"}],"about":[{"href":"https:\/\/visitmarratxi.es\/es\/wp-json\/wp\/v2\/types\/page"}],"author":[{"embeddable":true,"href":"https:\/\/visitmarratxi.es\/es\/wp-json\/wp\/v2\/users\/6"}],"replies":[{"embeddable":true,"href":"https:\/\/visitmarratxi.es\/es\/wp-json\/wp\/v2\/comments?post=3501"}],"version-history":[{"count":5,"href":"https:\/\/visitmarratxi.es\/es\/wp-json\/wp\/v2\/pages\/3501\/revisions"}],"predecessor-version":[{"id":12188,"href":"https:\/\/visitmarratxi.es\/es\/wp-json\/wp\/v2\/pages\/3501\/revisions\/12188"}],"wp:attachment":[{"href":"https:\/\/visitmarratxi.es\/es\/wp-json\/wp\/v2\/media?parent=3501"}],"curies":[{"name":"wp","href":"https:\/\/api.w.org\/{rel}","templated":true}]}}