{"id":3502,"date":"2021-12-23T10:26:57","date_gmt":"2021-12-23T08:26:57","guid":{"rendered":"http:\/\/marratxiesviu.es\/saber\/"},"modified":"2022-03-08T12:39:09","modified_gmt":"2022-03-08T11:39:09","slug":"saber","status":"publish","type":"page","link":"https:\/\/visitmarratxi.es\/es\/saber\/","title":{"rendered":"Blog"},"content":{"rendered":"<div class=\"wpb-content-wrapper\"><p>[vc_row][vc_column]<div class=\"gt-heading gt-dark gt-size1 gt-align-center\"><div class=\"gt-title\">HABLAMOS DE MARRATX\u00cd<\/div><div class=\"gt-separate\"><div class=\"gt-icon\"> <\/div><\/div><div class=\"gt-text\">\u00bfQuieres conocer la actualidad de Marratx\u00ed relacionada con los acontecimientos del municipio? Aqu\u00ed lo podr\u00e1s hacer. Con noticias, entrevistas, reportajes, opiniones y otros contenidos. \u00bfQu\u00e9 quieres saber?<\/div><\/div>[\/vc_column][\/vc_row][vc_row][vc_column][vc_empty_space height=\u00bb100px\u00bb][\/vc_column][\/vc_row][vc_row][vc_column]<div class=\"gt-blog gt-style4\"><div class=\"gt-columns gt-column-2 gt-column-space-30\"><div class=\"gt-col\"><div class=\"gt-inner\"><div class=\"gt-post-style-1\"><div class=\"gt-image\"><a href=\"https:\/\/visitmarratxi.es\/es\/la-cuarta-edicion-del-friki-fest-llena-es-figueral-de-creatividad-cultura-manga-y-ambiente-familiar\/\"><img loading=\"lazy\" decoding=\"async\" width=\"870\" height=\"550\" src=\"https:\/\/visitmarratxi.es\/wp-content\/uploads\/2025\/05\/DSC09429-870x550.jpg\" class=\"attachment-eventchamp-big-post size-eventchamp-big-post wp-post-image\" alt=\"\" \/><\/a><div class=\"gt-category\"><ul class=\"post-categories\">\n\t<li><a href=\"https:\/\/visitmarratxi.es\/es\/categoria\/sin-categorizar\/\" rel=\"category tag\">Sin categorizar<\/a><\/li><\/ul><\/div><\/div><div class=\"gt-title\"><a href=\"https:\/\/visitmarratxi.es\/es\/la-cuarta-edicion-del-friki-fest-llena-es-figueral-de-creatividad-cultura-manga-y-ambiente-familiar\/\">La cuarta edici\u00f3n del Friki Fest llena Es Figueral de creatividad, cultura manga y ambiente familiar<\/a><\/div><div class=\"gt-excerpt\">La participaci\u00f3n de familias ha sido m\u00e1s alta que en ediciones pasadas, as\u00ed como los puestos de tiendas de juegos, artesanos y dibujantes, m\u00e1s de una treintena Jaume Llompart: \u201cEstamos muy satisfechos de ver c\u00f3mo el Friki Fest se ha...<\/div><div class=\"gt-bottom\"><ul><li><svg xmlns=\"http:\/\/www.w3.org\/2000\/svg\" viewBox=\"0 0 24 24\" fill=\"none\" stroke=\"currentColor\" stroke-width=\"2\" stroke-linecap=\"round\" stroke-linejoin=\"round\"><rect x=\"3\" y=\"4\" width=\"18\" height=\"18\" rx=\"2\" ry=\"2\"><\/rect><line x1=\"16\" y1=\"2\" x2=\"16\" y2=\"6\"><\/line><line x1=\"8\" y1=\"2\" x2=\"8\" y2=\"6\"><\/line><line x1=\"3\" y1=\"10\" x2=\"21\" y2=\"10\"><\/line><\/svg>20\/05\/2025<\/li><li><svg xmlns=\"http:\/\/www.w3.org\/2000\/svg\" viewBox=\"0 0 24 24\" fill=\"none\" stroke=\"currentColor\" stroke-width=\"2\" stroke-linecap=\"round\" stroke-linejoin=\"round\"><path d=\"M21 11.5a8.38 8.38 0 0 1-.9 3.8 8.5 8.5 0 0 1-7.6 4.7 8.38 8.38 0 0 1-3.8-.9L3 21l1.9-5.7a8.38 8.38 0 0 1-.9-3.8 8.5 8.5 0 0 1 4.7-7.6 8.38 8.38 0 0 1 3.8-.9h.5a8.48 8.48 0 0 1 8 8v.5z\"><\/path><\/svg>0 Comment<\/li><\/ul><\/div><\/div><\/div><\/div><div class=\"gt-col\"><div class=\"gt-inner\"><div class=\"gt-post-style-1\"><div class=\"gt-image\"><a href=\"https:\/\/visitmarratxi.es\/es\/lessencia-de-mallorca-sexhibeix-a-sa-refinadora-de-marratxi-amb-les-obres-de-carlota-bauza-de-mirabo-i-dolors-comas\/\"><img loading=\"lazy\" decoding=\"async\" width=\"870\" height=\"550\" src=\"https:\/\/visitmarratxi.es\/wp-content\/uploads\/2025\/01\/expo-header-1-870x550.webp\" class=\"attachment-eventchamp-big-post size-eventchamp-big-post wp-post-image\" alt=\"\" \/><\/a><div class=\"gt-category\"><ul class=\"post-categories\">\n\t<li><a href=\"https:\/\/visitmarratxi.es\/es\/categoria\/art-es\/\" rel=\"category tag\">Art<\/a><\/li>\n\t<li><a href=\"https:\/\/visitmarratxi.es\/es\/categoria\/esdeveniments-es\/\" rel=\"category tag\">Esdeveniments<\/a><\/li>\n\t<li><a href=\"https:\/\/visitmarratxi.es\/es\/categoria\/marratxi-es\/\" rel=\"category tag\">Marratx\u00ed<\/a><\/li><\/ul><\/div><\/div><div class=\"gt-title\"><a href=\"https:\/\/visitmarratxi.es\/es\/lessencia-de-mallorca-sexhibeix-a-sa-refinadora-de-marratxi-amb-les-obres-de-carlota-bauza-de-mirabo-i-dolors-comas\/\">La esencia de Mallorca se exhibe en Sa Refinadora de Marratx\u00ed con las obras de Carlota Bauz\u00e1 de Mirab\u00f3 y Dolors Comas<\/a><\/div><div class=\"gt-excerpt\">L\u2019exposici\u00f3 doble \u201cTextures mediterr\u00e0nies\u201d i \u201cMoments capturats\u201d, amb entrada gratu\u00efta, estar\u00e0 oberta al p\u00fablic fins al 12 de febrer Jaume Llompart: \u201cSa Refinadora no nom\u00e9s rescata la nostra hist\u00f2ria, sin\u00f3 que mira al futur connectant la comunitat amb la nostra...<\/div><div class=\"gt-bottom\"><ul><li><svg xmlns=\"http:\/\/www.w3.org\/2000\/svg\" viewBox=\"0 0 24 24\" fill=\"none\" stroke=\"currentColor\" stroke-width=\"2\" stroke-linecap=\"round\" stroke-linejoin=\"round\"><rect x=\"3\" y=\"4\" width=\"18\" height=\"18\" rx=\"2\" ry=\"2\"><\/rect><line x1=\"16\" y1=\"2\" x2=\"16\" y2=\"6\"><\/line><line x1=\"8\" y1=\"2\" x2=\"8\" y2=\"6\"><\/line><line x1=\"3\" y1=\"10\" x2=\"21\" y2=\"10\"><\/line><\/svg>20\/01\/2025<\/li><li><svg xmlns=\"http:\/\/www.w3.org\/2000\/svg\" viewBox=\"0 0 24 24\" fill=\"none\" stroke=\"currentColor\" stroke-width=\"2\" stroke-linecap=\"round\" stroke-linejoin=\"round\"><path d=\"M21 11.5a8.38 8.38 0 0 1-.9 3.8 8.5 8.5 0 0 1-7.6 4.7 8.38 8.38 0 0 1-3.8-.9L3 21l1.9-5.7a8.38 8.38 0 0 1-.9-3.8 8.5 8.5 0 0 1 4.7-7.6 8.38 8.38 0 0 1 3.8-.9h.5a8.48 8.48 0 0 1 8 8v.5z\"><\/path><\/svg>0 Comment<\/li><\/ul><\/div><\/div><\/div><\/div><div class=\"gt-col\"><div class=\"gt-inner\"><div class=\"gt-post-style-1\"><div class=\"gt-image\"><a href=\"https:\/\/visitmarratxi.es\/es\/marratxi-inaugura-el-primer-belen-municipal-realizado-en-ceramica-por-olleries-y-siurelleres-locales\/\"><img loading=\"lazy\" decoding=\"async\" width=\"870\" height=\"550\" src=\"https:\/\/visitmarratxi.es\/wp-content\/uploads\/2024\/12\/BETLEM4-scaled-1-870x550.webp\" class=\"attachment-eventchamp-big-post size-eventchamp-big-post wp-post-image\" alt=\"\" \/><\/a><div class=\"gt-category\"><ul class=\"post-categories\">\n\t<li><a href=\"https:\/\/visitmarratxi.es\/es\/categoria\/ceramica-es\/\" rel=\"category tag\">Cer\u00e1mica<\/a><\/li>\n\t<li><a href=\"https:\/\/visitmarratxi.es\/es\/categoria\/cultura-es\/\" rel=\"category tag\">Cultura<\/a><\/li>\n\t<li><a href=\"https:\/\/visitmarratxi.es\/es\/categoria\/esdeveniments-es\/\" rel=\"category tag\">Esdeveniments<\/a><\/li>\n\t<li><a href=\"https:\/\/visitmarratxi.es\/es\/categoria\/eventos-es\/\" rel=\"category tag\">Eventos<\/a><\/li>\n\t<li><a href=\"https:\/\/visitmarratxi.es\/es\/categoria\/marratxi-es\/\" rel=\"category tag\">Marratx\u00ed<\/a><\/li><\/ul><\/div><\/div><div class=\"gt-title\"><a href=\"https:\/\/visitmarratxi.es\/es\/marratxi-inaugura-el-primer-belen-municipal-realizado-en-ceramica-por-olleries-y-siurelleres-locales\/\">Marratx\u00ed inaugura el primer bel\u00e9n municipal realizado en cer\u00e1mica por olleries y siurelleres locales<\/a><\/div><div class=\"gt-excerpt\">El nacimiento, que se expone en Sa Refinadora, consta de un centenar de elementos de diferentes tama\u00f1os, cada uno manteniendo la esencia de la forma, el trazo y el esmaltado que caracteriza a cada artesano Jaume Llompart: \u201cLos artesanos de...<\/div><div class=\"gt-bottom\"><ul><li><svg xmlns=\"http:\/\/www.w3.org\/2000\/svg\" viewBox=\"0 0 24 24\" fill=\"none\" stroke=\"currentColor\" stroke-width=\"2\" stroke-linecap=\"round\" stroke-linejoin=\"round\"><rect x=\"3\" y=\"4\" width=\"18\" height=\"18\" rx=\"2\" ry=\"2\"><\/rect><line x1=\"16\" y1=\"2\" x2=\"16\" y2=\"6\"><\/line><line x1=\"8\" y1=\"2\" x2=\"8\" y2=\"6\"><\/line><line x1=\"3\" y1=\"10\" x2=\"21\" y2=\"10\"><\/line><\/svg>10\/12\/2024<\/li><li><svg xmlns=\"http:\/\/www.w3.org\/2000\/svg\" viewBox=\"0 0 24 24\" fill=\"none\" stroke=\"currentColor\" stroke-width=\"2\" stroke-linecap=\"round\" stroke-linejoin=\"round\"><path d=\"M21 11.5a8.38 8.38 0 0 1-.9 3.8 8.5 8.5 0 0 1-7.6 4.7 8.38 8.38 0 0 1-3.8-.9L3 21l1.9-5.7a8.38 8.38 0 0 1-.9-3.8 8.5 8.5 0 0 1 4.7-7.6 8.38 8.38 0 0 1 3.8-.9h.5a8.48 8.48 0 0 1 8 8v.5z\"><\/path><\/svg>0 Comment<\/li><\/ul><\/div><\/div><\/div><\/div><div class=\"gt-col\"><div class=\"gt-inner\"><div class=\"gt-post-style-1\"><div class=\"gt-image\"><a href=\"https:\/\/visitmarratxi.es\/es\/mas-de-530-alumnos-de-marratxi-se-movilizan-en-la-marcha-escolar-contra-la-violencia-hacia-las-mujeres\/\"><img loading=\"lazy\" decoding=\"async\" width=\"870\" height=\"550\" src=\"https:\/\/visitmarratxi.es\/wp-content\/uploads\/2024\/11\/header-25N-870x550.png\" class=\"attachment-eventchamp-big-post size-eventchamp-big-post wp-post-image\" alt=\"\" \/><\/a><div class=\"gt-category\"><ul class=\"post-categories\">\n\t<li><a href=\"https:\/\/visitmarratxi.es\/es\/categoria\/eventos-es\/\" rel=\"category tag\">Eventos<\/a><\/li>\n\t<li><a href=\"https:\/\/visitmarratxi.es\/es\/categoria\/jovenes-es\/\" rel=\"category tag\">Jovenes<\/a><\/li>\n\t<li><a href=\"https:\/\/visitmarratxi.es\/es\/categoria\/marratxi-es\/\" rel=\"category tag\">Marratx\u00ed<\/a><\/li><\/ul><\/div><\/div><div class=\"gt-title\"><a href=\"https:\/\/visitmarratxi.es\/es\/mas-de-530-alumnos-de-marratxi-se-movilizan-en-la-marcha-escolar-contra-la-violencia-hacia-las-mujeres\/\">M\u00e1s de 530 alumnos de Marratx\u00ed se movilizan en la marcha escolar contra la violencia hacia las mujeres<\/a><\/div><div class=\"gt-excerpt\">Los centros escolares de Ses Cases Noves, Sa Nova Cabana, CEIP Blanquerna, CEIP Costa i Llobera y Es Liceu han participado en el acto, que se ha llenado de pancartas y mensajes de solidaridad hacia las mujeres Jaume Llompart: \u00abEs...<\/div><div class=\"gt-bottom\"><ul><li><svg xmlns=\"http:\/\/www.w3.org\/2000\/svg\" viewBox=\"0 0 24 24\" fill=\"none\" stroke=\"currentColor\" stroke-width=\"2\" stroke-linecap=\"round\" stroke-linejoin=\"round\"><rect x=\"3\" y=\"4\" width=\"18\" height=\"18\" rx=\"2\" ry=\"2\"><\/rect><line x1=\"16\" y1=\"2\" x2=\"16\" y2=\"6\"><\/line><line x1=\"8\" y1=\"2\" x2=\"8\" y2=\"6\"><\/line><line x1=\"3\" y1=\"10\" x2=\"21\" y2=\"10\"><\/line><\/svg>28\/11\/2024<\/li><li><svg xmlns=\"http:\/\/www.w3.org\/2000\/svg\" viewBox=\"0 0 24 24\" fill=\"none\" stroke=\"currentColor\" stroke-width=\"2\" stroke-linecap=\"round\" stroke-linejoin=\"round\"><path d=\"M21 11.5a8.38 8.38 0 0 1-.9 3.8 8.5 8.5 0 0 1-7.6 4.7 8.38 8.38 0 0 1-3.8-.9L3 21l1.9-5.7a8.38 8.38 0 0 1-.9-3.8 8.5 8.5 0 0 1 4.7-7.6 8.38 8.38 0 0 1 3.8-.9h.5a8.48 8.48 0 0 1 8 8v.5z\"><\/path><\/svg>0 Comment<\/li><\/ul><\/div><\/div><\/div><\/div><div class=\"gt-col\"><div class=\"gt-inner\"><div class=\"gt-post-style-1\"><div class=\"gt-image\"><a href=\"https:\/\/visitmarratxi.es\/es\/gran-afluencia-de-participantes-en-la-segunda-edicion-del-mercado-de-artesania-artetxi-celebrado-en-su-nueva-cabana\/\"><img loading=\"lazy\" decoding=\"async\" width=\"870\" height=\"550\" src=\"https:\/\/visitmarratxi.es\/wp-content\/uploads\/2024\/10\/Artetxi-header-web-870x550.jpg\" class=\"attachment-eventchamp-big-post size-eventchamp-big-post wp-post-image\" alt=\"\" \/><\/a><div class=\"gt-category\"><ul class=\"post-categories\">\n\t<li><a href=\"https:\/\/visitmarratxi.es\/es\/categoria\/comercio-es\/\" rel=\"category tag\">Comercio<\/a><\/li>\n\t<li><a href=\"https:\/\/visitmarratxi.es\/es\/categoria\/esdeveniments-es\/\" rel=\"category tag\">Esdeveniments<\/a><\/li>\n\t<li><a href=\"https:\/\/visitmarratxi.es\/es\/categoria\/marratxi-es\/\" rel=\"category tag\">Marratx\u00ed<\/a><\/li><\/ul><\/div><\/div><div class=\"gt-title\"><a href=\"https:\/\/visitmarratxi.es\/es\/gran-afluencia-de-participantes-en-la-segunda-edicion-del-mercado-de-artesania-artetxi-celebrado-en-su-nueva-cabana\/\">Gran afluencia de participantes en la segunda edici\u00f3n del mercado de artesan\u00eda \u00abArtetx\u00ed\u00bb celebrado en Su Nueva Cabana<\/a><\/div><div class=\"gt-excerpt\">Un a\u00f1o m\u00e1s el Ayuntamiento ha querido impulsar el comer\u00e7 y apoyar a entidades sociales del municipio Jaume Llompart: \u201cEl objetivo es dar a conocer los n\u00facleos del municipio y apoyar las actividades de las asociaciones de vecinos, con este...<\/div><div class=\"gt-bottom\"><ul><li><svg xmlns=\"http:\/\/www.w3.org\/2000\/svg\" viewBox=\"0 0 24 24\" fill=\"none\" stroke=\"currentColor\" stroke-width=\"2\" stroke-linecap=\"round\" stroke-linejoin=\"round\"><rect x=\"3\" y=\"4\" width=\"18\" height=\"18\" rx=\"2\" ry=\"2\"><\/rect><line x1=\"16\" y1=\"2\" x2=\"16\" y2=\"6\"><\/line><line x1=\"8\" y1=\"2\" x2=\"8\" y2=\"6\"><\/line><line x1=\"3\" y1=\"10\" x2=\"21\" y2=\"10\"><\/line><\/svg>09\/10\/2024<\/li><li><svg xmlns=\"http:\/\/www.w3.org\/2000\/svg\" viewBox=\"0 0 24 24\" fill=\"none\" stroke=\"currentColor\" stroke-width=\"2\" stroke-linecap=\"round\" stroke-linejoin=\"round\"><path d=\"M21 11.5a8.38 8.38 0 0 1-.9 3.8 8.5 8.5 0 0 1-7.6 4.7 8.38 8.38 0 0 1-3.8-.9L3 21l1.9-5.7a8.38 8.38 0 0 1-.9-3.8 8.5 8.5 0 0 1 4.7-7.6 8.38 8.38 0 0 1 3.8-.9h.5a8.48 8.48 0 0 1 8 8v.5z\"><\/path><\/svg>0 Comment<\/li><\/ul><\/div><\/div><\/div><\/div><div class=\"gt-col\"><div class=\"gt-inner\"><div class=\"gt-post-style-1\"><div class=\"gt-image\"><a href=\"https:\/\/visitmarratxi.es\/es\/la-vi-edicion-del-rata-market-marratxi-reune-a-numerosas-familias-en-el-museu-del-fang\/\"><img loading=\"lazy\" decoding=\"async\" width=\"870\" height=\"550\" src=\"https:\/\/visitmarratxi.es\/wp-content\/uploads\/2024\/09\/ratamarket-header-870x550.webp\" class=\"attachment-eventchamp-big-post size-eventchamp-big-post wp-post-image\" alt=\"\" \/><\/a><div class=\"gt-category\"><ul class=\"post-categories\">\n\t<li><a href=\"https:\/\/visitmarratxi.es\/es\/categoria\/eventos-es\/\" rel=\"category tag\">Eventos<\/a><\/li>\n\t<li><a href=\"https:\/\/visitmarratxi.es\/es\/categoria\/marratxi-es\/\" rel=\"category tag\">Marratx\u00ed<\/a><\/li><\/ul><\/div><\/div><div class=\"gt-title\"><a href=\"https:\/\/visitmarratxi.es\/es\/la-vi-edicion-del-rata-market-marratxi-reune-a-numerosas-familias-en-el-museu-del-fang\/\">La VI edici\u00f3n del Rata Market Marratx\u00ed re\u00fane a numerosas familias en el Museu del Fang<\/a><\/div><div class=\"gt-excerpt\">El mercado, la gastronom\u00eda y las propuestas culturales para todas las edades son los principales atractivos de esta jornada al aire libre\u00a0 Carmen Ca\u00f1ellas: \u00abEl Rata Market es ya una tradici\u00f3n consolidada que impulsa el comercio local y ofrece una...<\/div><div class=\"gt-bottom\"><ul><li><svg xmlns=\"http:\/\/www.w3.org\/2000\/svg\" viewBox=\"0 0 24 24\" fill=\"none\" stroke=\"currentColor\" stroke-width=\"2\" stroke-linecap=\"round\" stroke-linejoin=\"round\"><rect x=\"3\" y=\"4\" width=\"18\" height=\"18\" rx=\"2\" ry=\"2\"><\/rect><line x1=\"16\" y1=\"2\" x2=\"16\" y2=\"6\"><\/line><line x1=\"8\" y1=\"2\" x2=\"8\" y2=\"6\"><\/line><line x1=\"3\" y1=\"10\" x2=\"21\" y2=\"10\"><\/line><\/svg>30\/09\/2024<\/li><li><svg xmlns=\"http:\/\/www.w3.org\/2000\/svg\" viewBox=\"0 0 24 24\" fill=\"none\" stroke=\"currentColor\" stroke-width=\"2\" stroke-linecap=\"round\" stroke-linejoin=\"round\"><path d=\"M21 11.5a8.38 8.38 0 0 1-.9 3.8 8.5 8.5 0 0 1-7.6 4.7 8.38 8.38 0 0 1-3.8-.9L3 21l1.9-5.7a8.38 8.38 0 0 1-.9-3.8 8.5 8.5 0 0 1 4.7-7.6 8.38 8.38 0 0 1 3.8-.9h.5a8.48 8.48 0 0 1 8 8v.5z\"><\/path><\/svg>0 Comment<\/li><\/ul><\/div><\/div><\/div><\/div><\/div><nav class=\"gt-pagination\"><ul><li><a href=\"https:\/\/visitmarratxi.es\/es\/wp-json\/wp\/v2\/pages\/3502\/page\/2\/\" >Siguiente<\/a><\/li><\/ul><\/nav><\/div>[\/vc_column][\/vc_row]<\/p>\n<\/div>","protected":false},"excerpt":{"rendered":"<p>[vc_row][vc_column][\/vc_column][\/vc_row][vc_row][vc_column][vc_empty_space height=\u00bb100px\u00bb][\/vc_column][\/vc_row][vc_row][vc_column][\/vc_column][\/vc_row]<\/p>\n","protected":false},"author":6,"featured_media":0,"parent":0,"menu_order":0,"comment_status":"closed","ping_status":"closed","template":"","meta":{"footnotes":""},"class_list":["post-3502","page","type-page","status-publish","hentry"],"_links":{"self":[{"href":"https:\/\/visitmarratxi.es\/es\/wp-json\/wp\/v2\/pages\/3502","targetHints":{"allow":["GET"]}}],"collection":[{"href":"https:\/\/visitmarratxi.es\/es\/wp-json\/wp\/v2\/pages"}],"about":[{"href":"https:\/\/visitmarratxi.es\/es\/wp-json\/wp\/v2\/types\/page"}],"author":[{"embeddable":true,"href":"https:\/\/visitmarratxi.es\/es\/wp-json\/wp\/v2\/users\/6"}],"replies":[{"embeddable":true,"href":"https:\/\/visitmarratxi.es\/es\/wp-json\/wp\/v2\/comments?post=3502"}],"version-history":[{"count":3,"href":"https:\/\/visitmarratxi.es\/es\/wp-json\/wp\/v2\/pages\/3502\/revisions"}],"predecessor-version":[{"id":4277,"href":"https:\/\/visitmarratxi.es\/es\/wp-json\/wp\/v2\/pages\/3502\/revisions\/4277"}],"wp:attachment":[{"href":"https:\/\/visitmarratxi.es\/es\/wp-json\/wp\/v2\/media?parent=3502"}],"curies":[{"name":"wp","href":"https:\/\/api.w.org\/{rel}","templated":true}]}}