{"id":3506,"date":"2021-12-23T10:26:34","date_gmt":"2021-12-23T08:26:34","guid":{"rendered":"http:\/\/marratxiesviu.es\/passejar\/"},"modified":"2023-06-15T15:01:28","modified_gmt":"2023-06-15T13:01:28","slug":"passejar","status":"publish","type":"page","link":"https:\/\/visitmarratxi.es\/es\/passejar\/","title":{"rendered":"Deporte"},"content":{"rendered":"<div class=\"wpb-content-wrapper\"><p>[vc_row][vc_column]<div class=\"gt-heading gt-dark gt-size1 gt-align-center\"><div class=\"gt-title\">ITINERARIOS <span>RUTAS Y VISITAS<\/span><\/div><div class=\"gt-separate\"><div class=\"gt-icon\"> <\/div><\/div><div class=\"gt-text\">Con mochila o sin, pero con unos zapatos c\u00f3modos. En Marratx\u00ed tienes infinidad de rutas, excursiones, itinerarios o relajantes paseadas... para poder cuidarte andando, mientras vas descubriendo lugares que ni te imaginabas. \u00a1Adelante!<\/div><\/div>[\/vc_column][\/vc_row][vc_row][vc_column][vc_empty_space height=\u00bb100px\u00bb][\/vc_column][\/vc_row][vc_row][vc_column]<div class=\"gt-venue-listing\"><div class=\"gt-columns gt-column-2\"><div class=\"gt-col\"><div class=\"gt-inner\"><div class=\"gt-venue-style-1\"><div class=\"gt-image\"><a href=\"https:\/\/visitmarratxi.es\/es\/lugar\/rutes-saludables\/\"><img loading=\"lazy\" decoding=\"async\" width=\"620\" height=\"400\" src=\"https:\/\/visitmarratxi.es\/wp-content\/uploads\/2022\/02\/Sa-Bomba-1.jpg\" class=\"attachment-eventchamp-event-list size-eventchamp-event-list wp-post-image\" alt=\"Rutes saludables\" srcset=\"https:\/\/visitmarratxi.es\/wp-content\/uploads\/2022\/02\/Sa-Bomba-1.jpg 620w, https:\/\/visitmarratxi.es\/wp-content\/uploads\/2022\/02\/Sa-Bomba-1-300x194.jpg 300w, https:\/\/visitmarratxi.es\/wp-content\/uploads\/2022\/02\/Sa-Bomba-1-600x387.jpg 600w\" sizes=\"auto, (max-width: 620px) 100vw, 620px\" \/><\/a><div class=\"gt-location\"><ul><li><a href=\"https:\/\/visitmarratxi.es\/es\/ubicacion\/marratxi-es\/?post_type=venue\">Marratx\u00ed<\/a><\/li><li><a href=\"https:\/\/visitmarratxi.es\/es\/ubicacion\/portol-2\/?post_type=venue\">P\u00f2rtol<\/a><\/li><li><a href=\"https:\/\/visitmarratxi.es\/es\/ubicacion\/sa-cabaneta\/?post_type=venue\">Sa Cabaneta<\/a><\/li><\/ul><\/div><\/div><div class=\"gt-title\"><a href=\"https:\/\/visitmarratxi.es\/es\/lugar\/rutes-saludables\/\">Rutas saludables<\/a><\/div><div class=\"gt-excerpt\">Camino de la\u00a0Cimentera, su nombre viene dado porque es el camino donde se transportaban materias primas hasta la\u00a0cimentera. En el mismo camino encontrar\u00e9is un horno de piedra de planta circular antiguo. RUTA: Empezamos desde\u00a0P\u00f2rtol, desde el final de la calle...<\/div><\/div><\/div><\/div><div class=\"gt-col\"><div class=\"gt-inner\"><div class=\"gt-venue-style-1\"><div class=\"gt-image\"><a href=\"https:\/\/visitmarratxi.es\/es\/lugar\/ruta-del-fang\/\"><img loading=\"lazy\" decoding=\"async\" width=\"620\" height=\"400\" src=\"https:\/\/visitmarratxi.es\/wp-content\/uploads\/2022\/02\/Museu-del-Fang-1.jpg\" class=\"attachment-eventchamp-event-list size-eventchamp-event-list wp-post-image\" alt=\"Museu del Fang\" srcset=\"https:\/\/visitmarratxi.es\/wp-content\/uploads\/2022\/02\/Museu-del-Fang-1.jpg 620w, https:\/\/visitmarratxi.es\/wp-content\/uploads\/2022\/02\/Museu-del-Fang-1-300x194.jpg 300w, https:\/\/visitmarratxi.es\/wp-content\/uploads\/2022\/02\/Museu-del-Fang-1-600x387.jpg 600w\" sizes=\"auto, (max-width: 620px) 100vw, 620px\" \/><\/a><div class=\"gt-location\"><ul><li><a href=\"https:\/\/visitmarratxi.es\/es\/ubicacion\/marratxi-es\/?post_type=venue\">Marratx\u00ed<\/a><\/li><li><a href=\"https:\/\/visitmarratxi.es\/es\/ubicacion\/portol-2\/?post_type=venue\">P\u00f2rtol<\/a><\/li><li><a href=\"https:\/\/visitmarratxi.es\/es\/ubicacion\/sa-cabaneta\/?post_type=venue\">Sa Cabaneta<\/a><\/li><\/ul><\/div><\/div><div class=\"gt-title\"><a href=\"https:\/\/visitmarratxi.es\/es\/lugar\/ruta-del-fang\/\">Ruta del Fang<\/a><\/div><div class=\"gt-excerpt\">En Marratx\u00ed no puedes perderte uno de los recorridos m\u00e1s interesantes por los talleres de artesanos, denominado la ruta del fang. Donde encontrar\u00e1s ollas y todo tipo de utensilios hechos con barro. Te recomendamos que lo complementes con la visita...<\/div><\/div><\/div><\/div><\/div><\/div>[\/vc_column][\/vc_row]<\/p>\n<\/div>","protected":false},"excerpt":{"rendered":"<p>[vc_row][vc_column][\/vc_column][\/vc_row][vc_row][vc_column][vc_empty_space height=\u00bb100px\u00bb][\/vc_column][\/vc_row][vc_row][vc_column][\/vc_column][\/vc_row]<\/p>\n","protected":false},"author":6,"featured_media":0,"parent":0,"menu_order":0,"comment_status":"closed","ping_status":"closed","template":"","meta":{"footnotes":""},"class_list":["post-3506","page","type-page","status-publish","hentry"],"_links":{"self":[{"href":"https:\/\/visitmarratxi.es\/es\/wp-json\/wp\/v2\/pages\/3506","targetHints":{"allow":["GET"]}}],"collection":[{"href":"https:\/\/visitmarratxi.es\/es\/wp-json\/wp\/v2\/pages"}],"about":[{"href":"https:\/\/visitmarratxi.es\/es\/wp-json\/wp\/v2\/types\/page"}],"author":[{"embeddable":true,"href":"https:\/\/visitmarratxi.es\/es\/wp-json\/wp\/v2\/users\/6"}],"replies":[{"embeddable":true,"href":"https:\/\/visitmarratxi.es\/es\/wp-json\/wp\/v2\/comments?post=3506"}],"version-history":[{"count":5,"href":"https:\/\/visitmarratxi.es\/es\/wp-json\/wp\/v2\/pages\/3506\/revisions"}],"predecessor-version":[{"id":11538,"href":"https:\/\/visitmarratxi.es\/es\/wp-json\/wp\/v2\/pages\/3506\/revisions\/11538"}],"wp:attachment":[{"href":"https:\/\/visitmarratxi.es\/es\/wp-json\/wp\/v2\/media?parent=3506"}],"curies":[{"name":"wp","href":"https:\/\/api.w.org\/{rel}","templated":true}]}}