{"id":3509,"date":"2021-12-23T10:27:13","date_gmt":"2021-12-23T08:27:13","guid":{"rendered":"http:\/\/marratxiesviu.es\/tastar\/"},"modified":"2023-06-15T14:54:14","modified_gmt":"2023-06-15T12:54:14","slug":"tastar","status":"publish","type":"page","link":"https:\/\/visitmarratxi.es\/es\/tastar\/","title":{"rendered":"Gastronom\u00eda"},"content":{"rendered":"<div class=\"wpb-content-wrapper\"><p>[vc_row][vc_column]<div class=\"gt-heading gt-dark gt-size1 gt-align-center\"><div class=\"gt-title\">PRODUCTOS Y LUGARES<\/div><div class=\"gt-separate\"><div class=\"gt-icon\"> <\/div><\/div><div class=\"gt-text\">La creatividad, los sabores diferentes, la calidad, la moda, la artesan\u00eda, el arte y el buen gusto est\u00e1n muy presentes en Marratx\u00ed. Aqu\u00ed puedes disfrutar de la mejor gastronom\u00eda y de un servicio esmerado con todo tipo de restaurantes y de productos genuinos en comercios emblem\u00e1ticos.<\/div><\/div>[\/vc_column][\/vc_row][vc_row][vc_column][vc_empty_space height=\u00bb100px\u00bb][\/vc_column][\/vc_row][vc_row][vc_column]<div class=\"gt-venue-listing\"><div class=\"gt-columns gt-column-2\"><div class=\"gt-col\"><div class=\"gt-inner\"><div class=\"gt-venue-style-1\"><div class=\"gt-image\"><a href=\"https:\/\/visitmarratxi.es\/es\/lugar\/125-aniversario-el-forn-del-pla-de-na-tesa\/\"><img loading=\"lazy\" decoding=\"async\" width=\"800\" height=\"579\" src=\"https:\/\/visitmarratxi.es\/wp-content\/uploads\/2024\/06\/esforn_pladenatesa-800x579.jpg\" class=\"attachment-eventchamp-event-list size-eventchamp-event-list wp-post-image\" alt=\"\" \/><\/a><div class=\"gt-location\"><ul><li><a href=\"https:\/\/visitmarratxi.es\/es\/ubicacion\/cami-de-son-alegre-2\/?post_type=venue\">Cam\u00ed de Son Alegre<\/a><\/li><li><a href=\"https:\/\/visitmarratxi.es\/es\/ubicacion\/marratxi-es\/?post_type=venue\">Marratx\u00ed<\/a><\/li><\/ul><\/div><\/div><div class=\"gt-title\"><a href=\"https:\/\/visitmarratxi.es\/es\/lugar\/125-aniversario-el-forn-del-pla-de-na-tesa\/\">125 aniversario el Forn del Pla de na Tesa<\/a><\/div><div class=\"gt-excerpt\">HISTORIA Las paredes del Forn del Pla de na Tesa guardan 125 a\u00f1os de una rica historia familiar que, generaci\u00f3n tras generaci\u00f3n, ha preservado la tradici\u00f3n y la excelencia artesanal, convirti\u00e9ndose en un comercio emblem\u00e1tico para el municipio de Marratx\u00ed....<\/div><\/div><\/div><\/div><div class=\"gt-col\"><div class=\"gt-inner\"><div class=\"gt-venue-style-1\"><div class=\"gt-image\"><a href=\"https:\/\/visitmarratxi.es\/es\/lugar\/ron-amazonas\/\"><img loading=\"lazy\" decoding=\"async\" width=\"620\" height=\"400\" src=\"https:\/\/visitmarratxi.es\/wp-content\/uploads\/2022\/03\/620x400-Amazona.jpg\" class=\"attachment-eventchamp-event-list size-eventchamp-event-list wp-post-image\" alt=\"\" srcset=\"https:\/\/visitmarratxi.es\/wp-content\/uploads\/2022\/03\/620x400-Amazona.jpg 620w, https:\/\/visitmarratxi.es\/wp-content\/uploads\/2022\/03\/620x400-Amazona-300x194.jpg 300w, https:\/\/visitmarratxi.es\/wp-content\/uploads\/2022\/03\/620x400-Amazona-600x387.jpg 600w\" sizes=\"auto, (max-width: 620px) 100vw, 620px\" \/><\/a><div class=\"gt-location\"><ul><li><a href=\"https:\/\/visitmarratxi.es\/es\/ubicacion\/marratxi-es\/?post_type=venue\">Marratx\u00ed<\/a><\/li><\/ul><\/div><\/div><div class=\"gt-title\"><a href=\"https:\/\/visitmarratxi.es\/es\/lugar\/ron-amazonas\/\">Ron Amazona<\/a><\/div><div class=\"gt-excerpt\">El ron dulce es una de las bebidas m\u00e1s t\u00edpicas de Mallorca y en Marratx\u00ed se produce desde el 1982 gracias a la compa\u00f1\u00eda Limsa. Una empresa de larga tradici\u00f3n que elabora anis, licores y ron. Hoy en d\u00eda, producen...<\/div><\/div><\/div><\/div><div class=\"gt-col\"><div class=\"gt-inner\"><div class=\"gt-venue-style-1\"><div class=\"gt-image\"><a href=\"https:\/\/visitmarratxi.es\/es\/lugar\/bodegas-tunel\/\"><img loading=\"lazy\" decoding=\"async\" width=\"620\" height=\"400\" src=\"https:\/\/visitmarratxi.es\/wp-content\/uploads\/2022\/03\/620x400-Tunel.jpg\" class=\"attachment-eventchamp-event-list size-eventchamp-event-list wp-post-image\" alt=\"\" srcset=\"https:\/\/visitmarratxi.es\/wp-content\/uploads\/2022\/03\/620x400-Tunel.jpg 620w, https:\/\/visitmarratxi.es\/wp-content\/uploads\/2022\/03\/620x400-Tunel-300x194.jpg 300w, https:\/\/visitmarratxi.es\/wp-content\/uploads\/2022\/03\/620x400-Tunel-600x387.jpg 600w\" sizes=\"auto, (max-width: 620px) 100vw, 620px\" \/><\/a><div class=\"gt-location\"><ul><li><a href=\"https:\/\/visitmarratxi.es\/es\/ubicacion\/marratxi-es\/?post_type=venue\">Marratx\u00ed<\/a><\/li><\/ul><\/div><\/div><div class=\"gt-title\"><a href=\"https:\/\/visitmarratxi.es\/es\/lugar\/bodegas-tunel\/\">Hierbas T\u00fanel<\/a><\/div><div class=\"gt-excerpt\">Distribuciones T\u00fanel antes denominados Bodegas T\u00fanel es una empresa familiar de distribuci\u00f3n de vinos y licores que se fund\u00f3 el 1986 y est\u00e1 ubicada en Marratx\u00ed. Se ha convertido en una de las distribuidoras m\u00e1s grandes de Baleares. Hierbas secas,...<\/div><\/div><\/div><\/div><div class=\"gt-col\"><div class=\"gt-inner\"><div class=\"gt-venue-style-1\"><div class=\"gt-image\"><a href=\"https:\/\/visitmarratxi.es\/es\/lugar\/bodegas-suau\/\"><img loading=\"lazy\" decoding=\"async\" width=\"620\" height=\"400\" src=\"https:\/\/visitmarratxi.es\/wp-content\/uploads\/2022\/03\/12.jpg\" class=\"attachment-eventchamp-event-list size-eventchamp-event-list wp-post-image\" alt=\"\" srcset=\"https:\/\/visitmarratxi.es\/wp-content\/uploads\/2022\/03\/12.jpg 620w, https:\/\/visitmarratxi.es\/wp-content\/uploads\/2022\/03\/12-300x194.jpg 300w, https:\/\/visitmarratxi.es\/wp-content\/uploads\/2022\/03\/12-600x387.jpg 600w\" sizes=\"auto, (max-width: 620px) 100vw, 620px\" \/><\/a><div class=\"gt-location\"><ul><li><a href=\"https:\/\/visitmarratxi.es\/es\/ubicacion\/marratxi-es\/?post_type=venue\">Marratx\u00ed<\/a><\/li><\/ul><\/div><\/div><div class=\"gt-title\"><a href=\"https:\/\/visitmarratxi.es\/es\/lugar\/bodegas-suau\/\">Bodegas Suau<\/a><\/div><div class=\"gt-excerpt\">El brandy junto con la ginebra Premium son los productos estrella de las Bodegues Suau. Unas bodegas que apuestan por la innovaci\u00f3n. Su \u00faltima creaci\u00f3n es un brandy de 8 a\u00f1os con un toque de naranjas maceradas. Un sabor \u00fanico...<\/div><\/div><\/div><\/div><div class=\"gt-col\"><div class=\"gt-inner\"><div class=\"gt-venue-style-1\"><div class=\"gt-image\"><a href=\"https:\/\/visitmarratxi.es\/es\/lugar\/fang-cuina\/\"><img loading=\"lazy\" decoding=\"async\" width=\"620\" height=\"400\" src=\"https:\/\/visitmarratxi.es\/wp-content\/uploads\/2022\/02\/Fang-Cuina-2-1.jpg\" class=\"attachment-eventchamp-event-list size-eventchamp-event-list wp-post-image\" alt=\"Fang Cuina\" srcset=\"https:\/\/visitmarratxi.es\/wp-content\/uploads\/2022\/02\/Fang-Cuina-2-1.jpg 620w, https:\/\/visitmarratxi.es\/wp-content\/uploads\/2022\/02\/Fang-Cuina-2-1-300x194.jpg 300w, https:\/\/visitmarratxi.es\/wp-content\/uploads\/2022\/02\/Fang-Cuina-2-1-600x387.jpg 600w\" sizes=\"auto, (max-width: 620px) 100vw, 620px\" \/><\/a><div class=\"gt-location\"><ul><li><a href=\"https:\/\/visitmarratxi.es\/es\/ubicacion\/marratxi-es\/?post_type=venue\">Marratx\u00ed<\/a><\/li><\/ul><\/div><\/div><div class=\"gt-title\"><a href=\"https:\/\/visitmarratxi.es\/es\/lugar\/fang-cuina\/\">Fang Cuina<\/a><\/div><div class=\"gt-excerpt\">Muestra de Gastronom\u00eda y Cer\u00e1mica en Marratx\u00ed. Fang Cuina es una iniciativa para dar a conocer la cocina de Marratx\u00ed combinada con el barro. \u00bfTe atreves a hacer alguna de estas recetas?<\/div><\/div><\/div><\/div><div class=\"gt-col\"><div class=\"gt-inner\"><div class=\"gt-venue-style-1\"><div class=\"gt-image\"><a href=\"https:\/\/visitmarratxi.es\/es\/lugar\/fira-llet-dametla\/\"><img loading=\"lazy\" decoding=\"async\" width=\"620\" height=\"400\" src=\"https:\/\/visitmarratxi.es\/wp-content\/uploads\/2022\/02\/Fira-llet-ametlla-3-1.jpg\" class=\"attachment-eventchamp-event-list size-eventchamp-event-list wp-post-image\" alt=\"Fira llet ametlla\" srcset=\"https:\/\/visitmarratxi.es\/wp-content\/uploads\/2022\/02\/Fira-llet-ametlla-3-1.jpg 620w, https:\/\/visitmarratxi.es\/wp-content\/uploads\/2022\/02\/Fira-llet-ametlla-3-1-300x194.jpg 300w, https:\/\/visitmarratxi.es\/wp-content\/uploads\/2022\/02\/Fira-llet-ametlla-3-1-600x387.jpg 600w\" sizes=\"auto, (max-width: 620px) 100vw, 620px\" \/><\/a><div class=\"gt-location\"><ul><li><a href=\"https:\/\/visitmarratxi.es\/es\/ubicacion\/marratxi-es\/?post_type=venue\">Marratx\u00ed<\/a><\/li><\/ul><\/div><\/div><div class=\"gt-title\"><a href=\"https:\/\/visitmarratxi.es\/es\/lugar\/fira-llet-dametla\/\">Feria de la Llet d&#8217;Ametla<\/a><\/div><div class=\"gt-excerpt\">La feria de la Llet d\u2019Ametla se organiza cada a\u00f1o a mediados de mes de diciembre. Una tradici\u00f3n que sigue viva gracias a\u00a0cuatro\u00a0familias que conservan los molinos para fabricar esta leche.<\/div><\/div><\/div><\/div><div class=\"gt-col\"><div class=\"gt-inner\"><div class=\"gt-venue-style-1\"><div class=\"gt-image\"><a href=\"https:\/\/visitmarratxi.es\/es\/lugar\/mercados-tradicionales-en-el-municipio-de-marratxi\/\"><img loading=\"lazy\" decoding=\"async\" width=\"620\" height=\"400\" src=\"https:\/\/visitmarratxi.es\/wp-content\/uploads\/2018\/11\/5.-Mercats.jpg\" class=\"attachment-eventchamp-event-list size-eventchamp-event-list wp-post-image\" alt=\"Mercats\" srcset=\"https:\/\/visitmarratxi.es\/wp-content\/uploads\/2018\/11\/5.-Mercats.jpg 620w, https:\/\/visitmarratxi.es\/wp-content\/uploads\/2018\/11\/5.-Mercats-300x194.jpg 300w, https:\/\/visitmarratxi.es\/wp-content\/uploads\/2018\/11\/5.-Mercats-600x387.jpg 600w\" sizes=\"auto, (max-width: 620px) 100vw, 620px\" \/><\/a><div class=\"gt-location\"><ul><li><a href=\"https:\/\/visitmarratxi.es\/es\/ubicacion\/marratxi-es\/?post_type=venue\">Marratx\u00ed<\/a><\/li><li><a href=\"https:\/\/visitmarratxi.es\/es\/ubicacion\/pla-de-na-tesa-2\/?post_type=venue\">Pla de na Tesa<\/a><\/li><li><a href=\"https:\/\/visitmarratxi.es\/es\/ubicacion\/portol-2\/?post_type=venue\">P\u00f2rtol<\/a><\/li><li><a href=\"https:\/\/visitmarratxi.es\/es\/ubicacion\/sa-cabaneta\/?post_type=venue\">Sa Cabaneta<\/a><\/li><\/ul><\/div><\/div><div class=\"gt-title\"><a href=\"https:\/\/visitmarratxi.es\/es\/lugar\/mercados-tradicionales-en-el-municipio-de-marratxi\/\">Mercados tradicionales en el municipio de Marratx\u00ed<\/a><\/div><div class=\"gt-excerpt\">D\u00eda y horario: Martes de 8:00 AM a 13:00 PM Ubicaci\u00f3n: Pla de Na Tesa, Pla\u00e7a de l\u2019Esgl\u00e9sia. D\u00eda y horario: Mi\u00e9rcoles de 8:00 AM a 13:00 PM Ubicaci\u00f3n: Sa Cabana, Pla\u00e7a Cabana. D\u00eda y horario: Jueves de 8:00 AM...<\/div><\/div><\/div><\/div><\/div><\/div>[\/vc_column][\/vc_row]<\/p>\n<\/div>","protected":false},"excerpt":{"rendered":"<p>[vc_row][vc_column][\/vc_column][\/vc_row][vc_row][vc_column][vc_empty_space height=\u00bb100px\u00bb][\/vc_column][\/vc_row][vc_row][vc_column][\/vc_column][\/vc_row]<\/p>\n","protected":false},"author":6,"featured_media":0,"parent":0,"menu_order":0,"comment_status":"closed","ping_status":"closed","template":"","meta":{"footnotes":""},"class_list":["post-3509","page","type-page","status-publish","hentry"],"_links":{"self":[{"href":"https:\/\/visitmarratxi.es\/es\/wp-json\/wp\/v2\/pages\/3509","targetHints":{"allow":["GET"]}}],"collection":[{"href":"https:\/\/visitmarratxi.es\/es\/wp-json\/wp\/v2\/pages"}],"about":[{"href":"https:\/\/visitmarratxi.es\/es\/wp-json\/wp\/v2\/types\/page"}],"author":[{"embeddable":true,"href":"https:\/\/visitmarratxi.es\/es\/wp-json\/wp\/v2\/users\/6"}],"replies":[{"embeddable":true,"href":"https:\/\/visitmarratxi.es\/es\/wp-json\/wp\/v2\/comments?post=3509"}],"version-history":[{"count":5,"href":"https:\/\/visitmarratxi.es\/es\/wp-json\/wp\/v2\/pages\/3509\/revisions"}],"predecessor-version":[{"id":11530,"href":"https:\/\/visitmarratxi.es\/es\/wp-json\/wp\/v2\/pages\/3509\/revisions\/11530"}],"wp:attachment":[{"href":"https:\/\/visitmarratxi.es\/es\/wp-json\/wp\/v2\/media?parent=3509"}],"curies":[{"name":"wp","href":"https:\/\/api.w.org\/{rel}","templated":true}]}}