{"id":3513,"date":"2021-12-23T09:53:46","date_gmt":"2021-12-23T07:53:46","guid":{"rendered":"http:\/\/marratxiesviu.es\/coneixer\/"},"modified":"2023-06-15T15:20:37","modified_gmt":"2023-06-15T13:20:37","slug":"cultura","status":"publish","type":"page","link":"https:\/\/visitmarratxi.es\/es\/cultura\/","title":{"rendered":"Cultura"},"content":{"rendered":"<div class=\"wpb-content-wrapper\"><p>[vc_row][vc_column]<div class=\"gt-heading gt-dark gt-size1 gt-align-center\"><div class=\"gt-title\">LUGARES <span>PARA LA CULTURA<\/span><\/div><div class=\"gt-separate\"><div class=\"gt-icon\"> <\/div><\/div><div class=\"gt-text\">Son muchos los lugares de Marratx\u00ed donde la cultura es protagonista. Tenemos museos, bibliotecas, salas de exposici\u00f3n, iglesias, monumentos, itinerarios y muchas historias que contarte. Porque en Marratx\u00ed, la cultura, s\u00ed que tiene un sitio.<\/div><\/div>[\/vc_column][\/vc_row][vc_row][vc_column][vc_empty_space height=\u00bb100px\u00bb][\/vc_column][\/vc_row][vc_row][vc_column]<div class=\"gt-venue-listing\"><div class=\"gt-columns gt-column-2\"><div class=\"gt-col\"><div class=\"gt-inner\"><div class=\"gt-venue-style-1\"><div class=\"gt-image\"><a href=\"https:\/\/visitmarratxi.es\/es\/lugar\/125-aniversario-el-forn-del-pla-de-na-tesa\/\"><img loading=\"lazy\" decoding=\"async\" width=\"800\" height=\"579\" src=\"https:\/\/visitmarratxi.es\/wp-content\/uploads\/2024\/06\/esforn_pladenatesa-800x579.jpg\" class=\"attachment-eventchamp-event-list size-eventchamp-event-list wp-post-image\" alt=\"\" \/><\/a><div class=\"gt-location\"><ul><li><a href=\"https:\/\/visitmarratxi.es\/es\/ubicacion\/cami-de-son-alegre-2\/?post_type=venue\">Cam\u00ed de Son Alegre<\/a><\/li><li><a href=\"https:\/\/visitmarratxi.es\/es\/ubicacion\/marratxi-es\/?post_type=venue\">Marratx\u00ed<\/a><\/li><\/ul><\/div><\/div><div class=\"gt-title\"><a href=\"https:\/\/visitmarratxi.es\/es\/lugar\/125-aniversario-el-forn-del-pla-de-na-tesa\/\">125 aniversario el Forn del Pla de na Tesa<\/a><\/div><div class=\"gt-excerpt\">HISTORIA Las paredes del Forn del Pla de na Tesa guardan 125 a\u00f1os de una rica historia familiar que, generaci\u00f3n tras generaci\u00f3n, ha preservado la tradici\u00f3n y la excelencia artesanal, convirti\u00e9ndose en un comercio emblem\u00e1tico para el municipio de Marratx\u00ed....<\/div><\/div><\/div><\/div><div class=\"gt-col\"><div class=\"gt-inner\"><div class=\"gt-venue-style-1\"><div class=\"gt-image\"><a href=\"https:\/\/visitmarratxi.es\/es\/lugar\/hostales-des-pont-dinca\/\"><img loading=\"lazy\" decoding=\"async\" width=\"620\" height=\"400\" src=\"https:\/\/visitmarratxi.es\/wp-content\/uploads\/2022\/05\/DSC05193.jpg\" class=\"attachment-eventchamp-event-list size-eventchamp-event-list wp-post-image\" alt=\"\" srcset=\"https:\/\/visitmarratxi.es\/wp-content\/uploads\/2022\/05\/DSC05193.jpg 620w, https:\/\/visitmarratxi.es\/wp-content\/uploads\/2022\/05\/DSC05193-300x194.jpg 300w, https:\/\/visitmarratxi.es\/wp-content\/uploads\/2022\/05\/DSC05193-600x387.jpg 600w\" sizes=\"auto, (max-width: 620px) 100vw, 620px\" \/><\/a><div class=\"gt-location\"><ul><li><a href=\"https:\/\/visitmarratxi.es\/es\/ubicacion\/pont-dinca-2\/?post_type=venue\">Pont d&#039;Inca<\/a><\/li><\/ul><\/div><\/div><div class=\"gt-title\"><a href=\"https:\/\/visitmarratxi.es\/es\/lugar\/hostales-des-pont-dinca\/\">Hostales d&#8217;es Pont d&#8217;Inca<\/a><\/div><div class=\"gt-excerpt\">Por qu\u00e9 exist\u00edan hostales en el Pont d\u2019 Inca Es Pont d\u2019 Inca es lo m\u00e1s joven de los n\u00facleos hist\u00f3ricos de Marratx\u00ed, pero tambi\u00e9n aquel que m\u00e1s r\u00e1pidamente creci\u00f3 debido a su ubicaci\u00f3n estrat\u00e9gica entorno a la carretera de...<\/div><\/div><\/div><\/div><div class=\"gt-col\"><div class=\"gt-inner\"><div class=\"gt-venue-style-1\"><div class=\"gt-image\"><a href=\"https:\/\/visitmarratxi.es\/es\/lugar\/pozos-comunes\/\"><img loading=\"lazy\" decoding=\"async\" width=\"620\" height=\"400\" src=\"https:\/\/visitmarratxi.es\/wp-content\/uploads\/2022\/05\/DSC03519-1.jpg\" class=\"attachment-eventchamp-event-list size-eventchamp-event-list wp-post-image\" alt=\"\" srcset=\"https:\/\/visitmarratxi.es\/wp-content\/uploads\/2022\/05\/DSC03519-1.jpg 620w, https:\/\/visitmarratxi.es\/wp-content\/uploads\/2022\/05\/DSC03519-1-300x194.jpg 300w, https:\/\/visitmarratxi.es\/wp-content\/uploads\/2022\/05\/DSC03519-1-600x387.jpg 600w\" sizes=\"auto, (max-width: 620px) 100vw, 620px\" \/><\/a><div class=\"gt-location\"><ul><li><a href=\"https:\/\/visitmarratxi.es\/es\/ubicacion\/marratxi-es\/?post_type=venue\">Marratx\u00ed<\/a><\/li><\/ul><\/div><\/div><div class=\"gt-title\"><a href=\"https:\/\/visitmarratxi.es\/es\/lugar\/pozos-comunes\/\">Pozos comunes<\/a><\/div><div class=\"gt-excerpt\">Recolectar las aguas subterr\u00e1neas siempre ha sido una prioridad en Mallorca, donde los recursos h\u00eddricos son escasos. Por este motivo, y a medida que nos alejamos de las monta\u00f1as, encontramos un abundante n\u00famero de pozos dispersos por toda la isla,...<\/div><\/div><\/div><\/div><div class=\"gt-col\"><div class=\"gt-inner\"><div class=\"gt-venue-style-1\"><div class=\"gt-image\"><a href=\"https:\/\/visitmarratxi.es\/es\/lugar\/cueva-de-son-caulelles\/\"><img loading=\"lazy\" decoding=\"async\" width=\"620\" height=\"400\" src=\"https:\/\/visitmarratxi.es\/wp-content\/uploads\/2022\/05\/OIP-_1_-1.jpg\" class=\"attachment-eventchamp-event-list size-eventchamp-event-list wp-post-image\" alt=\"\" srcset=\"https:\/\/visitmarratxi.es\/wp-content\/uploads\/2022\/05\/OIP-_1_-1.jpg 620w, https:\/\/visitmarratxi.es\/wp-content\/uploads\/2022\/05\/OIP-_1_-1-300x194.jpg 300w, https:\/\/visitmarratxi.es\/wp-content\/uploads\/2022\/05\/OIP-_1_-1-600x387.jpg 600w\" sizes=\"auto, (max-width: 620px) 100vw, 620px\" \/><\/a><div class=\"gt-location\"><ul><li><a href=\"https:\/\/visitmarratxi.es\/es\/ubicacion\/marratxi-es\/?post_type=venue\">Marratx\u00ed<\/a><\/li><\/ul><\/div><\/div><div class=\"gt-title\"><a href=\"https:\/\/visitmarratxi.es\/es\/lugar\/cueva-de-son-caulelles\/\">Cueva de Son Caulelles<\/a><\/div><div class=\"gt-excerpt\">La cueva de Son Caulelles, tambi\u00e9n conocida como cova des Moro, es considerada el yacimiento arqueol\u00f3gico prehist\u00f3rico m\u00e1s destacado de todo el t\u00e9rmino municipal. Testimonio de una de las primeras civilizaciones que habit\u00f3 las Islas Baleares durante la Edad del...<\/div><\/div><\/div><\/div><div class=\"gt-col\"><div class=\"gt-inner\"><div class=\"gt-venue-style-1\"><div class=\"gt-image\"><a href=\"https:\/\/visitmarratxi.es\/es\/lugar\/grup-escolar-unitari-del-pla-de-na-tesa\/\"><img loading=\"lazy\" decoding=\"async\" width=\"620\" height=\"400\" src=\"https:\/\/visitmarratxi.es\/wp-content\/uploads\/2022\/05\/img014-1.jpg\" class=\"attachment-eventchamp-event-list size-eventchamp-event-list wp-post-image\" alt=\"Grup Escolar Pla de na Tesa\" srcset=\"https:\/\/visitmarratxi.es\/wp-content\/uploads\/2022\/05\/img014-1.jpg 620w, https:\/\/visitmarratxi.es\/wp-content\/uploads\/2022\/05\/img014-1-300x194.jpg 300w, https:\/\/visitmarratxi.es\/wp-content\/uploads\/2022\/05\/img014-1-600x387.jpg 600w\" sizes=\"auto, (max-width: 620px) 100vw, 620px\" \/><\/a><div class=\"gt-location\"><ul><li><a href=\"https:\/\/visitmarratxi.es\/es\/ubicacion\/pla-de-na-tesa-es\/?post_type=venue\">Pla de na Tesa<\/a><\/li><\/ul><\/div><\/div><div class=\"gt-title\"><a href=\"https:\/\/visitmarratxi.es\/es\/lugar\/grup-escolar-unitari-del-pla-de-na-tesa\/\">Grupo Escolar Unitari del Pla de na Tesa<\/a><\/div><div class=\"gt-excerpt\">Fotograf\u00eda cedida por el CEIP Gabriel Janer Manila Durante el siglo XVIII, tambi\u00e9n conocido como siglo de la Ilustraci\u00f3n o de las luces, se inicia un nuevo concepto de educaci\u00f3n entendida como base de la futura sociedad. Entorno este movimiento...<\/div><\/div><\/div><\/div><div class=\"gt-col\"><div class=\"gt-inner\"><div class=\"gt-venue-style-1\"><div class=\"gt-image\"><a href=\"https:\/\/visitmarratxi.es\/es\/lugar\/iglesia-parroquial-sant-llatzer\/\"><img loading=\"lazy\" decoding=\"async\" width=\"620\" height=\"400\" src=\"https:\/\/visitmarratxi.es\/wp-content\/uploads\/2022\/05\/EsglesiaPladeNaTesa.jpg\" class=\"attachment-eventchamp-event-list size-eventchamp-event-list wp-post-image\" alt=\"\" srcset=\"https:\/\/visitmarratxi.es\/wp-content\/uploads\/2022\/05\/EsglesiaPladeNaTesa.jpg 620w, https:\/\/visitmarratxi.es\/wp-content\/uploads\/2022\/05\/EsglesiaPladeNaTesa-300x194.jpg 300w, https:\/\/visitmarratxi.es\/wp-content\/uploads\/2022\/05\/EsglesiaPladeNaTesa-600x387.jpg 600w\" sizes=\"auto, (max-width: 620px) 100vw, 620px\" \/><\/a><div class=\"gt-location\"><ul><li><a href=\"https:\/\/visitmarratxi.es\/es\/ubicacion\/iglesia-es-pla-de-na-tesa\/?post_type=venue\">Iglesia Es Pla de Na Tesa<\/a><\/li><li><a href=\"https:\/\/visitmarratxi.es\/es\/ubicacion\/pla-de-na-tesa-2\/?post_type=venue\">Pla de na Tesa<\/a><\/li><\/ul><\/div><\/div><div class=\"gt-title\"><a href=\"https:\/\/visitmarratxi.es\/es\/lugar\/iglesia-parroquial-sant-llatzer\/\">Iglesia Parroquial Sant Ll\u00e0tzer<\/a><\/div><div class=\"gt-excerpt\">Su importancia social Hasta mediados de siglo XIX, el n\u00facleo del Pla de na Tesa no dispon\u00eda de un templo propio. Alrededor del 1857, el propietario de Son Alegre, una de las posesiones m\u00e1s importantes de la zona, impuls\u00f3 la...<\/div><\/div><\/div><\/div><div class=\"gt-col\"><div class=\"gt-inner\"><div class=\"gt-venue-style-1\"><div class=\"gt-image\"><a href=\"https:\/\/visitmarratxi.es\/es\/lugar\/iglesia-sant-alonso\/\"><img loading=\"lazy\" decoding=\"async\" width=\"620\" height=\"400\" src=\"https:\/\/visitmarratxi.es\/wp-content\/uploads\/2022\/05\/DSC05218-2.jpg\" class=\"attachment-eventchamp-event-list size-eventchamp-event-list wp-post-image\" alt=\"\" srcset=\"https:\/\/visitmarratxi.es\/wp-content\/uploads\/2022\/05\/DSC05218-2.jpg 620w, https:\/\/visitmarratxi.es\/wp-content\/uploads\/2022\/05\/DSC05218-2-300x194.jpg 300w, https:\/\/visitmarratxi.es\/wp-content\/uploads\/2022\/05\/DSC05218-2-600x387.jpg 600w\" sizes=\"auto, (max-width: 620px) 100vw, 620px\" \/><\/a><div class=\"gt-location\"><ul><li><a href=\"https:\/\/visitmarratxi.es\/es\/ubicacion\/pont-dinca-2\/?post_type=venue\">Pont d&#039;Inca<\/a><\/li><\/ul><\/div><\/div><div class=\"gt-title\"><a href=\"https:\/\/visitmarratxi.es\/es\/lugar\/iglesia-sant-alonso\/\">Esgl\u00e9sia de Sant Alons<\/a><\/div><div class=\"gt-excerpt\">A finales del siglo XIX el n\u00facleo del Pont d\u2019 Inca ya superaba los 400 habitantes. Aun as\u00ed, no dispon\u00eda de un templo propio, motivo por el cual los pontdinqueros, ten\u00edan que ir a misa, primero hasta Sant Llatzet, y...<\/div><\/div><\/div><\/div><div class=\"gt-col\"><div class=\"gt-inner\"><div class=\"gt-venue-style-1\"><div class=\"gt-image\"><a href=\"https:\/\/visitmarratxi.es\/es\/lugar\/fabrica-textil-ses-llistes-2\/\"><img loading=\"lazy\" decoding=\"async\" width=\"620\" height=\"400\" src=\"https:\/\/visitmarratxi.es\/wp-content\/uploads\/2022\/05\/12.jpg\" class=\"attachment-eventchamp-event-list size-eventchamp-event-list wp-post-image\" alt=\"\" srcset=\"https:\/\/visitmarratxi.es\/wp-content\/uploads\/2022\/05\/12.jpg 620w, https:\/\/visitmarratxi.es\/wp-content\/uploads\/2022\/05\/12-300x194.jpg 300w, https:\/\/visitmarratxi.es\/wp-content\/uploads\/2022\/05\/12-600x387.jpg 600w\" sizes=\"auto, (max-width: 620px) 100vw, 620px\" \/><\/a><div class=\"gt-location\"><ul><li><a href=\"https:\/\/visitmarratxi.es\/es\/ubicacion\/pont-dinca-es\/?post_type=venue\">Pont d&#8217;Inca<\/a><\/li><\/ul><\/div><\/div><div class=\"gt-title\"><a href=\"https:\/\/visitmarratxi.es\/es\/lugar\/fabrica-textil-ses-llistes-2\/\">Antigua f\u00e1brica textil Ses Llistes<\/a><\/div><\/div><\/div><\/div><div class=\"gt-col\"><div class=\"gt-inner\"><div class=\"gt-venue-style-1\"><div class=\"gt-image\"><a href=\"https:\/\/visitmarratxi.es\/es\/lugar\/molino-de-can-pere-antoni\/\"><img loading=\"lazy\" decoding=\"async\" width=\"620\" height=\"400\" src=\"https:\/\/visitmarratxi.es\/wp-content\/uploads\/2022\/05\/DSC02350-1.jpg\" class=\"attachment-eventchamp-event-list size-eventchamp-event-list wp-post-image\" alt=\"\" srcset=\"https:\/\/visitmarratxi.es\/wp-content\/uploads\/2022\/05\/DSC02350-1.jpg 620w, https:\/\/visitmarratxi.es\/wp-content\/uploads\/2022\/05\/DSC02350-1-300x194.jpg 300w, https:\/\/visitmarratxi.es\/wp-content\/uploads\/2022\/05\/DSC02350-1-600x387.jpg 600w\" sizes=\"auto, (max-width: 620px) 100vw, 620px\" \/><\/a><div class=\"gt-location\"><ul><li><a href=\"https:\/\/visitmarratxi.es\/es\/ubicacion\/marratxi-es\/?post_type=venue\">Marratx\u00ed<\/a><\/li><\/ul><\/div><\/div><div class=\"gt-title\"><a href=\"https:\/\/visitmarratxi.es\/es\/lugar\/molino-de-can-pere-antoni\/\">Molino de ca&#8217;n Pere Antoni<\/a><\/div><div class=\"gt-excerpt\">Esta torre que observamos en la fachada forma parte de un antiguo molino de viento harinero, conocido popularmente como el Molino de ca\u2019n Pere Antoni. As\u00ed mismo, muy pr\u00f3ximo a este, encontramos tambi\u00e9n el Molino des Forn, en la calle...<\/div><\/div><\/div><\/div><div class=\"gt-col\"><div class=\"gt-inner\"><div class=\"gt-venue-style-1\"><div class=\"gt-image\"><a href=\"https:\/\/visitmarratxi.es\/es\/lugar\/reloj-de-sol\/\"><img loading=\"lazy\" decoding=\"async\" width=\"620\" height=\"400\" src=\"https:\/\/visitmarratxi.es\/wp-content\/uploads\/2022\/05\/DSC02330.jpg\" class=\"attachment-eventchamp-event-list size-eventchamp-event-list wp-post-image\" alt=\"\" srcset=\"https:\/\/visitmarratxi.es\/wp-content\/uploads\/2022\/05\/DSC02330.jpg 620w, https:\/\/visitmarratxi.es\/wp-content\/uploads\/2022\/05\/DSC02330-300x194.jpg 300w, https:\/\/visitmarratxi.es\/wp-content\/uploads\/2022\/05\/DSC02330-600x387.jpg 600w\" sizes=\"auto, (max-width: 620px) 100vw, 620px\" \/><\/a><div class=\"gt-location\"><ul><li><a href=\"https:\/\/visitmarratxi.es\/es\/ubicacion\/marratxi-es\/?post_type=venue\">Marratx\u00ed<\/a><\/li><\/ul><\/div><\/div><div class=\"gt-title\"><a href=\"https:\/\/visitmarratxi.es\/es\/lugar\/reloj-de-sol\/\">Reloj de Sol<\/a><\/div><div class=\"gt-excerpt\">Origen de los relojes solares Una de las preocupaciones m\u00e1s antiguas de la humanidad ha sido la de medir el tiempo. Observar los ciclos en el movimiento de la Luna, las estrellas y el Sol nos permiti\u00f3 ordenar y dividir...<\/div><\/div><\/div><\/div><div class=\"gt-col\"><div class=\"gt-inner\"><div class=\"gt-venue-style-1\"><div class=\"gt-image\"><a href=\"https:\/\/visitmarratxi.es\/es\/lugar\/puente-des-caulls\/\"><img loading=\"lazy\" decoding=\"async\" width=\"620\" height=\"400\" src=\"https:\/\/visitmarratxi.es\/wp-content\/uploads\/2022\/05\/DSC03515.jpg\" class=\"attachment-eventchamp-event-list size-eventchamp-event-list wp-post-image\" alt=\"\" srcset=\"https:\/\/visitmarratxi.es\/wp-content\/uploads\/2022\/05\/DSC03515.jpg 620w, https:\/\/visitmarratxi.es\/wp-content\/uploads\/2022\/05\/DSC03515-300x194.jpg 300w, https:\/\/visitmarratxi.es\/wp-content\/uploads\/2022\/05\/DSC03515-600x387.jpg 600w\" sizes=\"auto, (max-width: 620px) 100vw, 620px\" \/><\/a><div class=\"gt-location\"><ul><li><a href=\"https:\/\/visitmarratxi.es\/es\/ubicacion\/marratxi-es\/?post_type=venue\">Marratx\u00ed<\/a><\/li><\/ul><\/div><\/div><div class=\"gt-title\"><a href=\"https:\/\/visitmarratxi.es\/es\/lugar\/puente-des-caulls\/\">Puente d&#8217;Es Ca\u00fclls<\/a><\/div><div class=\"gt-excerpt\">Este puente, edificado con bloques de mar\u00e9s y datado en el siglo XIX, se reconstruy\u00f3 con el objetivo de salvar el obst\u00e1culo que supon\u00eda el torrente de Coanegra, mejorando as\u00ed la comunicaci\u00f3n entre dos destacadas posesiones: Es Ca\u00fclls y Son...<\/div><\/div><\/div><\/div><div class=\"gt-col\"><div class=\"gt-inner\"><div class=\"gt-venue-style-1\"><div class=\"gt-image\"><a href=\"https:\/\/visitmarratxi.es\/es\/lugar\/sant-marcal\/\"><img loading=\"lazy\" decoding=\"async\" width=\"620\" height=\"400\" src=\"https:\/\/visitmarratxi.es\/wp-content\/uploads\/2022\/05\/SantMarcal-3.jpg\" class=\"attachment-eventchamp-event-list size-eventchamp-event-list wp-post-image\" alt=\"\" srcset=\"https:\/\/visitmarratxi.es\/wp-content\/uploads\/2022\/05\/SantMarcal-3.jpg 620w, https:\/\/visitmarratxi.es\/wp-content\/uploads\/2022\/05\/SantMarcal-3-300x194.jpg 300w, https:\/\/visitmarratxi.es\/wp-content\/uploads\/2022\/05\/SantMarcal-3-600x387.jpg 600w\" sizes=\"auto, (max-width: 620px) 100vw, 620px\" \/><\/a><div class=\"gt-location\"><ul><li><a href=\"https:\/\/visitmarratxi.es\/es\/ubicacion\/sa-cabaneta\/?post_type=venue\">Sa Cabaneta<\/a><\/li><\/ul><\/div><\/div><div class=\"gt-title\"><a href=\"https:\/\/visitmarratxi.es\/es\/lugar\/sant-marcal\/\">Sant Mar\u00e7al<\/a><\/div><div class=\"gt-excerpt\">Esgl\u00e9sia de Sant Mar\u00e7al La primera iglesia que se conoce que existi\u00f3 en Marratx\u00ed fue en el siglo XIII, a\u00f1os despu\u00e9s de la conquista de Jaume I. Esta pertenec\u00eda a Santa Maria del Cam\u00ed y estaba dedicada a Sancta Maria...<\/div><\/div><\/div><\/div><div class=\"gt-col\"><div class=\"gt-inner\"><div class=\"gt-venue-style-1\"><div class=\"gt-image\"><a href=\"https:\/\/visitmarratxi.es\/es\/lugar\/marratxinet-3\/\"><img loading=\"lazy\" decoding=\"async\" width=\"620\" height=\"400\" src=\"https:\/\/visitmarratxi.es\/wp-content\/uploads\/2022\/05\/Diseno-sin-titulo-64.png\" class=\"attachment-eventchamp-event-list size-eventchamp-event-list wp-post-image\" alt=\"\" srcset=\"https:\/\/visitmarratxi.es\/wp-content\/uploads\/2022\/05\/Diseno-sin-titulo-64.png 620w, https:\/\/visitmarratxi.es\/wp-content\/uploads\/2022\/05\/Diseno-sin-titulo-64-300x194.png 300w, https:\/\/visitmarratxi.es\/wp-content\/uploads\/2022\/05\/Diseno-sin-titulo-64-600x387.png 600w\" sizes=\"auto, (max-width: 620px) 100vw, 620px\" \/><\/a><div class=\"gt-location\"><ul><li><a href=\"https:\/\/visitmarratxi.es\/es\/ubicacion\/marratxinet-es\/?post_type=venue\">Marratxinet<\/a><\/li><\/ul><\/div><\/div><div class=\"gt-title\"><a href=\"https:\/\/visitmarratxi.es\/es\/lugar\/marratxinet-3\/\">Marratxinet<\/a><\/div><\/div><\/div><\/div><div class=\"gt-col\"><div class=\"gt-inner\"><div class=\"gt-venue-style-1\"><div class=\"gt-image\"><a href=\"https:\/\/visitmarratxi.es\/es\/lugar\/olleries\/\"><img loading=\"lazy\" decoding=\"async\" width=\"620\" height=\"400\" src=\"https:\/\/visitmarratxi.es\/wp-content\/uploads\/2022\/02\/Olleries-2-3.jpg\" class=\"attachment-eventchamp-event-list size-eventchamp-event-list wp-post-image\" alt=\"Olleries\" srcset=\"https:\/\/visitmarratxi.es\/wp-content\/uploads\/2022\/02\/Olleries-2-3.jpg 620w, https:\/\/visitmarratxi.es\/wp-content\/uploads\/2022\/02\/Olleries-2-3-300x194.jpg 300w, https:\/\/visitmarratxi.es\/wp-content\/uploads\/2022\/02\/Olleries-2-3-600x387.jpg 600w\" sizes=\"auto, (max-width: 620px) 100vw, 620px\" \/><\/a><div class=\"gt-location\"><ul><li><a href=\"https:\/\/visitmarratxi.es\/es\/ubicacion\/marratxi-es\/?post_type=venue\">Marratx\u00ed<\/a><\/li><\/ul><\/div><\/div><div class=\"gt-title\"><a href=\"https:\/\/visitmarratxi.es\/es\/lugar\/olleries\/\">Olleries<\/a><\/div><div class=\"gt-excerpt\">\u00bfSab\u00edas que, las primeras ollas se fabricaban con arcilla blanca y tierra roja y se usaban para cocinar y conservar alimentos? Es una tradici\u00f3n que siglo tras siglo ha perdurado en el tiempo. La comida tiene otro gusto si se...<\/div><\/div><\/div><\/div><div class=\"gt-col\"><div class=\"gt-inner\"><div class=\"gt-venue-style-1\"><div class=\"gt-image\"><a href=\"https:\/\/visitmarratxi.es\/es\/lugar\/patrimonio\/\"><img loading=\"lazy\" decoding=\"async\" width=\"620\" height=\"400\" src=\"https:\/\/visitmarratxi.es\/wp-content\/uploads\/2022\/02\/SantMarcal.jpg\" class=\"attachment-eventchamp-event-list size-eventchamp-event-list wp-post-image\" alt=\"SantMar\u00e7al\" srcset=\"https:\/\/visitmarratxi.es\/wp-content\/uploads\/2022\/02\/SantMarcal.jpg 620w, https:\/\/visitmarratxi.es\/wp-content\/uploads\/2022\/02\/SantMarcal-300x194.jpg 300w, https:\/\/visitmarratxi.es\/wp-content\/uploads\/2022\/02\/SantMarcal-600x387.jpg 600w\" sizes=\"auto, (max-width: 620px) 100vw, 620px\" \/><\/a><div class=\"gt-location\"><ul><li><a href=\"https:\/\/visitmarratxi.es\/es\/ubicacion\/marratxi-es\/?post_type=venue\">Marratx\u00ed<\/a><\/li><li><a href=\"https:\/\/visitmarratxi.es\/es\/ubicacion\/pla-de-na-tesa-2\/?post_type=venue\">Pla de na Tesa<\/a><\/li><li><a href=\"https:\/\/visitmarratxi.es\/es\/ubicacion\/sa-cabaneta\/?post_type=venue\">Sa Cabaneta<\/a><\/li><\/ul><\/div><\/div><div class=\"gt-title\"><a href=\"https:\/\/visitmarratxi.es\/es\/lugar\/patrimonio\/\">Patrimonio<\/a><\/div><div class=\"gt-excerpt\">Si eres un apasionado del arte o la arquitectura, tienes una visita obligatoria por las diferentes iglesias de Marratx\u00ed. Cada una de ellas cuenta con un estilo diferente y una historia que las caracteriza. Sant\u00a0Mar\u00e7al, iglesia de estilo barroco donde...<\/div><\/div><\/div><\/div><div class=\"gt-col\"><div class=\"gt-inner\"><div class=\"gt-venue-style-1\"><div class=\"gt-image\"><a href=\"https:\/\/visitmarratxi.es\/es\/lugar\/museu-del-fang\/\"><img loading=\"lazy\" decoding=\"async\" width=\"620\" height=\"400\" src=\"https:\/\/visitmarratxi.es\/wp-content\/uploads\/2022\/02\/Museu-del-Fang-4-1.jpg\" class=\"attachment-eventchamp-event-list size-eventchamp-event-list wp-post-image\" alt=\"Museu del Fang\" srcset=\"https:\/\/visitmarratxi.es\/wp-content\/uploads\/2022\/02\/Museu-del-Fang-4-1.jpg 620w, https:\/\/visitmarratxi.es\/wp-content\/uploads\/2022\/02\/Museu-del-Fang-4-1-300x194.jpg 300w, https:\/\/visitmarratxi.es\/wp-content\/uploads\/2022\/02\/Museu-del-Fang-4-1-600x387.jpg 600w\" sizes=\"auto, (max-width: 620px) 100vw, 620px\" \/><\/a><div class=\"gt-location\"><ul><li><a href=\"https:\/\/visitmarratxi.es\/es\/ubicacion\/marratxi-es\/?post_type=venue\">Marratx\u00ed<\/a><\/li><\/ul><\/div><\/div><div class=\"gt-title\"><a href=\"https:\/\/visitmarratxi.es\/es\/lugar\/museu-del-fang\/\">Museo del Fang<\/a><\/div><div class=\"gt-excerpt\">Un molino de viento harinero es el edificio donde se encuentra el Museo del Fang. Establecimiento que el Ayuntamiento de Marratx\u00ed adquiri\u00f3 el 1977, pero no fue hasta el a\u00f1o 2002 cuando se reform\u00f3 y se abri\u00f3 como Museo del...<\/div><\/div><\/div><\/div><div class=\"gt-col\"><div class=\"gt-inner\"><div class=\"gt-venue-style-1\"><div class=\"gt-image\"><a href=\"https:\/\/visitmarratxi.es\/es\/lugar\/centro-cultural-sescorxador\/\"><img loading=\"lazy\" decoding=\"async\" width=\"620\" height=\"400\" src=\"https:\/\/visitmarratxi.es\/wp-content\/uploads\/2022\/02\/img_4355_escorxador_foto-1.jpg\" class=\"attachment-eventchamp-event-list size-eventchamp-event-list wp-post-image\" alt=\"escorxador\" srcset=\"https:\/\/visitmarratxi.es\/wp-content\/uploads\/2022\/02\/img_4355_escorxador_foto-1.jpg 620w, https:\/\/visitmarratxi.es\/wp-content\/uploads\/2022\/02\/img_4355_escorxador_foto-1-300x194.jpg 300w, https:\/\/visitmarratxi.es\/wp-content\/uploads\/2022\/02\/img_4355_escorxador_foto-1-600x387.jpg 600w\" sizes=\"auto, (max-width: 620px) 100vw, 620px\" \/><\/a><div class=\"gt-location\"><ul><li><a href=\"https:\/\/visitmarratxi.es\/es\/ubicacion\/marratxi-es\/?post_type=venue\">Marratx\u00ed<\/a><\/li><\/ul><\/div><\/div><div class=\"gt-title\"><a href=\"https:\/\/visitmarratxi.es\/es\/lugar\/centro-cultural-sescorxador\/\">Centro cultural s&#8217;Escorxador<\/a><\/div><div class=\"gt-excerpt\">S\u2019Escorxador es un espacio que ha sido recuperado por el Ayuntamiento, especialmente, como centro de exposiciones de arte. Adem\u00e1s podr\u00e9is encontrar tambi\u00e9n la escuela de cer\u00e1mica.<\/div><\/div><\/div><\/div><\/div><\/div>[\/vc_column][\/vc_row]<\/p>\n<\/div>","protected":false},"excerpt":{"rendered":"<p>[vc_row][vc_column][\/vc_column][\/vc_row][vc_row][vc_column][vc_empty_space height=\u00bb100px\u00bb][\/vc_column][\/vc_row][vc_row][vc_column][\/vc_column][\/vc_row]<\/p>\n","protected":false},"author":6,"featured_media":0,"parent":0,"menu_order":0,"comment_status":"closed","ping_status":"closed","template":"","meta":{"footnotes":""},"class_list":["post-3513","page","type-page","status-publish","hentry"],"_links":{"self":[{"href":"https:\/\/visitmarratxi.es\/es\/wp-json\/wp\/v2\/pages\/3513","targetHints":{"allow":["GET"]}}],"collection":[{"href":"https:\/\/visitmarratxi.es\/es\/wp-json\/wp\/v2\/pages"}],"about":[{"href":"https:\/\/visitmarratxi.es\/es\/wp-json\/wp\/v2\/types\/page"}],"author":[{"embeddable":true,"href":"https:\/\/visitmarratxi.es\/es\/wp-json\/wp\/v2\/users\/6"}],"replies":[{"embeddable":true,"href":"https:\/\/visitmarratxi.es\/es\/wp-json\/wp\/v2\/comments?post=3513"}],"version-history":[{"count":5,"href":"https:\/\/visitmarratxi.es\/es\/wp-json\/wp\/v2\/pages\/3513\/revisions"}],"predecessor-version":[{"id":11528,"href":"https:\/\/visitmarratxi.es\/es\/wp-json\/wp\/v2\/pages\/3513\/revisions\/11528"}],"wp:attachment":[{"href":"https:\/\/visitmarratxi.es\/es\/wp-json\/wp\/v2\/media?parent=3513"}],"curies":[{"name":"wp","href":"https:\/\/api.w.org\/{rel}","templated":true}]}}