{"id":10823,"date":"2021-12-23T10:27:37","date_gmt":"2021-12-23T08:27:37","guid":{"rendered":"https:\/\/marratxiesviu.es\/triar\/"},"modified":"2024-05-09T13:49:42","modified_gmt":"2024-05-09T11:49:42","slug":"triar","status":"publish","type":"page","link":"https:\/\/visitmarratxi.es\/fr\/triar\/","title":{"rendered":"L&rsquo;agenda"},"content":{"rendered":"<div class=\"wpb-content-wrapper\"><p>[vc_row][vc_column]<div class=\"gt-heading gt-dark gt-size1 gt-align-center\"><div class=\"gt-title\">AGENDA<\/div><div class=\"gt-separate\"><div class=\"gt-icon\"> <\/div><\/div><div class=\"gt-text\">Qu\u2019aimeriez-vous faire ? \u00ab L\u2019ennui \u00bb est un mot qui n\u2019existe pas \u00e0 Marratx\u00ed. Car Marratx\u00ed est vivant ! Vous pouvez maintenant choisir l\u2019activit\u00e9 que vous pr\u00e9f\u00e9rez et rester inform\u00e9 du programme dans chaque zone peupl\u00e9e. Vous \u00eates pr\u00eat ?<\/div><\/div>[\/vc_column][\/vc_row][vc_row][vc_column][vc_empty_space height=\u00a0\u00bb100px\u00a0\u00bb]<div class=\"gt-event-listing\"><div class=\"gt-columns gt-column-3\"><\/div><\/div>[vc_empty_space height=\u00a0\u00bb100px\u00a0\u00bb][\/vc_column][\/vc_row][vc_row][vc_column][vc_empty_space height=\u00a0\u00bb50px\u00a0\u00bb][vc_single_image image=\u00a0\u00bb8820&Prime; img_size=\u00a0\u00bbfull\u00a0\u00bb alignment=\u00a0\u00bbcenter\u00a0\u00bb onclick=\u00a0\u00bbcustom_link\u00a0\u00bb img_link_target=\u00a0\u00bb_blank\u00a0\u00bb link=\u00a0\u00bbhttps:\/\/espaijove.marratxi.es\/\u00a0\u00bb][\/vc_column][\/vc_row]<\/p>\n<\/div>","protected":false},"excerpt":{"rendered":"<p>[vc_row][vc_column][\/vc_column][\/vc_row][vc_row][vc_column][vc_empty_space height=\u00a0\u00bb100px\u00a0\u00bb][vc_empty_space height=\u00a0\u00bb100px\u00a0\u00bb][\/vc_column][\/vc_row][vc_row][vc_column][vc_empty_space height=\u00a0\u00bb50px\u00a0\u00bb][vc_single_image image=\u00a0\u00bb8820&Prime; img_size=\u00a0\u00bbfull\u00a0\u00bb alignment=\u00a0\u00bbcenter\u00a0\u00bb onclick=\u00a0\u00bbcustom_link\u00a0\u00bb img_link_target=\u00a0\u00bb_blank\u00a0\u00bb link=\u00a0\u00bbhttps:\/\/espaijove.marratxi.es\/\u00a0\u00bb][\/vc_column][\/vc_row]<\/p>\n","protected":false},"author":6,"featured_media":0,"parent":0,"menu_order":0,"comment_status":"closed","ping_status":"closed","template":"","meta":{"footnotes":""},"class_list":["post-10823","page","type-page","status-publish","hentry"],"_links":{"self":[{"href":"https:\/\/visitmarratxi.es\/fr\/wp-json\/wp\/v2\/pages\/10823","targetHints":{"allow":["GET"]}}],"collection":[{"href":"https:\/\/visitmarratxi.es\/fr\/wp-json\/wp\/v2\/pages"}],"about":[{"href":"https:\/\/visitmarratxi.es\/fr\/wp-json\/wp\/v2\/types\/page"}],"author":[{"embeddable":true,"href":"https:\/\/visitmarratxi.es\/fr\/wp-json\/wp\/v2\/users\/6"}],"replies":[{"embeddable":true,"href":"https:\/\/visitmarratxi.es\/fr\/wp-json\/wp\/v2\/comments?post=10823"}],"version-history":[{"count":5,"href":"https:\/\/visitmarratxi.es\/fr\/wp-json\/wp\/v2\/pages\/10823\/revisions"}],"predecessor-version":[{"id":12393,"href":"https:\/\/visitmarratxi.es\/fr\/wp-json\/wp\/v2\/pages\/10823\/revisions\/12393"}],"wp:attachment":[{"href":"https:\/\/visitmarratxi.es\/fr\/wp-json\/wp\/v2\/media?parent=10823"}],"curies":[{"name":"wp","href":"https:\/\/api.w.org\/{rel}","templated":true}]}}