{"id":10827,"date":"2021-12-23T10:26:57","date_gmt":"2021-12-23T08:26:57","guid":{"rendered":"https:\/\/marratxiesviu.es\/saber\/"},"modified":"2023-06-13T15:40:23","modified_gmt":"2023-06-13T13:40:23","slug":"saber","status":"publish","type":"page","link":"https:\/\/visitmarratxi.es\/fr\/saber\/","title":{"rendered":"Blog"},"content":{"rendered":"<div class=\"wpb-content-wrapper\"><p>[vc_row][vc_column]<div class=\"gt-heading gt-dark gt-size1 gt-align-center\"><div class=\"gt-title\">\u00c0 PROPOS DE MARRATX\u00cd<\/div><div class=\"gt-separate\"><div class=\"gt-icon\"> <\/div><\/div><div class=\"gt-text\">Vous souhaitez conna\u00eetre les nouvelles de Marratx\u00ed concernant les \u00e9v\u00e9nements de la commune ? Tenez-vous inform\u00e9 ici. Avec des nouvelles, des interviews, des reportages, des articles d\u2019opinions et plein d\u2019autres contenus. Que voulez-vous savoir?<\/div><\/div>[\/vc_column][\/vc_row][vc_row][vc_column][vc_empty_space height=\u00a0\u00bb100px\u00a0\u00bb][\/vc_column][\/vc_row][vc_row][vc_column]<div class=\"gt-blog gt-style4\"><div class=\"gt-columns gt-column-2 gt-column-space-30\"><div class=\"gt-col\"><div class=\"gt-inner\"><div class=\"gt-post-style-1\"><div class=\"gt-image\"><a href=\"https:\/\/visitmarratxi.es\/fr\/la-1ere-cursa-del-fang-rassemble-450-coureurs-sur-un-parcours-a-travers-les-poteries-de-portol\/\"><img loading=\"lazy\" decoding=\"async\" width=\"870\" height=\"550\" src=\"https:\/\/visitmarratxi.es\/wp-content\/uploads\/2024\/07\/cursafang-header-870x550.jpg\" class=\"attachment-eventchamp-big-post size-eventchamp-big-post wp-post-image\" alt=\"\" \/><\/a><div class=\"gt-category\"><ul class=\"post-categories\">\n\t<li><a href=\"https:\/\/visitmarratxi.es\/fr\/category\/evenements\/\" rel=\"category tag\">\u00c9v\u00e9nements<\/a><\/li>\n\t<li><a href=\"https:\/\/visitmarratxi.es\/fr\/category\/events-fr\/\" rel=\"category tag\">Events<\/a><\/li><\/ul><\/div><\/div><div class=\"gt-title\"><a href=\"https:\/\/visitmarratxi.es\/fr\/la-1ere-cursa-del-fang-rassemble-450-coureurs-sur-un-parcours-a-travers-les-poteries-de-portol\/\">La 1\u00e8re Cursa del Fang rassemble 450 coureurs sur un parcours \u00e0 travers les poteries de P\u00f2rtol<\/a><\/div><div class=\"gt-excerpt\">La course a r\u00e9uni des athl\u00e8tes de haut niveau comme Adri\u00e0 Ceballos, de l&rsquo;ADA Calvi\u00e0 et l&rsquo;Argentin Gianfranco Presti, vainqueur de la course de 7,5 km. L&rsquo;\u00e9v\u00e9nement comprenait une course non comp\u00e9titive avec le m\u00eame parcours et une course pour...<\/div><div class=\"gt-bottom\"><ul><li><svg xmlns=\"http:\/\/www.w3.org\/2000\/svg\" viewBox=\"0 0 24 24\" fill=\"none\" stroke=\"currentColor\" stroke-width=\"2\" stroke-linecap=\"round\" stroke-linejoin=\"round\"><rect x=\"3\" y=\"4\" width=\"18\" height=\"18\" rx=\"2\" ry=\"2\"><\/rect><line x1=\"16\" y1=\"2\" x2=\"16\" y2=\"6\"><\/line><line x1=\"8\" y1=\"2\" x2=\"8\" y2=\"6\"><\/line><line x1=\"3\" y1=\"10\" x2=\"21\" y2=\"10\"><\/line><\/svg>22\/07\/2024<\/li><li><svg xmlns=\"http:\/\/www.w3.org\/2000\/svg\" viewBox=\"0 0 24 24\" fill=\"none\" stroke=\"currentColor\" stroke-width=\"2\" stroke-linecap=\"round\" stroke-linejoin=\"round\"><path d=\"M21 11.5a8.38 8.38 0 0 1-.9 3.8 8.5 8.5 0 0 1-7.6 4.7 8.38 8.38 0 0 1-3.8-.9L3 21l1.9-5.7a8.38 8.38 0 0 1-.9-3.8 8.5 8.5 0 0 1 4.7-7.6 8.38 8.38 0 0 1 3.8-.9h.5a8.48 8.48 0 0 1 8 8v.5z\"><\/path><\/svg>0 Comment<\/li><\/ul><\/div><\/div><\/div><\/div><div class=\"gt-col\"><div class=\"gt-inner\"><div class=\"gt-post-style-1\"><div class=\"gt-image\"><a href=\"https:\/\/visitmarratxi.es\/fr\/es-forn-des-pla-de-na-tesa-fete-son-125e-anniversaire-avec-une-grande-fete\/\"><img loading=\"lazy\" decoding=\"async\" width=\"870\" height=\"550\" src=\"https:\/\/visitmarratxi.es\/wp-content\/uploads\/2024\/07\/esfornPDNT-header-870x550.jpg\" class=\"attachment-eventchamp-big-post size-eventchamp-big-post wp-post-image\" alt=\"\" \/><\/a><div class=\"gt-category\"><ul class=\"post-categories\">\n\t<li><a href=\"https:\/\/visitmarratxi.es\/fr\/category\/ceramique\/\" rel=\"category tag\">C\u00e9ramique<\/a><\/li>\n\t<li><a href=\"https:\/\/visitmarratxi.es\/fr\/category\/evenements\/\" rel=\"category tag\">\u00c9v\u00e9nements<\/a><\/li>\n\t<li><a href=\"https:\/\/visitmarratxi.es\/en\/category\/events-en-2\/\" rel=\"category tag\">Events<\/a><\/li><\/ul><\/div><\/div><div class=\"gt-title\"><a href=\"https:\/\/visitmarratxi.es\/fr\/es-forn-des-pla-de-na-tesa-fete-son-125e-anniversaire-avec-une-grande-fete\/\">Es Forn d&rsquo;Es Pla de na Tesa f\u00eate son 125e anniversaire avec une grande f\u00eate<\/a><\/div><div class=\"gt-excerpt\">Des centaines de participants ont c\u00e9l\u00e9br\u00e9 avec de la musique et de la nourriture l&rsquo;anniversaire d&rsquo;une boulangerie qui affirme que \u00ab\u00a0la tradition et l&rsquo;innovation peuvent parfaitement coexister\u00a0\u00bb. Ant\u00f2nia Roca, Ministre du Patrimoine du Conseil Insulaire de Majorque : \u00ab C\u00e9l\u00e9brer...<\/div><div class=\"gt-bottom\"><ul><li><svg xmlns=\"http:\/\/www.w3.org\/2000\/svg\" viewBox=\"0 0 24 24\" fill=\"none\" stroke=\"currentColor\" stroke-width=\"2\" stroke-linecap=\"round\" stroke-linejoin=\"round\"><rect x=\"3\" y=\"4\" width=\"18\" height=\"18\" rx=\"2\" ry=\"2\"><\/rect><line x1=\"16\" y1=\"2\" x2=\"16\" y2=\"6\"><\/line><line x1=\"8\" y1=\"2\" x2=\"8\" y2=\"6\"><\/line><line x1=\"3\" y1=\"10\" x2=\"21\" y2=\"10\"><\/line><\/svg>16\/07\/2024<\/li><li><svg xmlns=\"http:\/\/www.w3.org\/2000\/svg\" viewBox=\"0 0 24 24\" fill=\"none\" stroke=\"currentColor\" stroke-width=\"2\" stroke-linecap=\"round\" stroke-linejoin=\"round\"><path d=\"M21 11.5a8.38 8.38 0 0 1-.9 3.8 8.5 8.5 0 0 1-7.6 4.7 8.38 8.38 0 0 1-3.8-.9L3 21l1.9-5.7a8.38 8.38 0 0 1-.9-3.8 8.5 8.5 0 0 1 4.7-7.6 8.38 8.38 0 0 1 3.8-.9h.5a8.48 8.48 0 0 1 8 8v.5z\"><\/path><\/svg>0 Comment<\/li><\/ul><\/div><\/div><\/div><\/div><div class=\"gt-col\"><div class=\"gt-inner\"><div class=\"gt-post-style-1\"><div class=\"gt-image\"><a href=\"https:\/\/visitmarratxi.es\/fr\/fang-tapa-reitere-son-succes-avec-davantage-de-restaurants-participants\/\"><img loading=\"lazy\" decoding=\"async\" width=\"870\" height=\"550\" src=\"https:\/\/visitmarratxi.es\/wp-content\/uploads\/2024\/07\/fangtapa-870x550.jpg\" class=\"attachment-eventchamp-big-post size-eventchamp-big-post wp-post-image\" alt=\"\" \/><\/a><div class=\"gt-category\"><ul class=\"post-categories\">\n\t<li><a href=\"https:\/\/visitmarratxi.es\/fr\/category\/evenements\/\" rel=\"category tag\">\u00c9v\u00e9nements<\/a><\/li>\n\t<li><a href=\"https:\/\/visitmarratxi.es\/fr\/category\/la-gastronomie\/\" rel=\"category tag\">La gastronomie<\/a><\/li><\/ul><\/div><\/div><div class=\"gt-title\"><a href=\"https:\/\/visitmarratxi.es\/fr\/fang-tapa-reitere-son-succes-avec-davantage-de-restaurants-participants\/\">Fang Tapa r\u00e9it\u00e8re son succ\u00e8s avec davantage de restaurants participants<\/a><\/div><div class=\"gt-excerpt\">10 \u00e9tablissements ont particip\u00e9 au parcours du train \u00e0 tapas, avec deux nouveaut\u00e9s par rapport \u00e0 l&rsquo;ann\u00e9e derni\u00e8re Odette Torres: \u00abAvec cette \u00e9dition, nous rendons l&rsquo;exp\u00e9rience utilisateur encore meilleure, avec plus de bars et de tapas disponibles\u00bb Le Fang Tapa...<\/div><div class=\"gt-bottom\"><ul><li><svg xmlns=\"http:\/\/www.w3.org\/2000\/svg\" viewBox=\"0 0 24 24\" fill=\"none\" stroke=\"currentColor\" stroke-width=\"2\" stroke-linecap=\"round\" stroke-linejoin=\"round\"><rect x=\"3\" y=\"4\" width=\"18\" height=\"18\" rx=\"2\" ry=\"2\"><\/rect><line x1=\"16\" y1=\"2\" x2=\"16\" y2=\"6\"><\/line><line x1=\"8\" y1=\"2\" x2=\"8\" y2=\"6\"><\/line><line x1=\"3\" y1=\"10\" x2=\"21\" y2=\"10\"><\/line><\/svg>15\/07\/2024<\/li><li><svg xmlns=\"http:\/\/www.w3.org\/2000\/svg\" viewBox=\"0 0 24 24\" fill=\"none\" stroke=\"currentColor\" stroke-width=\"2\" stroke-linecap=\"round\" stroke-linejoin=\"round\"><path d=\"M21 11.5a8.38 8.38 0 0 1-.9 3.8 8.5 8.5 0 0 1-7.6 4.7 8.38 8.38 0 0 1-3.8-.9L3 21l1.9-5.7a8.38 8.38 0 0 1-.9-3.8 8.5 8.5 0 0 1 4.7-7.6 8.38 8.38 0 0 1 3.8-.9h.5a8.48 8.48 0 0 1 8 8v.5z\"><\/path><\/svg>0 Comment<\/li><\/ul><\/div><\/div><\/div><\/div><div class=\"gt-col\"><div class=\"gt-inner\"><div class=\"gt-post-style-1\"><div class=\"gt-image\"><a href=\"https:\/\/visitmarratxi.es\/fr\/marratxi-inaugure-lespace-dexposition-de-sa-refinadora-avec-le-xxxviie-concours-de-peinture-de-sant-marcal\/\"><img loading=\"lazy\" decoding=\"async\" width=\"870\" height=\"550\" src=\"https:\/\/visitmarratxi.es\/wp-content\/uploads\/2024\/07\/sarefinadora-870x550.jpg\" class=\"attachment-eventchamp-big-post size-eventchamp-big-post wp-post-image\" alt=\"\" \/><\/a><div class=\"gt-category\"><ul class=\"post-categories\">\n\t<li><a href=\"https:\/\/visitmarratxi.es\/fr\/category\/art-fr\/\" rel=\"category tag\">Art<\/a><\/li>\n\t<li><a href=\"https:\/\/visitmarratxi.es\/fr\/category\/culture\/\" rel=\"category tag\">Culture<\/a><\/li>\n\t<li><a href=\"https:\/\/visitmarratxi.es\/fr\/category\/espace-culturel\/\" rel=\"category tag\">Espace culturel<\/a><\/li>\n\t<li><a href=\"https:\/\/visitmarratxi.es\/fr\/category\/evenements\/\" rel=\"category tag\">\u00c9v\u00e9nements<\/a><\/li>\n\t<li><a href=\"https:\/\/visitmarratxi.es\/fr\/category\/events-fr\/\" rel=\"category tag\">Events<\/a><\/li><\/ul><\/div><\/div><div class=\"gt-title\"><a href=\"https:\/\/visitmarratxi.es\/fr\/marratxi-inaugure-lespace-dexposition-de-sa-refinadora-avec-le-xxxviie-concours-de-peinture-de-sant-marcal\/\">Marratx\u00ed inaugure l&rsquo;espace d&rsquo;exposition de Sa Refinadora avec le XXXVIIe Concours de Peinture de Sant Mar\u00e7al<\/a><\/div><div class=\"gt-excerpt\">L&rsquo;exposition du concours marque l&rsquo;inauguration du nouvel espace d&rsquo;expositions apr\u00e8s l&rsquo;ach\u00e8vement de la premi\u00e8re phase des travaux de r\u00e9novation. Pepa Saut\u00e9 Ripoll, avec son \u0153uvre \u00abM\u00e9trica\u00bb, a remport\u00e9 le prix, qui s&rsquo;\u00e9l\u00e8ve cette ann\u00e9e \u00e0 8 000 euros. Pepa Saut\u00e9...<\/div><div class=\"gt-bottom\"><ul><li><svg xmlns=\"http:\/\/www.w3.org\/2000\/svg\" viewBox=\"0 0 24 24\" fill=\"none\" stroke=\"currentColor\" stroke-width=\"2\" stroke-linecap=\"round\" stroke-linejoin=\"round\"><rect x=\"3\" y=\"4\" width=\"18\" height=\"18\" rx=\"2\" ry=\"2\"><\/rect><line x1=\"16\" y1=\"2\" x2=\"16\" y2=\"6\"><\/line><line x1=\"8\" y1=\"2\" x2=\"8\" y2=\"6\"><\/line><line x1=\"3\" y1=\"10\" x2=\"21\" y2=\"10\"><\/line><\/svg>08\/07\/2024<\/li><li><svg xmlns=\"http:\/\/www.w3.org\/2000\/svg\" viewBox=\"0 0 24 24\" fill=\"none\" stroke=\"currentColor\" stroke-width=\"2\" stroke-linecap=\"round\" stroke-linejoin=\"round\"><path d=\"M21 11.5a8.38 8.38 0 0 1-.9 3.8 8.5 8.5 0 0 1-7.6 4.7 8.38 8.38 0 0 1-3.8-.9L3 21l1.9-5.7a8.38 8.38 0 0 1-.9-3.8 8.5 8.5 0 0 1 4.7-7.6 8.38 8.38 0 0 1 3.8-.9h.5a8.48 8.48 0 0 1 8 8v.5z\"><\/path><\/svg>0 Comment<\/li><\/ul><\/div><\/div><\/div><\/div><div class=\"gt-col\"><div class=\"gt-inner\"><div class=\"gt-post-style-1\"><div class=\"gt-image\"><a href=\"https:\/\/visitmarratxi.es\/fr\/sept-olleries-de-marratxi-recoivent-la-distinction-emblematics-balears\/\"><img loading=\"lazy\" decoding=\"async\" width=\"870\" height=\"550\" src=\"https:\/\/visitmarratxi.es\/wp-content\/uploads\/2024\/07\/olleria1-870x550.jpg\" class=\"attachment-eventchamp-big-post size-eventchamp-big-post wp-post-image\" alt=\"\" \/><\/a><div class=\"gt-category\"><ul class=\"post-categories\">\n\t<li><a href=\"https:\/\/visitmarratxi.es\/fr\/category\/ceramique\/\" rel=\"category tag\">C\u00e9ramique<\/a><\/li>\n\t<li><a href=\"https:\/\/visitmarratxi.es\/fr\/category\/culture\/\" rel=\"category tag\">Culture<\/a><\/li>\n\t<li><a href=\"https:\/\/visitmarratxi.es\/fr\/category\/evenements\/\" rel=\"category tag\">\u00c9v\u00e9nements<\/a><\/li><\/ul><\/div><\/div><div class=\"gt-title\"><a href=\"https:\/\/visitmarratxi.es\/fr\/sept-olleries-de-marratxi-recoivent-la-distinction-emblematics-balears\/\">Sept \u00abolleries\u00bb de Marratx\u00ed re\u00e7oivent la distinction Emblem\u00e0tics Balears<\/a><\/div><div class=\"gt-excerpt\">Alejandro S\u00e1enz de San Pedro : \u00ab\u00a0Il est crucial de valoriser le travail quotidien de ces petites entreprises et des artisans avec ce type de distinctions\u00a0\u00bb Jaume Llompart : \u00ab\u00a0Les siurells et les pots sont un point de liaison et...<\/div><div class=\"gt-bottom\"><ul><li><svg xmlns=\"http:\/\/www.w3.org\/2000\/svg\" viewBox=\"0 0 24 24\" fill=\"none\" stroke=\"currentColor\" stroke-width=\"2\" stroke-linecap=\"round\" stroke-linejoin=\"round\"><rect x=\"3\" y=\"4\" width=\"18\" height=\"18\" rx=\"2\" ry=\"2\"><\/rect><line x1=\"16\" y1=\"2\" x2=\"16\" y2=\"6\"><\/line><line x1=\"8\" y1=\"2\" x2=\"8\" y2=\"6\"><\/line><line x1=\"3\" y1=\"10\" x2=\"21\" y2=\"10\"><\/line><\/svg>08\/07\/2024<\/li><li><svg xmlns=\"http:\/\/www.w3.org\/2000\/svg\" viewBox=\"0 0 24 24\" fill=\"none\" stroke=\"currentColor\" stroke-width=\"2\" stroke-linecap=\"round\" stroke-linejoin=\"round\"><path d=\"M21 11.5a8.38 8.38 0 0 1-.9 3.8 8.5 8.5 0 0 1-7.6 4.7 8.38 8.38 0 0 1-3.8-.9L3 21l1.9-5.7a8.38 8.38 0 0 1-.9-3.8 8.5 8.5 0 0 1 4.7-7.6 8.38 8.38 0 0 1 3.8-.9h.5a8.48 8.48 0 0 1 8 8v.5z\"><\/path><\/svg>0 Comment<\/li><\/ul><\/div><\/div><\/div><\/div><div class=\"gt-col\"><div class=\"gt-inner\"><div class=\"gt-post-style-1\"><div class=\"gt-image\"><a href=\"https:\/\/visitmarratxi.es\/fr\/le-rock-local-inaugure-les-festes-de-sant-marcal-avec-plus-de-700-participants-et-une-douzaine-de-groupes-au-marrockxi\/\"><img loading=\"lazy\" decoding=\"async\" width=\"859\" height=\"550\" src=\"https:\/\/visitmarratxi.es\/wp-content\/uploads\/2024\/06\/marrockxi-859x550.png\" class=\"attachment-eventchamp-big-post size-eventchamp-big-post wp-post-image\" alt=\"\" \/><\/a><div class=\"gt-category\"><ul class=\"post-categories\">\n\t<li><a href=\"https:\/\/visitmarratxi.es\/fr\/category\/evenements\/\" rel=\"category tag\">\u00c9v\u00e9nements<\/a><\/li>\n\t<li><a href=\"https:\/\/visitmarratxi.es\/fr\/category\/musique\/\" rel=\"category tag\">Musique<\/a><\/li><\/ul><\/div><\/div><div class=\"gt-title\"><a href=\"https:\/\/visitmarratxi.es\/fr\/le-rock-local-inaugure-les-festes-de-sant-marcal-avec-plus-de-700-participants-et-une-douzaine-de-groupes-au-marrockxi\/\">Le rock local inaugure les Festes de Sant Mar\u00e7al avec plus de 700 participants et une douzaine de groupes au Marrockx\u00ed<\/a><\/div><div class=\"gt-excerpt\">La Conseill\u00e8re pour la Jeunesse, Carlota Ariza : \u00ab\u00a0Nous sommes tr\u00e8s heureux car c&rsquo;\u00e9tait complet et ils ont c\u00e9l\u00e9br\u00e9 jusqu&rsquo;au bout.\u00a0\u00bb Plus de six heures de musique ont pouss\u00e9 des centaines de fans de rock \u00e0 remplir le Rotllo de...<\/div><div class=\"gt-bottom\"><ul><li><svg xmlns=\"http:\/\/www.w3.org\/2000\/svg\" viewBox=\"0 0 24 24\" fill=\"none\" stroke=\"currentColor\" stroke-width=\"2\" stroke-linecap=\"round\" stroke-linejoin=\"round\"><rect x=\"3\" y=\"4\" width=\"18\" height=\"18\" rx=\"2\" ry=\"2\"><\/rect><line x1=\"16\" y1=\"2\" x2=\"16\" y2=\"6\"><\/line><line x1=\"8\" y1=\"2\" x2=\"8\" y2=\"6\"><\/line><line x1=\"3\" y1=\"10\" x2=\"21\" y2=\"10\"><\/line><\/svg>24\/06\/2024<\/li><li><svg xmlns=\"http:\/\/www.w3.org\/2000\/svg\" viewBox=\"0 0 24 24\" fill=\"none\" stroke=\"currentColor\" stroke-width=\"2\" stroke-linecap=\"round\" stroke-linejoin=\"round\"><path d=\"M21 11.5a8.38 8.38 0 0 1-.9 3.8 8.5 8.5 0 0 1-7.6 4.7 8.38 8.38 0 0 1-3.8-.9L3 21l1.9-5.7a8.38 8.38 0 0 1-.9-3.8 8.5 8.5 0 0 1 4.7-7.6 8.38 8.38 0 0 1 3.8-.9h.5a8.48 8.48 0 0 1 8 8v.5z\"><\/path><\/svg>0 Comment<\/li><\/ul><\/div><\/div><\/div><\/div><\/div><nav class=\"gt-pagination\"><ul><li><a href=\"https:\/\/visitmarratxi.es\/fr\/wp-json\/wp\/v2\/pages\/10827\/page\/2\/\" >Suivant<\/a><\/li><\/ul><\/nav><\/div>[\/vc_column][\/vc_row]<\/p>\n<\/div>","protected":false},"excerpt":{"rendered":"<p>[vc_row][vc_column][\/vc_column][\/vc_row][vc_row][vc_column][vc_empty_space height=\u00a0\u00bb100px\u00a0\u00bb][\/vc_column][\/vc_row][vc_row][vc_column][\/vc_column][\/vc_row]<\/p>\n","protected":false},"author":6,"featured_media":0,"parent":0,"menu_order":0,"comment_status":"closed","ping_status":"closed","template":"","meta":{"footnotes":""},"class_list":["post-10827","page","type-page","status-publish","hentry"],"_links":{"self":[{"href":"https:\/\/visitmarratxi.es\/fr\/wp-json\/wp\/v2\/pages\/10827","targetHints":{"allow":["GET"]}}],"collection":[{"href":"https:\/\/visitmarratxi.es\/fr\/wp-json\/wp\/v2\/pages"}],"about":[{"href":"https:\/\/visitmarratxi.es\/fr\/wp-json\/wp\/v2\/types\/page"}],"author":[{"embeddable":true,"href":"https:\/\/visitmarratxi.es\/fr\/wp-json\/wp\/v2\/users\/6"}],"replies":[{"embeddable":true,"href":"https:\/\/visitmarratxi.es\/fr\/wp-json\/wp\/v2\/comments?post=10827"}],"version-history":[{"count":2,"href":"https:\/\/visitmarratxi.es\/fr\/wp-json\/wp\/v2\/pages\/10827\/revisions"}],"predecessor-version":[{"id":10970,"href":"https:\/\/visitmarratxi.es\/fr\/wp-json\/wp\/v2\/pages\/10827\/revisions\/10970"}],"wp:attachment":[{"href":"https:\/\/visitmarratxi.es\/fr\/wp-json\/wp\/v2\/media?parent=10827"}],"curies":[{"name":"wp","href":"https:\/\/api.w.org\/{rel}","templated":true}]}}