{"id":10831,"date":"2021-12-23T10:27:13","date_gmt":"2021-12-23T08:27:13","guid":{"rendered":"https:\/\/marratxiesviu.es\/tastar\/"},"modified":"2023-06-15T14:56:50","modified_gmt":"2023-06-15T12:56:50","slug":"tastar","status":"publish","type":"page","link":"https:\/\/visitmarratxi.es\/fr\/tastar\/","title":{"rendered":"Gastronomia"},"content":{"rendered":"<div class=\"wpb-content-wrapper\"><p>[vc_row][vc_column]<div class=\"gt-heading gt-dark gt-size1 gt-align-center\"><div class=\"gt-title\">PRODUITS ET LIEUX<\/div><div class=\"gt-separate\"><div class=\"gt-icon\"> <\/div><\/div><div class=\"gt-text\">La cr\u00e9ativit\u00e9, les diff\u00e9rentes saveurs, la qualit\u00e9, la mode, l&#039;artisanat, l&#039;art et le bon go\u00fbt sont tr\u00e8s pr\u00e9sents \u00e0 Marratx\u00ed. Ici, vous pourrez profiter de la meilleure gastronomie et d&#039;un service soign\u00e9 avec toutes sortes de restaurants et de produits authentiques dans des boutiques embl\u00e9matiques.<\/div><\/div>[\/vc_column][\/vc_row][vc_row][vc_column][vc_empty_space height=\u00a0\u00bb100px\u00a0\u00bb][\/vc_column][\/vc_row][vc_row][vc_column]<div class=\"gt-venue-listing\"><div class=\"gt-columns gt-column-2\"><div class=\"gt-col\"><div class=\"gt-inner\"><div class=\"gt-venue-style-1\"><div class=\"gt-image\"><a href=\"https:\/\/visitmarratxi.es\/fr\/venue\/125-anniversaire-de-es-forn-del-pla-de-na-tesa\/\"><img loading=\"lazy\" decoding=\"async\" width=\"800\" height=\"579\" src=\"https:\/\/visitmarratxi.es\/wp-content\/uploads\/2024\/06\/esforn_pladenatesa-800x579.jpg\" class=\"attachment-eventchamp-event-list size-eventchamp-event-list wp-post-image\" alt=\"\" \/><\/a><div class=\"gt-location\"><ul><li><a href=\"https:\/\/visitmarratxi.es\/fr\/location\/cami-de-son-alegre-4\/?post_type=venue\">Cam\u00ed de Son Alegre<\/a><\/li><li><a href=\"https:\/\/visitmarratxi.es\/fr\/location\/marratxi-fr\/?post_type=venue\">Marratx\u00ed<\/a><\/li><\/ul><\/div><\/div><div class=\"gt-title\"><a href=\"https:\/\/visitmarratxi.es\/fr\/venue\/125-anniversaire-de-es-forn-del-pla-de-na-tesa\/\">125e anniversaire de \u00ab\u00a0es Forn\u00a0\u00bb del Pla de na Tesa<\/a><\/div><div class=\"gt-excerpt\">HISTOIRE Les murs du Forn del Pla de na Tesa pr\u00e9servent 125 ans d&rsquo;une riche histoire familiale qui, g\u00e9n\u00e9ration apr\u00e8s g\u00e9n\u00e9ration, a pr\u00e9serv\u00e9 la tradition et l&rsquo;excellence artisanale, devenant ainsi une entreprise embl\u00e9matique de la commune de Marratx\u00ed. Le 1er...<\/div><\/div><\/div><\/div><div class=\"gt-col\"><div class=\"gt-inner\"><div class=\"gt-venue-style-1\"><div class=\"gt-image\"><a href=\"https:\/\/visitmarratxi.es\/fr\/venue\/ron-amazonas\/\"><img loading=\"lazy\" decoding=\"async\" width=\"620\" height=\"400\" src=\"https:\/\/visitmarratxi.es\/wp-content\/uploads\/2022\/03\/620x400-Amazona.jpg\" class=\"attachment-eventchamp-event-list size-eventchamp-event-list wp-post-image\" alt=\"\" srcset=\"https:\/\/visitmarratxi.es\/wp-content\/uploads\/2022\/03\/620x400-Amazona.jpg 620w, https:\/\/visitmarratxi.es\/wp-content\/uploads\/2022\/03\/620x400-Amazona-300x194.jpg 300w, https:\/\/visitmarratxi.es\/wp-content\/uploads\/2022\/03\/620x400-Amazona-600x387.jpg 600w\" sizes=\"auto, (max-width: 620px) 100vw, 620px\" \/><\/a><div class=\"gt-location\"><ul><li><a href=\"https:\/\/visitmarratxi.es\/fr\/location\/marratxi-fr\/?post_type=venue\">Marratx\u00ed<\/a><\/li><\/ul><\/div><\/div><div class=\"gt-title\"><a href=\"https:\/\/visitmarratxi.es\/fr\/venue\/ron-amazonas\/\">Rhum Amazona<\/a><\/div><div class=\"gt-excerpt\">Le rhum doux est une des boissons les plus typiques de Majorque et elle est fabriqu\u00e9e \u00e0 Marratx\u00ed depuis 1982 gr\u00e2ce \u00e0 l\u2019entreprise Limsa. Une entreprise de tradition qui \u00e9labore de l\u2019anisette, des liqueurs et du rhum.\u00a0 Aujourd\u2019hui, ils produisent...<\/div><\/div><\/div><\/div><div class=\"gt-col\"><div class=\"gt-inner\"><div class=\"gt-venue-style-1\"><div class=\"gt-image\"><a href=\"https:\/\/visitmarratxi.es\/fr\/venue\/bodegues-tunel\/\"><img loading=\"lazy\" decoding=\"async\" width=\"620\" height=\"400\" src=\"https:\/\/visitmarratxi.es\/wp-content\/uploads\/2022\/03\/620x400-Tunel.jpg\" class=\"attachment-eventchamp-event-list size-eventchamp-event-list wp-post-image\" alt=\"\" srcset=\"https:\/\/visitmarratxi.es\/wp-content\/uploads\/2022\/03\/620x400-Tunel.jpg 620w, https:\/\/visitmarratxi.es\/wp-content\/uploads\/2022\/03\/620x400-Tunel-300x194.jpg 300w, https:\/\/visitmarratxi.es\/wp-content\/uploads\/2022\/03\/620x400-Tunel-600x387.jpg 600w\" sizes=\"auto, (max-width: 620px) 100vw, 620px\" \/><\/a><div class=\"gt-location\"><ul><li><a href=\"https:\/\/visitmarratxi.es\/fr\/location\/marratxi-fr\/?post_type=venue\">Marratx\u00ed<\/a><\/li><\/ul><\/div><\/div><div class=\"gt-title\"><a href=\"https:\/\/visitmarratxi.es\/fr\/venue\/bodegues-tunel\/\">Les Herbes T\u00fanel<\/a><\/div><div class=\"gt-excerpt\">Distribucions T\u00fanel, autrefois nomm\u00e9es Bodegas T\u00fanel, est une entreprise familiale de distribution de vins et de liqueur fond\u00e9e en 1986 situ\u00e9e \u00e0 Marratx\u00ed. Elle est devenue un des plus grands distributeurs des Bal\u00e9ares.\u00a0 Herbes s\u00e9ch\u00e9es, douces ou m\u00e9lang\u00e9es Les herbes...<\/div><\/div><\/div><\/div><div class=\"gt-col\"><div class=\"gt-inner\"><div class=\"gt-venue-style-1\"><div class=\"gt-image\"><a href=\"https:\/\/visitmarratxi.es\/fr\/venue\/bodegues-suau\/\"><img loading=\"lazy\" decoding=\"async\" width=\"620\" height=\"400\" src=\"https:\/\/visitmarratxi.es\/wp-content\/uploads\/2022\/03\/12.jpg\" class=\"attachment-eventchamp-event-list size-eventchamp-event-list wp-post-image\" alt=\"\" srcset=\"https:\/\/visitmarratxi.es\/wp-content\/uploads\/2022\/03\/12.jpg 620w, https:\/\/visitmarratxi.es\/wp-content\/uploads\/2022\/03\/12-300x194.jpg 300w, https:\/\/visitmarratxi.es\/wp-content\/uploads\/2022\/03\/12-600x387.jpg 600w\" sizes=\"auto, (max-width: 620px) 100vw, 620px\" \/><\/a><div class=\"gt-location\"><ul><li><a href=\"https:\/\/visitmarratxi.es\/fr\/location\/marratxi-fr\/?post_type=venue\">Marratx\u00ed<\/a><\/li><\/ul><\/div><\/div><div class=\"gt-title\"><a href=\"https:\/\/visitmarratxi.es\/fr\/venue\/bodegues-suau\/\">Bodegues Suau<\/a><\/div><div class=\"gt-excerpt\">Le brandy avec le gin Premium sont les produits phares de Bodegas Suau. Des bodegas qui s\u2019engagent dans l\u2019innovation. Leur derni\u00e8re cr\u00e9ation est un brandy de 8 ans avec une touche d\u2019oranges mac\u00e9r\u00e9es. Un go\u00fbt unique tr\u00e8s demand\u00e9 aux \u00c9tats-Unis....<\/div><\/div><\/div><\/div><div class=\"gt-col\"><div class=\"gt-inner\"><div class=\"gt-venue-style-1\"><div class=\"gt-image\"><a href=\"https:\/\/visitmarratxi.es\/fr\/venue\/fang-cuina\/\"><img loading=\"lazy\" decoding=\"async\" width=\"620\" height=\"400\" src=\"https:\/\/visitmarratxi.es\/wp-content\/uploads\/2022\/02\/Fang-Cuina-2-1.jpg\" class=\"attachment-eventchamp-event-list size-eventchamp-event-list wp-post-image\" alt=\"\" srcset=\"https:\/\/visitmarratxi.es\/wp-content\/uploads\/2022\/02\/Fang-Cuina-2-1.jpg 620w, https:\/\/visitmarratxi.es\/wp-content\/uploads\/2022\/02\/Fang-Cuina-2-1-300x194.jpg 300w, https:\/\/visitmarratxi.es\/wp-content\/uploads\/2022\/02\/Fang-Cuina-2-1-600x387.jpg 600w\" sizes=\"auto, (max-width: 620px) 100vw, 620px\" \/><\/a><div class=\"gt-location\"><ul><li><a href=\"https:\/\/visitmarratxi.es\/fr\/location\/marratxi-fr\/?post_type=venue\">Marratx\u00ed<\/a><\/li><\/ul><\/div><\/div><div class=\"gt-title\"><a href=\"https:\/\/visitmarratxi.es\/fr\/venue\/fang-cuina\/\">Fang Cuina<\/a><\/div><div class=\"gt-excerpt\">Salon de la Gastronomie et de la C\u00e9ramique \u00e0 Marratx\u00ed. Fang Cuina est une initiative pour faire d\u00e9couvrir la cuisine de Marratx\u00ed associ\u00e9e avec l\u2019argile. Oserez-vous r\u00e9aliser l\u2019une de ces recettes?<\/div><\/div><\/div><\/div><div class=\"gt-col\"><div class=\"gt-inner\"><div class=\"gt-venue-style-1\"><div class=\"gt-image\"><a href=\"https:\/\/visitmarratxi.es\/fr\/venue\/fira-de-sa-llet-dametla\/\"><img loading=\"lazy\" decoding=\"async\" width=\"620\" height=\"400\" src=\"https:\/\/visitmarratxi.es\/wp-content\/uploads\/2022\/02\/Fira-llet-ametlla-3-1.jpg\" class=\"attachment-eventchamp-event-list size-eventchamp-event-list wp-post-image\" alt=\"\" srcset=\"https:\/\/visitmarratxi.es\/wp-content\/uploads\/2022\/02\/Fira-llet-ametlla-3-1.jpg 620w, https:\/\/visitmarratxi.es\/wp-content\/uploads\/2022\/02\/Fira-llet-ametlla-3-1-300x194.jpg 300w, https:\/\/visitmarratxi.es\/wp-content\/uploads\/2022\/02\/Fira-llet-ametlla-3-1-600x387.jpg 600w\" sizes=\"auto, (max-width: 620px) 100vw, 620px\" \/><\/a><div class=\"gt-location\"><ul><li><a href=\"https:\/\/visitmarratxi.es\/fr\/location\/marratxi-fr\/?post_type=venue\">Marratx\u00ed<\/a><\/li><\/ul><\/div><\/div><div class=\"gt-title\"><a href=\"https:\/\/visitmarratxi.es\/fr\/venue\/fira-de-sa-llet-dametla\/\">Fira de sa Llet d\u2019Ametla<\/a><\/div><div class=\"gt-excerpt\">La feria de la Llet d\u2019Ametla s\u2019organise chaque ann\u00e9e \u00e0 la mi-d\u00e9cembre. Une tradition qui perdure gr\u00e2ce \u00e0 quatre familles qui ont conserv\u00e9 les moulins qui fabriquaient le lait.<\/div><\/div><\/div><\/div><div class=\"gt-col\"><div class=\"gt-inner\"><div class=\"gt-venue-style-1\"><div class=\"gt-image\"><a href=\"https:\/\/visitmarratxi.es\/fr\/venue\/menjador\/\"><img loading=\"lazy\" decoding=\"async\" width=\"620\" height=\"400\" src=\"https:\/\/visitmarratxi.es\/wp-content\/uploads\/2018\/11\/5.-Mercats.jpg\" class=\"attachment-eventchamp-event-list size-eventchamp-event-list wp-post-image\" alt=\"\" srcset=\"https:\/\/visitmarratxi.es\/wp-content\/uploads\/2018\/11\/5.-Mercats.jpg 620w, https:\/\/visitmarratxi.es\/wp-content\/uploads\/2018\/11\/5.-Mercats-300x194.jpg 300w, https:\/\/visitmarratxi.es\/wp-content\/uploads\/2018\/11\/5.-Mercats-600x387.jpg 600w\" sizes=\"auto, (max-width: 620px) 100vw, 620px\" \/><\/a><div class=\"gt-location\"><ul><li><a href=\"https:\/\/visitmarratxi.es\/fr\/location\/marratxi-fr\/?post_type=venue\">Marratx\u00ed<\/a><\/li><\/ul><\/div><\/div><div class=\"gt-title\"><a href=\"https:\/\/visitmarratxi.es\/fr\/venue\/menjador\/\">March\u00e9s traditionnels dans la Commune de Marratx\u00ed<\/a><\/div><div class=\"gt-excerpt\">Date et heure : mardi de 8 h \u00e0 13 h Adresse : Pla de Na Tesa, Pla\u00e7a de l\u2019Esgl\u00e9sia.\u00a0 Jour et heure : Mercredi de 8 h \u00e0 13 h\u00a0 Adresse: Sa Cabana, Pla\u00e7a Cabana.\u00a0 Jour et heure :...<\/div><\/div><\/div><\/div><\/div><\/div>[\/vc_column][\/vc_row]<\/p>\n<\/div>","protected":false},"excerpt":{"rendered":"<p>[vc_row][vc_column][\/vc_column][\/vc_row][vc_row][vc_column][vc_empty_space height=\u00a0\u00bb100px\u00a0\u00bb][\/vc_column][\/vc_row][vc_row][vc_column][\/vc_column][\/vc_row]<\/p>\n","protected":false},"author":7,"featured_media":0,"parent":0,"menu_order":0,"comment_status":"closed","ping_status":"closed","template":"","meta":{"footnotes":""},"class_list":["post-10831","page","type-page","status-publish","hentry"],"_links":{"self":[{"href":"https:\/\/visitmarratxi.es\/fr\/wp-json\/wp\/v2\/pages\/10831","targetHints":{"allow":["GET"]}}],"collection":[{"href":"https:\/\/visitmarratxi.es\/fr\/wp-json\/wp\/v2\/pages"}],"about":[{"href":"https:\/\/visitmarratxi.es\/fr\/wp-json\/wp\/v2\/types\/page"}],"author":[{"embeddable":true,"href":"https:\/\/visitmarratxi.es\/fr\/wp-json\/wp\/v2\/users\/7"}],"replies":[{"embeddable":true,"href":"https:\/\/visitmarratxi.es\/fr\/wp-json\/wp\/v2\/comments?post=10831"}],"version-history":[{"count":3,"href":"https:\/\/visitmarratxi.es\/fr\/wp-json\/wp\/v2\/pages\/10831\/revisions"}],"predecessor-version":[{"id":11534,"href":"https:\/\/visitmarratxi.es\/fr\/wp-json\/wp\/v2\/pages\/10831\/revisions\/11534"}],"wp:attachment":[{"href":"https:\/\/visitmarratxi.es\/fr\/wp-json\/wp\/v2\/media?parent=10831"}],"curies":[{"name":"wp","href":"https:\/\/api.w.org\/{rel}","templated":true}]}}