{"id":10835,"date":"2021-12-23T10:26:34","date_gmt":"2021-12-23T08:26:34","guid":{"rendered":"https:\/\/marratxiesviu.es\/passajar\/"},"modified":"2023-06-13T15:48:27","modified_gmt":"2023-06-13T13:48:27","slug":"passejar","status":"publish","type":"page","link":"https:\/\/visitmarratxi.es\/fr\/passejar\/","title":{"rendered":"Sport"},"content":{"rendered":"<div class=\"wpb-content-wrapper\"><p>[vc_row][vc_column]<div class=\"gt-heading gt-dark gt-size1 gt-align-center\"><div class=\"gt-title\">ITIN\u00c9RAIRES <span>ET VISITES<\/span><\/div><div class=\"gt-separate\"><div class=\"gt-icon\"> <\/div><\/div><div class=\"gt-text\">Avec ou sans sac \u00e0 dos, mais avec des chaussures confortables. Marratx\u00ed propose une infinit\u00e9 de routes, d\u2019excursions, d\u2019itin\u00e9raires ou de promenades relaxantes\u2026pour prendre soin de vous en marchant et en d\u00e9couvrant des endroits que vous n\u2019auriez jamais imagin\u00e9s. C\u2019est parti ! <\/div><\/div>[\/vc_column][\/vc_row][vc_row][vc_column][vc_empty_space height=\u00a0\u00bb100px\u00a0\u00bb][\/vc_column][\/vc_row][vc_row][vc_column]<div class=\"gt-venue-listing\"><div class=\"gt-columns gt-column-2\"><div class=\"gt-col\"><div class=\"gt-inner\"><div class=\"gt-venue-style-1\"><div class=\"gt-image\"><a href=\"https:\/\/visitmarratxi.es\/fr\/venue\/rutes-saludables\/\"><img loading=\"lazy\" decoding=\"async\" width=\"620\" height=\"400\" src=\"https:\/\/visitmarratxi.es\/wp-content\/uploads\/2022\/02\/Sa-Bomba-2.jpg\" class=\"attachment-eventchamp-event-list size-eventchamp-event-list wp-post-image\" alt=\"\" srcset=\"https:\/\/visitmarratxi.es\/wp-content\/uploads\/2022\/02\/Sa-Bomba-2.jpg 620w, https:\/\/visitmarratxi.es\/wp-content\/uploads\/2022\/02\/Sa-Bomba-2-300x194.jpg 300w, https:\/\/visitmarratxi.es\/wp-content\/uploads\/2022\/02\/Sa-Bomba-2-600x387.jpg 600w\" sizes=\"auto, (max-width: 620px) 100vw, 620px\" \/><\/a><div class=\"gt-location\"><ul><li><a href=\"https:\/\/visitmarratxi.es\/fr\/location\/marratxi-fr\/?post_type=venue\">Marratx\u00ed<\/a><\/li><li><a href=\"https:\/\/visitmarratxi.es\/fr\/location\/portol-fr\/?post_type=venue\">P\u00f2rtol<\/a><\/li><\/ul><\/div><\/div><div class=\"gt-title\"><a href=\"https:\/\/visitmarratxi.es\/fr\/venue\/rutes-saludables\/\">Promenades de Sant\u00e9<\/a><\/div><div class=\"gt-excerpt\">Le Chemin de la Cimentera, est a \u00e9t\u00e9 nomm\u00e9 ainsi car, il s\u2019agissait du chemin qu\u2019on empruntait pour transporter des mati\u00e8res premi\u00e8res jusqu\u2019\u00e0 la cimenterie. Sur ce m\u00eame chemin, vous trouverez un four circulaire antique en pierre. Chemin du Jard\u00ed...<\/div><\/div><\/div><\/div><div class=\"gt-col\"><div class=\"gt-inner\"><div class=\"gt-venue-style-1\"><div class=\"gt-image\"><a href=\"https:\/\/visitmarratxi.es\/fr\/venue\/pub\/\"><img loading=\"lazy\" decoding=\"async\" width=\"620\" height=\"400\" src=\"https:\/\/visitmarratxi.es\/wp-content\/uploads\/2022\/02\/Museu-del-Fang-1.jpg\" class=\"attachment-eventchamp-event-list size-eventchamp-event-list wp-post-image\" alt=\"\" srcset=\"https:\/\/visitmarratxi.es\/wp-content\/uploads\/2022\/02\/Museu-del-Fang-1.jpg 620w, https:\/\/visitmarratxi.es\/wp-content\/uploads\/2022\/02\/Museu-del-Fang-1-300x194.jpg 300w, https:\/\/visitmarratxi.es\/wp-content\/uploads\/2022\/02\/Museu-del-Fang-1-600x387.jpg 600w\" sizes=\"auto, (max-width: 620px) 100vw, 620px\" \/><\/a><div class=\"gt-location\"><ul><li><a href=\"https:\/\/visitmarratxi.es\/fr\/location\/cabaneta-fr\/?post_type=venue\">Cabaneta<\/a><\/li><li><a href=\"https:\/\/visitmarratxi.es\/fr\/location\/marratxi-fr\/?post_type=venue\">Marratx\u00ed<\/a><\/li><li><a href=\"https:\/\/visitmarratxi.es\/fr\/location\/portol-fr\/?post_type=venue\">P\u00f2rtol<\/a><\/li><\/ul><\/div><\/div><div class=\"gt-title\"><a href=\"https:\/\/visitmarratxi.es\/fr\/venue\/pub\/\">Route de La Poterie<\/a><\/div><div class=\"gt-excerpt\">\u00c0 Marratx\u00ed, vous ne pouvez pas manquer une des visites les plus int\u00e9ressantes des ateliers d\u2019artisanat, appel\u00e9 la \u00ab ruta del fang \u00bb (route de la poterie). Vous y trouverez des marmites et tout type d\u2019ustensiles fait en terre. Nous...<\/div><\/div><\/div><\/div><\/div><\/div>[\/vc_column][\/vc_row]<\/p>\n<\/div>","protected":false},"excerpt":{"rendered":"<p>[vc_row][vc_column][\/vc_column][\/vc_row][vc_row][vc_column][vc_empty_space height=\u00a0\u00bb100px\u00a0\u00bb][\/vc_column][\/vc_row][vc_row][vc_column][\/vc_column][\/vc_row]<\/p>\n","protected":false},"author":6,"featured_media":0,"parent":0,"menu_order":0,"comment_status":"closed","ping_status":"closed","template":"","meta":{"footnotes":""},"class_list":["post-10835","page","type-page","status-publish","hentry"],"_links":{"self":[{"href":"https:\/\/visitmarratxi.es\/fr\/wp-json\/wp\/v2\/pages\/10835","targetHints":{"allow":["GET"]}}],"collection":[{"href":"https:\/\/visitmarratxi.es\/fr\/wp-json\/wp\/v2\/pages"}],"about":[{"href":"https:\/\/visitmarratxi.es\/fr\/wp-json\/wp\/v2\/types\/page"}],"author":[{"embeddable":true,"href":"https:\/\/visitmarratxi.es\/fr\/wp-json\/wp\/v2\/users\/6"}],"replies":[{"embeddable":true,"href":"https:\/\/visitmarratxi.es\/fr\/wp-json\/wp\/v2\/comments?post=10835"}],"version-history":[{"count":4,"href":"https:\/\/visitmarratxi.es\/fr\/wp-json\/wp\/v2\/pages\/10835\/revisions"}],"predecessor-version":[{"id":10977,"href":"https:\/\/visitmarratxi.es\/fr\/wp-json\/wp\/v2\/pages\/10835\/revisions\/10977"}],"wp:attachment":[{"href":"https:\/\/visitmarratxi.es\/fr\/wp-json\/wp\/v2\/media?parent=10835"}],"curies":[{"name":"wp","href":"https:\/\/api.w.org\/{rel}","templated":true}]}}