{"id":10845,"date":"2021-12-23T09:53:46","date_gmt":"2021-12-23T07:53:46","guid":{"rendered":"https:\/\/marratxiesviu.es\/coneixer\/"},"modified":"2023-06-13T15:26:22","modified_gmt":"2023-06-13T13:26:22","slug":"coneixer","status":"publish","type":"page","link":"https:\/\/visitmarratxi.es\/fr\/coneixer\/","title":{"rendered":"Culture"},"content":{"rendered":"<div class=\"wpb-content-wrapper\"><p>[vc_row][vc_column]<div class=\"gt-heading gt-dark gt-size1 gt-align-center\"><div class=\"gt-title\">PLACES <span>CULTURE<\/span><\/div><div class=\"gt-separate\"><div class=\"gt-icon\"> <\/div><\/div><div class=\"gt-text\">La culture est au c\u0153ur de nombreux endroits \u00e0 Marratx\u00ed. Nous avons des mus\u00e9es, des biblioth\u00e8ques, des salles d\u2019exposition, des \u00e9glises, des monuments, des itin\u00e9raires et beaucoup d\u2019histoires \u00e0 vous raconter. Car la culture \u00e0 toute sa place \u00e0 Marratx\u00ed.<\/div><\/div>[\/vc_column][\/vc_row][vc_row][vc_column][vc_empty_space height=\u00a0\u00bb100px\u00a0\u00bb][\/vc_column][\/vc_row][vc_row][vc_column]<div class=\"gt-venue-listing\"><div class=\"gt-columns gt-column-2\"><div class=\"gt-col\"><div class=\"gt-inner\"><div class=\"gt-venue-style-1\"><div class=\"gt-image\"><a href=\"https:\/\/visitmarratxi.es\/fr\/venue\/125-anniversaire-de-es-forn-del-pla-de-na-tesa\/\"><img loading=\"lazy\" decoding=\"async\" width=\"800\" height=\"579\" src=\"https:\/\/visitmarratxi.es\/wp-content\/uploads\/2024\/06\/esforn_pladenatesa-800x579.jpg\" class=\"attachment-eventchamp-event-list size-eventchamp-event-list wp-post-image\" alt=\"\" \/><\/a><div class=\"gt-location\"><ul><li><a href=\"https:\/\/visitmarratxi.es\/fr\/location\/cami-de-son-alegre-4\/?post_type=venue\">Cam\u00ed de Son Alegre<\/a><\/li><li><a href=\"https:\/\/visitmarratxi.es\/fr\/location\/marratxi-fr\/?post_type=venue\">Marratx\u00ed<\/a><\/li><\/ul><\/div><\/div><div class=\"gt-title\"><a href=\"https:\/\/visitmarratxi.es\/fr\/venue\/125-anniversaire-de-es-forn-del-pla-de-na-tesa\/\">125e anniversaire de \u00ab\u00a0es Forn\u00a0\u00bb del Pla de na Tesa<\/a><\/div><div class=\"gt-excerpt\">HISTOIRE Les murs du Forn del Pla de na Tesa pr\u00e9servent 125 ans d&rsquo;une riche histoire familiale qui, g\u00e9n\u00e9ration apr\u00e8s g\u00e9n\u00e9ration, a pr\u00e9serv\u00e9 la tradition et l&rsquo;excellence artisanale, devenant ainsi une entreprise embl\u00e9matique de la commune de Marratx\u00ed. Le 1er...<\/div><\/div><\/div><\/div><div class=\"gt-col\"><div class=\"gt-inner\"><div class=\"gt-venue-style-1\"><div class=\"gt-image\"><a href=\"https:\/\/visitmarratxi.es\/fr\/venue\/hostales-des-pont-dinca\/\"><img loading=\"lazy\" decoding=\"async\" width=\"620\" height=\"400\" src=\"https:\/\/visitmarratxi.es\/wp-content\/uploads\/2022\/05\/DSC05193.jpg\" class=\"attachment-eventchamp-event-list size-eventchamp-event-list wp-post-image\" alt=\"\" srcset=\"https:\/\/visitmarratxi.es\/wp-content\/uploads\/2022\/05\/DSC05193.jpg 620w, https:\/\/visitmarratxi.es\/wp-content\/uploads\/2022\/05\/DSC05193-300x194.jpg 300w, https:\/\/visitmarratxi.es\/wp-content\/uploads\/2022\/05\/DSC05193-600x387.jpg 600w\" sizes=\"auto, (max-width: 620px) 100vw, 620px\" \/><\/a><div class=\"gt-location\"><ul><li><a href=\"https:\/\/visitmarratxi.es\/fr\/location\/pont-dinca-2-fr\/?post_type=venue\">Pont d&#8217;Inca<\/a><\/li><\/ul><\/div><\/div><div class=\"gt-title\"><a href=\"https:\/\/visitmarratxi.es\/fr\/venue\/hostales-des-pont-dinca\/\">Auberges d&rsquo;es Pont d&rsquo;Inca<\/a><\/div><div class=\"gt-excerpt\">Pourquoi il existait des auberges \u00e0 Pont d\u2019Inca Es Pont d\u2019Inca est le centre historique le plus r\u00e9cent de Marratx\u00ed, mais \u00e9galement celui qui s\u2019est d\u00e9velopp\u00e9 le plus rapidement, gr\u00e2ce \u00e0 son emplacement strat\u00e9gique autour de la route d\u2019Inca et...<\/div><\/div><\/div><\/div><div class=\"gt-col\"><div class=\"gt-inner\"><div class=\"gt-venue-style-1\"><div class=\"gt-image\"><a href=\"https:\/\/visitmarratxi.es\/fr\/venue\/pozos-comunes\/\"><img loading=\"lazy\" decoding=\"async\" width=\"620\" height=\"400\" src=\"https:\/\/visitmarratxi.es\/wp-content\/uploads\/2022\/05\/DSC03519-1.jpg\" class=\"attachment-eventchamp-event-list size-eventchamp-event-list wp-post-image\" alt=\"\" srcset=\"https:\/\/visitmarratxi.es\/wp-content\/uploads\/2022\/05\/DSC03519-1.jpg 620w, https:\/\/visitmarratxi.es\/wp-content\/uploads\/2022\/05\/DSC03519-1-300x194.jpg 300w, https:\/\/visitmarratxi.es\/wp-content\/uploads\/2022\/05\/DSC03519-1-600x387.jpg 600w\" sizes=\"auto, (max-width: 620px) 100vw, 620px\" \/><\/a><div class=\"gt-location\"><ul><li><a href=\"https:\/\/visitmarratxi.es\/fr\/location\/marratxi-fr\/?post_type=venue\">Marratx\u00ed<\/a><\/li><\/ul><\/div><\/div><div class=\"gt-title\"><a href=\"https:\/\/visitmarratxi.es\/fr\/venue\/pozos-comunes\/\">Puits communs<\/a><\/div><div class=\"gt-excerpt\">Collecter les eaux sous-terraines a toujours \u00e9t\u00e9 une priorit\u00e9 \u00e0 Majorque, o\u00f9 les ressources en eau sont rares. C\u2019est pourquoi \u00e0 mesure que l\u2019on s\u2019\u00e9loigne des montagnes, on trouve de nombreux puits dispers\u00e9s sur toute l\u2019\u00eele, la grande majorit\u00e9 remontant...<\/div><\/div><\/div><\/div><div class=\"gt-col\"><div class=\"gt-inner\"><div class=\"gt-venue-style-1\"><div class=\"gt-image\"><a href=\"https:\/\/visitmarratxi.es\/fr\/venue\/cueva-de-son-caulelles\/\"><img loading=\"lazy\" decoding=\"async\" width=\"620\" height=\"400\" src=\"https:\/\/visitmarratxi.es\/wp-content\/uploads\/2022\/05\/OIP-_1_-1.jpg\" class=\"attachment-eventchamp-event-list size-eventchamp-event-list wp-post-image\" alt=\"\" srcset=\"https:\/\/visitmarratxi.es\/wp-content\/uploads\/2022\/05\/OIP-_1_-1.jpg 620w, https:\/\/visitmarratxi.es\/wp-content\/uploads\/2022\/05\/OIP-_1_-1-300x194.jpg 300w, https:\/\/visitmarratxi.es\/wp-content\/uploads\/2022\/05\/OIP-_1_-1-600x387.jpg 600w\" sizes=\"auto, (max-width: 620px) 100vw, 620px\" \/><\/a><div class=\"gt-location\"><ul><li><a href=\"https:\/\/visitmarratxi.es\/fr\/location\/marratxi-fr\/?post_type=venue\">Marratx\u00ed<\/a><\/li><\/ul><\/div><\/div><div class=\"gt-title\"><a href=\"https:\/\/visitmarratxi.es\/fr\/venue\/cueva-de-son-caulelles\/\">Grotte de Son Caulelles<\/a><\/div><div class=\"gt-excerpt\">La grotte de Son Caulelles, \u00e9galement connue comme covades Moro, est consid\u00e9r\u00e9e comme le site arch\u00e9ologique pr\u00e9historique le plus remarquable de l\u2019ensemble du territoire communal. T\u00e9moignage d\u2019une des premi\u00e8res civilisations qui peuplaient les \u00eeles Bal\u00e9ares pendant l\u2019\u00c2ge de Bronze, la...<\/div><\/div><\/div><\/div><div class=\"gt-col\"><div class=\"gt-inner\"><div class=\"gt-venue-style-1\"><div class=\"gt-image\"><a href=\"https:\/\/visitmarratxi.es\/fr\/venue\/grup-escolar-unitari-del-pla-de-na-tesa\/\"><img loading=\"lazy\" decoding=\"async\" width=\"620\" height=\"400\" src=\"https:\/\/visitmarratxi.es\/wp-content\/uploads\/2022\/05\/img014-1.jpg\" class=\"attachment-eventchamp-event-list size-eventchamp-event-list wp-post-image\" alt=\"\" srcset=\"https:\/\/visitmarratxi.es\/wp-content\/uploads\/2022\/05\/img014-1.jpg 620w, https:\/\/visitmarratxi.es\/wp-content\/uploads\/2022\/05\/img014-1-300x194.jpg 300w, https:\/\/visitmarratxi.es\/wp-content\/uploads\/2022\/05\/img014-1-600x387.jpg 600w\" sizes=\"auto, (max-width: 620px) 100vw, 620px\" \/><\/a><div class=\"gt-location\"><ul><li><a href=\"https:\/\/visitmarratxi.es\/fr\/location\/pla-de-na-tesa-fr\/?post_type=venue\">Pla de na Tesa<\/a><\/li><\/ul><\/div><\/div><div class=\"gt-title\"><a href=\"https:\/\/visitmarratxi.es\/fr\/venue\/grup-escolar-unitari-del-pla-de-na-tesa\/\">Groupe scolaire unique de Pla de na Tesa<\/a><\/div><div class=\"gt-excerpt\">Photographie fournie par la CEIP Gabriel Janer Manil Au cours du XVIIIe si\u00e8cle, aussi connu comme si\u00e8cles des Lumi\u00e8res, un nouveau concept consid\u00e9rant l\u2019\u00e9ducation comme base de la soci\u00e9t\u00e9 future a d\u00e9but\u00e9. Autour de ce mouvement de r\u00e9formisme europ\u00e9en, dirig\u00e9...<\/div><\/div><\/div><\/div><div class=\"gt-col\"><div class=\"gt-inner\"><div class=\"gt-venue-style-1\"><div class=\"gt-image\"><a href=\"https:\/\/visitmarratxi.es\/fr\/venue\/esglesia-parroquial-sant-llatzer\/\"><img loading=\"lazy\" decoding=\"async\" width=\"620\" height=\"400\" src=\"https:\/\/visitmarratxi.es\/wp-content\/uploads\/2022\/05\/EsglesiaPladeNaTesa.jpg\" class=\"attachment-eventchamp-event-list size-eventchamp-event-list wp-post-image\" alt=\"\" srcset=\"https:\/\/visitmarratxi.es\/wp-content\/uploads\/2022\/05\/EsglesiaPladeNaTesa.jpg 620w, https:\/\/visitmarratxi.es\/wp-content\/uploads\/2022\/05\/EsglesiaPladeNaTesa-300x194.jpg 300w, https:\/\/visitmarratxi.es\/wp-content\/uploads\/2022\/05\/EsglesiaPladeNaTesa-600x387.jpg 600w\" sizes=\"auto, (max-width: 620px) 100vw, 620px\" \/><\/a><div class=\"gt-location\"><ul><li><a href=\"https:\/\/visitmarratxi.es\/fr\/location\/pla-de-na-tesa-fr\/?post_type=venue\">Pla de na Tesa<\/a><\/li><\/ul><\/div><\/div><div class=\"gt-title\"><a href=\"https:\/\/visitmarratxi.es\/fr\/venue\/esglesia-parroquial-sant-llatzer\/\">\u00c9glise paroissiale Sant Ll\u00e0tzer<\/a><\/div><div class=\"gt-excerpt\">Son importance sociale Jusqu\u2019\u00e0 la moiti\u00e9 du XIXe si\u00e8cle, le centre de Pla de na Tesa ne poss\u00e9dait pas sa propre \u00e9glise. Autour de 1857, le propri\u00e9taire de Son Alegre, une des exploitations les plus importantes de la r\u00e9gion, a...<\/div><\/div><\/div><\/div><div class=\"gt-col\"><div class=\"gt-inner\"><div class=\"gt-venue-style-1\"><div class=\"gt-image\"><a href=\"https:\/\/visitmarratxi.es\/fr\/venue\/esglesia-sant-alonso\/\"><img loading=\"lazy\" decoding=\"async\" width=\"620\" height=\"400\" src=\"https:\/\/visitmarratxi.es\/wp-content\/uploads\/2022\/05\/DSC05218-2.jpg\" class=\"attachment-eventchamp-event-list size-eventchamp-event-list wp-post-image\" alt=\"\" srcset=\"https:\/\/visitmarratxi.es\/wp-content\/uploads\/2022\/05\/DSC05218-2.jpg 620w, https:\/\/visitmarratxi.es\/wp-content\/uploads\/2022\/05\/DSC05218-2-300x194.jpg 300w, https:\/\/visitmarratxi.es\/wp-content\/uploads\/2022\/05\/DSC05218-2-600x387.jpg 600w\" sizes=\"auto, (max-width: 620px) 100vw, 620px\" \/><\/a><div class=\"gt-location\"><ul><li><a href=\"https:\/\/visitmarratxi.es\/fr\/location\/pont-dinca-fr\/?post_type=venue\">Pont d&#8217;Inca<\/a><\/li><\/ul><\/div><\/div><div class=\"gt-title\"><a href=\"https:\/\/visitmarratxi.es\/fr\/venue\/esglesia-sant-alonso\/\">\u00c9glise Esgl\u00e9sia de Sant Alons<\/a><\/div><div class=\"gt-excerpt\">\u00c0 la fin du XIXe si\u00e8cle, le centre de Pont d\u2019Inca d\u00e9passait d\u00e9j\u00e0 les 400 habitants. Cependant, elle n\u2019avait pas sa propre \u00e9glise et les habitants de Pont d\u2019Inca devaient d\u2019abord se rendre jusqu\u2019\u00e0 Sant Llatzet puis jusqu\u2019\u00e0 Pladena Tesa...<\/div><\/div><\/div><\/div><div class=\"gt-col\"><div class=\"gt-inner\"><div class=\"gt-venue-style-1\"><div class=\"gt-image\"><a href=\"https:\/\/visitmarratxi.es\/fr\/venue\/fabrica-textil-ses-llistes\/\"><img loading=\"lazy\" decoding=\"async\" width=\"620\" height=\"400\" src=\"https:\/\/visitmarratxi.es\/wp-content\/uploads\/2022\/05\/12.jpg\" class=\"attachment-eventchamp-event-list size-eventchamp-event-list wp-post-image\" alt=\"\" srcset=\"https:\/\/visitmarratxi.es\/wp-content\/uploads\/2022\/05\/12.jpg 620w, https:\/\/visitmarratxi.es\/wp-content\/uploads\/2022\/05\/12-300x194.jpg 300w, https:\/\/visitmarratxi.es\/wp-content\/uploads\/2022\/05\/12-600x387.jpg 600w\" sizes=\"auto, (max-width: 620px) 100vw, 620px\" \/><\/a><div class=\"gt-location\"><ul><li><a href=\"https:\/\/visitmarratxi.es\/fr\/location\/pont-dinca-fr\/?post_type=venue\">Pont d&#8217;Inca<\/a><\/li><\/ul><\/div><\/div><div class=\"gt-title\"><a href=\"https:\/\/visitmarratxi.es\/fr\/venue\/fabrica-textil-ses-llistes\/\">Ancienne usine de textile Ses Llistes<\/a><\/div><div class=\"gt-excerpt\">Travailleurs nettoyant le coton avec les foulons. Photographie fournie par Albert Aguilera Sur le chemin de sa Cabana des Pont d\u2019Inca se trouve un des exemples les plus remarquables et uniques du patrimoine manufacturier qui caract\u00e9rise cette r\u00e9gion de tradition...<\/div><\/div><\/div><\/div><div class=\"gt-col\"><div class=\"gt-inner\"><div class=\"gt-venue-style-1\"><div class=\"gt-image\"><a href=\"https:\/\/visitmarratxi.es\/fr\/venue\/moli-de-can-pere-antoni\/\"><img loading=\"lazy\" decoding=\"async\" width=\"620\" height=\"400\" src=\"https:\/\/visitmarratxi.es\/wp-content\/uploads\/2022\/05\/DSC02350-1.jpg\" class=\"attachment-eventchamp-event-list size-eventchamp-event-list wp-post-image\" alt=\"\" srcset=\"https:\/\/visitmarratxi.es\/wp-content\/uploads\/2022\/05\/DSC02350-1.jpg 620w, https:\/\/visitmarratxi.es\/wp-content\/uploads\/2022\/05\/DSC02350-1-300x194.jpg 300w, https:\/\/visitmarratxi.es\/wp-content\/uploads\/2022\/05\/DSC02350-1-600x387.jpg 600w\" sizes=\"auto, (max-width: 620px) 100vw, 620px\" \/><\/a><div class=\"gt-location\"><ul><li><a href=\"https:\/\/visitmarratxi.es\/fr\/location\/marratxi-fr\/?post_type=venue\">Marratx\u00ed<\/a><\/li><\/ul><\/div><\/div><div class=\"gt-title\"><a href=\"https:\/\/visitmarratxi.es\/fr\/venue\/moli-de-can-pere-antoni\/\">Moulin de ca&rsquo;n Pere Antoni<\/a><\/div><div class=\"gt-excerpt\">La tour qui figure sur la fa\u00e7ade fait partie d\u2019un ancien moulin \u00e0 vent \u00e0 farine, connu couramment comme le Moulin de ca\u2019n Pere Antoni. Tr\u00e8s proche de ce dernier on trouve \u00e9galement le Moulin des Forn, dans la rue...<\/div><\/div><\/div><\/div><div class=\"gt-col\"><div class=\"gt-inner\"><div class=\"gt-venue-style-1\"><div class=\"gt-image\"><a href=\"https:\/\/visitmarratxi.es\/fr\/venue\/rellotge-de-sol\/\"><img loading=\"lazy\" decoding=\"async\" width=\"620\" height=\"400\" src=\"https:\/\/visitmarratxi.es\/wp-content\/uploads\/2022\/05\/DSC02330.jpg\" class=\"attachment-eventchamp-event-list size-eventchamp-event-list wp-post-image\" alt=\"\" srcset=\"https:\/\/visitmarratxi.es\/wp-content\/uploads\/2022\/05\/DSC02330.jpg 620w, https:\/\/visitmarratxi.es\/wp-content\/uploads\/2022\/05\/DSC02330-300x194.jpg 300w, https:\/\/visitmarratxi.es\/wp-content\/uploads\/2022\/05\/DSC02330-600x387.jpg 600w\" sizes=\"auto, (max-width: 620px) 100vw, 620px\" \/><\/a><div class=\"gt-location\"><ul><li><a href=\"https:\/\/visitmarratxi.es\/fr\/location\/marratxi-fr\/?post_type=venue\">Marratx\u00ed<\/a><\/li><\/ul><\/div><\/div><div class=\"gt-title\"><a href=\"https:\/\/visitmarratxi.es\/fr\/venue\/rellotge-de-sol\/\">Cadran Solaire<\/a><\/div><div class=\"gt-excerpt\">Origine des cadrans solaires Mesurer le temps est une des plus anciennes pr\u00e9occupations de l\u2019humanit\u00e9. L\u2019observation des cycles du mouvement de la lune, des \u00e9toiles et du soleil a permis de classer et de diviser cet \u00e9l\u00e9ment qui paradoxalement, semble...<\/div><\/div><\/div><\/div><div class=\"gt-col\"><div class=\"gt-inner\"><div class=\"gt-venue-style-1\"><div class=\"gt-image\"><a href=\"https:\/\/visitmarratxi.es\/fr\/venue\/pont-des-caulls\/\"><img loading=\"lazy\" decoding=\"async\" width=\"620\" height=\"400\" src=\"https:\/\/visitmarratxi.es\/wp-content\/uploads\/2022\/05\/DSC03515.jpg\" class=\"attachment-eventchamp-event-list size-eventchamp-event-list wp-post-image\" alt=\"\" srcset=\"https:\/\/visitmarratxi.es\/wp-content\/uploads\/2022\/05\/DSC03515.jpg 620w, https:\/\/visitmarratxi.es\/wp-content\/uploads\/2022\/05\/DSC03515-300x194.jpg 300w, https:\/\/visitmarratxi.es\/wp-content\/uploads\/2022\/05\/DSC03515-600x387.jpg 600w\" sizes=\"auto, (max-width: 620px) 100vw, 620px\" \/><\/a><div class=\"gt-location\"><ul><li><a href=\"https:\/\/visitmarratxi.es\/fr\/location\/marratxi-fr\/?post_type=venue\">Marratx\u00ed<\/a><\/li><\/ul><\/div><\/div><div class=\"gt-title\"><a href=\"https:\/\/visitmarratxi.es\/fr\/venue\/pont-des-caulls\/\">Pont d&rsquo;Es Ca\u00fclls<\/a><\/div><div class=\"gt-excerpt\">Ce pont, b\u00e2ti avec des blocs de gr\u00e8s et datant du XIXe si\u00e8cle a \u00e9t\u00e9 reconstruit afin de franchir l\u2019obstacle qui suppose le torrent Coanegra, am\u00e9liorant ainsi la communication entre deux domaines importants : Es Ca\u00fclls et Son Sales. Le...<\/div><\/div><\/div><\/div><div class=\"gt-col\"><div class=\"gt-inner\"><div class=\"gt-venue-style-1\"><div class=\"gt-image\"><a href=\"https:\/\/visitmarratxi.es\/fr\/venue\/sant-marcal\/\"><img loading=\"lazy\" decoding=\"async\" width=\"620\" height=\"400\" src=\"https:\/\/visitmarratxi.es\/wp-content\/uploads\/2022\/05\/SantMarcal-3.jpg\" class=\"attachment-eventchamp-event-list size-eventchamp-event-list wp-post-image\" alt=\"\" srcset=\"https:\/\/visitmarratxi.es\/wp-content\/uploads\/2022\/05\/SantMarcal-3.jpg 620w, https:\/\/visitmarratxi.es\/wp-content\/uploads\/2022\/05\/SantMarcal-3-300x194.jpg 300w, https:\/\/visitmarratxi.es\/wp-content\/uploads\/2022\/05\/SantMarcal-3-600x387.jpg 600w\" sizes=\"auto, (max-width: 620px) 100vw, 620px\" \/><\/a><div class=\"gt-location\"><ul><li><a href=\"https:\/\/visitmarratxi.es\/fr\/location\/cabaneta-fr\/?post_type=venue\">Cabaneta<\/a><\/li><\/ul><\/div><\/div><div class=\"gt-title\"><a href=\"https:\/\/visitmarratxi.es\/fr\/venue\/sant-marcal\/\">Sant Mar\u00e7al<\/a><\/div><div class=\"gt-excerpt\">\u00c9glise de Sant Mar\u00e7al La premi\u00e8re \u00e9glise connue \u00e0 Marratx\u00ed date du XIIIe, des ann\u00e9es apr\u00e8s la conqu\u00eate de Jacques Ier. Elle appartenait \u00e0 Santa Maria del Cam\u00ed et \u00e9tait d\u00e9di\u00e9e \u00e0 Santa Maria de Barraxino. Un si\u00e8cle plus tard,...<\/div><\/div><\/div><\/div><div class=\"gt-col\"><div class=\"gt-inner\"><div class=\"gt-venue-style-1\"><div class=\"gt-image\"><a href=\"https:\/\/visitmarratxi.es\/fr\/venue\/marratxinet\/\"><img loading=\"lazy\" decoding=\"async\" width=\"620\" height=\"400\" src=\"https:\/\/visitmarratxi.es\/wp-content\/uploads\/2022\/05\/Diseno-sin-titulo-64.png\" class=\"attachment-eventchamp-event-list size-eventchamp-event-list wp-post-image\" alt=\"\" srcset=\"https:\/\/visitmarratxi.es\/wp-content\/uploads\/2022\/05\/Diseno-sin-titulo-64.png 620w, https:\/\/visitmarratxi.es\/wp-content\/uploads\/2022\/05\/Diseno-sin-titulo-64-300x194.png 300w, https:\/\/visitmarratxi.es\/wp-content\/uploads\/2022\/05\/Diseno-sin-titulo-64-600x387.png 600w\" sizes=\"auto, (max-width: 620px) 100vw, 620px\" \/><\/a><div class=\"gt-location\"><ul><li><a href=\"https:\/\/visitmarratxi.es\/fr\/location\/marratxinet-fr\/?post_type=venue\">Marratxinet<\/a><\/li><\/ul><\/div><\/div><div class=\"gt-title\"><a href=\"https:\/\/visitmarratxi.es\/fr\/venue\/marratxinet\/\">Marratxinet<\/a><\/div><div class=\"gt-excerpt\">Marratxinet est le plus ancien centre de population de la commune. Jusqu\u2019\u00e0 la fin du XVIIe si\u00e8cle, il \u00e9tait consid\u00e9r\u00e9 comme le centre urbain, lorsque plusieurs propri\u00e9t\u00e9s ont commenc\u00e9 \u00e0 s\u2019\u00e9tablir autour desquelles d\u2019autres colonies se sont d\u00e9velopp\u00e9es. C\u2019est au...<\/div><\/div><\/div><\/div><div class=\"gt-col\"><div class=\"gt-inner\"><div class=\"gt-venue-style-1\"><div class=\"gt-image\"><a href=\"https:\/\/visitmarratxi.es\/fr\/venue\/olleries\/\"><img loading=\"lazy\" decoding=\"async\" width=\"620\" height=\"400\" src=\"https:\/\/visitmarratxi.es\/wp-content\/uploads\/2022\/02\/Olleries-2-3.jpg\" class=\"attachment-eventchamp-event-list size-eventchamp-event-list wp-post-image\" alt=\"\" srcset=\"https:\/\/visitmarratxi.es\/wp-content\/uploads\/2022\/02\/Olleries-2-3.jpg 620w, https:\/\/visitmarratxi.es\/wp-content\/uploads\/2022\/02\/Olleries-2-3-300x194.jpg 300w, https:\/\/visitmarratxi.es\/wp-content\/uploads\/2022\/02\/Olleries-2-3-600x387.jpg 600w\" sizes=\"auto, (max-width: 620px) 100vw, 620px\" \/><\/a><div class=\"gt-location\"><ul><li><a href=\"https:\/\/visitmarratxi.es\/fr\/location\/portol-fr\/?post_type=venue\">P\u00f2rtol<\/a><\/li><\/ul><\/div><\/div><div class=\"gt-title\"><a href=\"https:\/\/visitmarratxi.es\/fr\/venue\/olleries\/\">Poteries<\/a><\/div><div class=\"gt-excerpt\">Saviez-vous que les premi\u00e8res marmites \u00e9taient fabriqu\u00e9es en argile blanche et en terre rouge et elles \u00e9taient utilis\u00e9es pour faire cuire et conserver les aliments ? Il s\u2019agit d\u2019une tradition qui a perdur\u00e9 au fil des si\u00e8cles.\u00a0 Les aliments ont...<\/div><\/div><\/div><\/div><div class=\"gt-col\"><div class=\"gt-inner\"><div class=\"gt-venue-style-1\"><div class=\"gt-image\"><a href=\"https:\/\/visitmarratxi.es\/fr\/venue\/esglesies\/\"><img loading=\"lazy\" decoding=\"async\" width=\"620\" height=\"400\" src=\"https:\/\/visitmarratxi.es\/wp-content\/uploads\/2022\/02\/SantMarcal.jpg\" class=\"attachment-eventchamp-event-list size-eventchamp-event-list wp-post-image\" alt=\"\" srcset=\"https:\/\/visitmarratxi.es\/wp-content\/uploads\/2022\/02\/SantMarcal.jpg 620w, https:\/\/visitmarratxi.es\/wp-content\/uploads\/2022\/02\/SantMarcal-300x194.jpg 300w, https:\/\/visitmarratxi.es\/wp-content\/uploads\/2022\/02\/SantMarcal-600x387.jpg 600w\" sizes=\"auto, (max-width: 620px) 100vw, 620px\" \/><\/a><\/div><div class=\"gt-title\"><a href=\"https:\/\/visitmarratxi.es\/fr\/venue\/esglesies\/\">Patrimoine<\/a><\/div><div class=\"gt-excerpt\">Si vous \u00eates un passionn\u00e9 d\u2019art et d\u2019architecture, vous devez visiter les diff\u00e9rentes \u00e9glises de Marratx\u00ed. Elles ont toutes des styles diff\u00e9rents et une histoire qui les caract\u00e9rise.\u00a0 Sant Mar\u00e7al, \u00e9glise de style baroque o\u00f9 se distingue la sculpture centrale...<\/div><\/div><\/div><\/div><div class=\"gt-col\"><div class=\"gt-inner\"><div class=\"gt-venue-style-1\"><div class=\"gt-image\"><a href=\"https:\/\/visitmarratxi.es\/fr\/venue\/teatre\/\"><img loading=\"lazy\" decoding=\"async\" width=\"620\" height=\"400\" src=\"https:\/\/visitmarratxi.es\/wp-content\/uploads\/2022\/02\/Museu-del-Fang-4-1.jpg\" class=\"attachment-eventchamp-event-list size-eventchamp-event-list wp-post-image\" alt=\"\" srcset=\"https:\/\/visitmarratxi.es\/wp-content\/uploads\/2022\/02\/Museu-del-Fang-4-1.jpg 620w, https:\/\/visitmarratxi.es\/wp-content\/uploads\/2022\/02\/Museu-del-Fang-4-1-300x194.jpg 300w, https:\/\/visitmarratxi.es\/wp-content\/uploads\/2022\/02\/Museu-del-Fang-4-1-600x387.jpg 600w\" sizes=\"auto, (max-width: 620px) 100vw, 620px\" \/><\/a><div class=\"gt-location\"><ul><li><a href=\"https:\/\/visitmarratxi.es\/fr\/location\/marratxi-fr\/?post_type=venue\">Marratx\u00ed<\/a><\/li><\/ul><\/div><\/div><div class=\"gt-title\"><a href=\"https:\/\/visitmarratxi.es\/fr\/venue\/teatre\/\">Mus\u00e9e de la Poterie<\/a><\/div><div class=\"gt-excerpt\">C\u2019est dans un moulin \u00e0 vent \u00e0 farine o\u00f9 se situe le Museu del Fang. Un b\u00e2timent que la ville de Marratx\u00ed a obtenu en 1977, mais ce n\u2019est qu\u2019en 2002 qu\u2019il a \u00e9t\u00e9 r\u00e9nov\u00e9 et ouvert en tant que...<\/div><\/div><\/div><\/div><div class=\"gt-col\"><div class=\"gt-inner\"><div class=\"gt-venue-style-1\"><div class=\"gt-image\"><a href=\"https:\/\/visitmarratxi.es\/fr\/venue\/bar\/\"><img loading=\"lazy\" decoding=\"async\" width=\"620\" height=\"400\" src=\"https:\/\/visitmarratxi.es\/wp-content\/uploads\/2022\/02\/img_4355_escorxador_foto-1.jpg\" class=\"attachment-eventchamp-event-list size-eventchamp-event-list wp-post-image\" alt=\"\" srcset=\"https:\/\/visitmarratxi.es\/wp-content\/uploads\/2022\/02\/img_4355_escorxador_foto-1.jpg 620w, https:\/\/visitmarratxi.es\/wp-content\/uploads\/2022\/02\/img_4355_escorxador_foto-1-300x194.jpg 300w, https:\/\/visitmarratxi.es\/wp-content\/uploads\/2022\/02\/img_4355_escorxador_foto-1-600x387.jpg 600w\" sizes=\"auto, (max-width: 620px) 100vw, 620px\" \/><\/a><div class=\"gt-location\"><ul><li><a href=\"https:\/\/visitmarratxi.es\/fr\/location\/marratxi-fr\/?post_type=venue\">Marratx\u00ed<\/a><\/li><\/ul><\/div><\/div><div class=\"gt-title\"><a href=\"https:\/\/visitmarratxi.es\/fr\/venue\/bar\/\">Centre Culturel S\u2019Esorxador<\/a><\/div><div class=\"gt-excerpt\">S\u2019Escorxador est un espace qui a \u00e9t\u00e9 r\u00e9nov\u00e9 par la ville, sp\u00e9cifiquement en tant que centre d\u2019expositions d\u2019\u0153uvres d\u2019art.\u00a0 Vous pourrez aussi visiter l\u2019\u00e9cole de c\u00e9ramique. &nbsp;<\/div><\/div><\/div><\/div><\/div><\/div>[\/vc_column][\/vc_row]<\/p>\n<\/div>","protected":false},"excerpt":{"rendered":"<p>[vc_row][vc_column][\/vc_column][\/vc_row][vc_row][vc_column][vc_empty_space height=\u00a0\u00bb100px\u00a0\u00bb][\/vc_column][\/vc_row][vc_row][vc_column][\/vc_column][\/vc_row]<\/p>\n","protected":false},"author":6,"featured_media":0,"parent":0,"menu_order":0,"comment_status":"closed","ping_status":"closed","template":"","meta":{"footnotes":""},"class_list":["post-10845","page","type-page","status-publish","hentry"],"_links":{"self":[{"href":"https:\/\/visitmarratxi.es\/fr\/wp-json\/wp\/v2\/pages\/10845","targetHints":{"allow":["GET"]}}],"collection":[{"href":"https:\/\/visitmarratxi.es\/fr\/wp-json\/wp\/v2\/pages"}],"about":[{"href":"https:\/\/visitmarratxi.es\/fr\/wp-json\/wp\/v2\/types\/page"}],"author":[{"embeddable":true,"href":"https:\/\/visitmarratxi.es\/fr\/wp-json\/wp\/v2\/users\/6"}],"replies":[{"embeddable":true,"href":"https:\/\/visitmarratxi.es\/fr\/wp-json\/wp\/v2\/comments?post=10845"}],"version-history":[{"count":4,"href":"https:\/\/visitmarratxi.es\/fr\/wp-json\/wp\/v2\/pages\/10845\/revisions"}],"predecessor-version":[{"id":10963,"href":"https:\/\/visitmarratxi.es\/fr\/wp-json\/wp\/v2\/pages\/10845\/revisions\/10963"}],"wp:attachment":[{"href":"https:\/\/visitmarratxi.es\/fr\/wp-json\/wp\/v2\/media?parent=10845"}],"curies":[{"name":"wp","href":"https:\/\/api.w.org\/{rel}","templated":true}]}}