{"id":11517,"date":"2023-06-15T13:46:28","date_gmt":"2023-06-15T11:46:28","guid":{"rendered":"https:\/\/marratxiesviu.es\/?page_id=11517"},"modified":"2023-06-15T15:08:31","modified_gmt":"2023-06-15T13:08:31","slug":"gouter-et-faire-du-shopping","status":"publish","type":"page","link":"https:\/\/visitmarratxi.es\/fr\/gouter-et-faire-du-shopping\/","title":{"rendered":"Go\u00fbter et faire du shopping"},"content":{"rendered":"<div class=\"wpb-content-wrapper\"><p>[vc_row][vc_column]<div class=\"gt-heading gt-dark gt-size1 gt-align-center\"><div class=\"gt-title\">PLACES <span>GO\u00dbTER ET FAIRE DU SHOPPING<\/span><\/div><div class=\"gt-separate\"><div class=\"gt-icon\"> <\/div><\/div><\/div>[\/vc_column][\/vc_row][vc_row][vc_column][vc_empty_space height=\u00a0\u00bb100px\u00a0\u00bb][\/vc_column][\/vc_row][vc_row][vc_column]<div class=\"gt-venue-listing\"><div class=\"gt-columns gt-column-2\"><div class=\"gt-col\"><div class=\"gt-inner\"><div class=\"gt-venue-style-1\"><div class=\"gt-image\"><a href=\"https:\/\/visitmarratxi.es\/fr\/venue\/125-anniversaire-de-es-forn-del-pla-de-na-tesa\/\"><img loading=\"lazy\" decoding=\"async\" width=\"800\" height=\"579\" src=\"https:\/\/visitmarratxi.es\/wp-content\/uploads\/2024\/06\/esforn_pladenatesa-800x579.jpg\" class=\"attachment-eventchamp-event-list size-eventchamp-event-list wp-post-image\" alt=\"\" \/><\/a><div class=\"gt-location\"><ul><li><a href=\"https:\/\/visitmarratxi.es\/fr\/location\/cami-de-son-alegre-4\/?post_type=venue\">Cam\u00ed de Son Alegre<\/a><\/li><li><a href=\"https:\/\/visitmarratxi.es\/fr\/location\/marratxi-fr\/?post_type=venue\">Marratx\u00ed<\/a><\/li><\/ul><\/div><\/div><div class=\"gt-title\"><a href=\"https:\/\/visitmarratxi.es\/fr\/venue\/125-anniversaire-de-es-forn-del-pla-de-na-tesa\/\">125e anniversaire de \u00ab\u00a0es Forn\u00a0\u00bb del Pla de na Tesa<\/a><\/div><div class=\"gt-excerpt\">HISTOIRE Les murs du Forn del Pla de na Tesa pr\u00e9servent 125 ans d&rsquo;une riche histoire familiale qui, g\u00e9n\u00e9ration apr\u00e8s g\u00e9n\u00e9ration, a pr\u00e9serv\u00e9 la tradition et l&rsquo;excellence artisanale, devenant ainsi une entreprise embl\u00e9matique de la commune de Marratx\u00ed. Le 1er...<\/div><\/div><\/div><\/div><div class=\"gt-col\"><div class=\"gt-inner\"><div class=\"gt-venue-style-1\"><div class=\"gt-image\"><a href=\"https:\/\/visitmarratxi.es\/fr\/venue\/ceramica-de-marratxi\/\"><img loading=\"lazy\" decoding=\"async\" width=\"620\" height=\"400\" src=\"https:\/\/visitmarratxi.es\/wp-content\/uploads\/2022\/04\/anne-nygard-P7X0np30w30-unsplash-1.jpg\" class=\"attachment-eventchamp-event-list size-eventchamp-event-list wp-post-image\" alt=\"\" srcset=\"https:\/\/visitmarratxi.es\/wp-content\/uploads\/2022\/04\/anne-nygard-P7X0np30w30-unsplash-1.jpg 620w, https:\/\/visitmarratxi.es\/wp-content\/uploads\/2022\/04\/anne-nygard-P7X0np30w30-unsplash-1-300x194.jpg 300w, https:\/\/visitmarratxi.es\/wp-content\/uploads\/2022\/04\/anne-nygard-P7X0np30w30-unsplash-1-600x387.jpg 600w\" sizes=\"auto, (max-width: 620px) 100vw, 620px\" \/><\/a><div class=\"gt-location\"><ul><li><a href=\"https:\/\/visitmarratxi.es\/fr\/location\/cabaneta-fr\/?post_type=venue\">Cabaneta<\/a><\/li><li><a href=\"https:\/\/visitmarratxi.es\/fr\/location\/marratxi-fr\/?post_type=venue\">Marratx\u00ed<\/a><\/li><li><a href=\"https:\/\/visitmarratxi.es\/fr\/location\/portol-fr\/?post_type=venue\">P\u00f2rtol<\/a><\/li><\/ul><\/div><\/div><div class=\"gt-title\"><a href=\"https:\/\/visitmarratxi.es\/fr\/venue\/ceramica-de-marratxi\/\">Cer\u00e0mica de Marratx\u00ed<\/a><\/div><div class=\"gt-excerpt\">La chose la plus repr\u00e9sentative de la municipalit\u00e9 de Marratx\u00ed est la c\u00e9ramique, une tradition qui est toujours vivante gr\u00e2ce aux producteurs actuels. Vous trouverez ci-dessous une liste de c\u00e9ramistes Marratx\u00ed: Si vous souhaitez \u00e9galement apprendre \u00e0 travailler l&rsquo;argile, vous...<\/div><\/div><\/div><\/div><div class=\"gt-col\"><div class=\"gt-inner\"><div class=\"gt-venue-style-1\"><div class=\"gt-image\"><a href=\"https:\/\/visitmarratxi.es\/fr\/venue\/forns-i-pastisseries-tradicionals\/\"><img loading=\"lazy\" decoding=\"async\" width=\"952\" height=\"579\" src=\"https:\/\/visitmarratxi.es\/wp-content\/uploads\/2022\/02\/DSC07512-952x579.jpg\" class=\"attachment-eventchamp-event-list size-eventchamp-event-list wp-post-image\" alt=\"\" srcset=\"https:\/\/visitmarratxi.es\/wp-content\/uploads\/2022\/02\/DSC07512-952x579.jpg 952w, https:\/\/visitmarratxi.es\/wp-content\/uploads\/2022\/02\/DSC07512-130x80.jpg 130w\" sizes=\"auto, (max-width: 952px) 100vw, 952px\" \/><\/a><div class=\"gt-location\"><ul><li><a href=\"https:\/\/visitmarratxi.es\/fr\/location\/cabaneta-fr\/?post_type=venue\">Cabaneta<\/a><\/li><li><a href=\"https:\/\/visitmarratxi.es\/fr\/location\/marratxi-fr\/?post_type=venue\">Marratx\u00ed<\/a><\/li><li><a href=\"https:\/\/visitmarratxi.es\/fr\/location\/pla-de-na-tesa-fr\/?post_type=venue\">Pla de na Tesa<\/a><\/li><li><a href=\"https:\/\/visitmarratxi.es\/fr\/location\/pont-dinca-fr\/?post_type=venue\">Pont d&#8217;Inca<\/a><\/li><li><a href=\"https:\/\/visitmarratxi.es\/fr\/location\/portol-fr\/?post_type=venue\">P\u00f2rtol<\/a><\/li><\/ul><\/div><\/div><div class=\"gt-title\"><a href=\"https:\/\/visitmarratxi.es\/fr\/venue\/forns-i-pastisseries-tradicionals\/\">Commerces embl\u00e9matiques<\/a><\/div><div class=\"gt-excerpt\">Les commerces embl\u00e9matiques sont un symbole et l\u2019expression de l\u2019identit\u00e9 de Marratx\u00ed, des \u00e9tablissements qui ont su r\u00e9sister \u00e0 l\u2019\u00e9preuve du temps. Ainsi, nous souhaitons les aider \u00e0 accro\u00eetre leurs connaissances, car ils font partie de l\u2019histoire de la commune...<\/div><\/div><\/div><\/div><div class=\"gt-col\"><div class=\"gt-inner\"><div class=\"gt-venue-style-1\"><div class=\"gt-image\"><a href=\"https:\/\/visitmarratxi.es\/fr\/venue\/ron-amazonas\/\"><img loading=\"lazy\" decoding=\"async\" width=\"620\" height=\"400\" src=\"https:\/\/visitmarratxi.es\/wp-content\/uploads\/2022\/03\/620x400-Amazona.jpg\" class=\"attachment-eventchamp-event-list size-eventchamp-event-list wp-post-image\" alt=\"\" srcset=\"https:\/\/visitmarratxi.es\/wp-content\/uploads\/2022\/03\/620x400-Amazona.jpg 620w, https:\/\/visitmarratxi.es\/wp-content\/uploads\/2022\/03\/620x400-Amazona-300x194.jpg 300w, https:\/\/visitmarratxi.es\/wp-content\/uploads\/2022\/03\/620x400-Amazona-600x387.jpg 600w\" sizes=\"auto, (max-width: 620px) 100vw, 620px\" \/><\/a><div class=\"gt-location\"><ul><li><a href=\"https:\/\/visitmarratxi.es\/fr\/location\/marratxi-fr\/?post_type=venue\">Marratx\u00ed<\/a><\/li><\/ul><\/div><\/div><div class=\"gt-title\"><a href=\"https:\/\/visitmarratxi.es\/fr\/venue\/ron-amazonas\/\">Rhum Amazona<\/a><\/div><div class=\"gt-excerpt\">Le rhum doux est une des boissons les plus typiques de Majorque et elle est fabriqu\u00e9e \u00e0 Marratx\u00ed depuis 1982 gr\u00e2ce \u00e0 l\u2019entreprise Limsa. Une entreprise de tradition qui \u00e9labore de l\u2019anisette, des liqueurs et du rhum.\u00a0 Aujourd\u2019hui, ils produisent...<\/div><\/div><\/div><\/div><div class=\"gt-col\"><div class=\"gt-inner\"><div class=\"gt-venue-style-1\"><div class=\"gt-image\"><a href=\"https:\/\/visitmarratxi.es\/fr\/venue\/bodegues-tunel\/\"><img loading=\"lazy\" decoding=\"async\" width=\"620\" height=\"400\" src=\"https:\/\/visitmarratxi.es\/wp-content\/uploads\/2022\/03\/620x400-Tunel.jpg\" class=\"attachment-eventchamp-event-list size-eventchamp-event-list wp-post-image\" alt=\"\" srcset=\"https:\/\/visitmarratxi.es\/wp-content\/uploads\/2022\/03\/620x400-Tunel.jpg 620w, https:\/\/visitmarratxi.es\/wp-content\/uploads\/2022\/03\/620x400-Tunel-300x194.jpg 300w, https:\/\/visitmarratxi.es\/wp-content\/uploads\/2022\/03\/620x400-Tunel-600x387.jpg 600w\" sizes=\"auto, (max-width: 620px) 100vw, 620px\" \/><\/a><div class=\"gt-location\"><ul><li><a href=\"https:\/\/visitmarratxi.es\/fr\/location\/marratxi-fr\/?post_type=venue\">Marratx\u00ed<\/a><\/li><\/ul><\/div><\/div><div class=\"gt-title\"><a href=\"https:\/\/visitmarratxi.es\/fr\/venue\/bodegues-tunel\/\">Les Herbes T\u00fanel<\/a><\/div><div class=\"gt-excerpt\">Distribucions T\u00fanel, autrefois nomm\u00e9es Bodegas T\u00fanel, est une entreprise familiale de distribution de vins et de liqueur fond\u00e9e en 1986 situ\u00e9e \u00e0 Marratx\u00ed. Elle est devenue un des plus grands distributeurs des Bal\u00e9ares.\u00a0 Herbes s\u00e9ch\u00e9es, douces ou m\u00e9lang\u00e9es Les herbes...<\/div><\/div><\/div><\/div><div class=\"gt-col\"><div class=\"gt-inner\"><div class=\"gt-venue-style-1\"><div class=\"gt-image\"><a href=\"https:\/\/visitmarratxi.es\/fr\/venue\/bodegues-suau\/\"><img loading=\"lazy\" decoding=\"async\" width=\"620\" height=\"400\" src=\"https:\/\/visitmarratxi.es\/wp-content\/uploads\/2022\/03\/12.jpg\" class=\"attachment-eventchamp-event-list size-eventchamp-event-list wp-post-image\" alt=\"\" srcset=\"https:\/\/visitmarratxi.es\/wp-content\/uploads\/2022\/03\/12.jpg 620w, https:\/\/visitmarratxi.es\/wp-content\/uploads\/2022\/03\/12-300x194.jpg 300w, https:\/\/visitmarratxi.es\/wp-content\/uploads\/2022\/03\/12-600x387.jpg 600w\" sizes=\"auto, (max-width: 620px) 100vw, 620px\" \/><\/a><div class=\"gt-location\"><ul><li><a href=\"https:\/\/visitmarratxi.es\/fr\/location\/marratxi-fr\/?post_type=venue\">Marratx\u00ed<\/a><\/li><\/ul><\/div><\/div><div class=\"gt-title\"><a href=\"https:\/\/visitmarratxi.es\/fr\/venue\/bodegues-suau\/\">Bodegues Suau<\/a><\/div><div class=\"gt-excerpt\">Le brandy avec le gin Premium sont les produits phares de Bodegas Suau. Des bodegas qui s\u2019engagent dans l\u2019innovation. Leur derni\u00e8re cr\u00e9ation est un brandy de 8 ans avec une touche d\u2019oranges mac\u00e9r\u00e9es. Un go\u00fbt unique tr\u00e8s demand\u00e9 aux \u00c9tats-Unis....<\/div><\/div><\/div><\/div><div class=\"gt-col\"><div class=\"gt-inner\"><div class=\"gt-venue-style-1\"><div class=\"gt-image\"><a href=\"https:\/\/visitmarratxi.es\/fr\/venue\/savenc\/\"><img loading=\"lazy\" decoding=\"async\" width=\"620\" height=\"400\" src=\"https:\/\/visitmarratxi.es\/wp-content\/uploads\/2022\/03\/SAvenc.jpg\" class=\"attachment-eventchamp-event-list size-eventchamp-event-list wp-post-image\" alt=\"\" srcset=\"https:\/\/visitmarratxi.es\/wp-content\/uploads\/2022\/03\/SAvenc.jpg 620w, https:\/\/visitmarratxi.es\/wp-content\/uploads\/2022\/03\/SAvenc-300x194.jpg 300w, https:\/\/visitmarratxi.es\/wp-content\/uploads\/2022\/03\/SAvenc-600x387.jpg 600w\" sizes=\"auto, (max-width: 620px) 100vw, 620px\" \/><\/a><div class=\"gt-location\"><ul><li><a href=\"https:\/\/visitmarratxi.es\/fr\/location\/marratxi-fr\/?post_type=venue\">Marratx\u00ed<\/a><\/li><\/ul><\/div><\/div><div class=\"gt-title\"><a href=\"https:\/\/visitmarratxi.es\/fr\/venue\/savenc\/\">S\u2019Avenc<\/a><\/div><div class=\"gt-excerpt\">Gr\u00e2ce \u00e0 la civilisation grecque, le miel fait partie de la gastronomie de Majorque. Un h\u00e9ritage qui a donn\u00e9 naissance \u00e0 notre c\u00e9l\u00e8bre r\u00e9gime m\u00e9diterran\u00e9en.<\/div><\/div><\/div><\/div><div class=\"gt-col\"><div class=\"gt-inner\"><div class=\"gt-venue-style-1\"><div class=\"gt-image\"><a href=\"https:\/\/visitmarratxi.es\/fr\/venue\/flor-dametler\/\"><img loading=\"lazy\" decoding=\"async\" width=\"620\" height=\"400\" src=\"https:\/\/visitmarratxi.es\/wp-content\/uploads\/2022\/03\/Flor-d-Ametler.jpg\" class=\"attachment-eventchamp-event-list size-eventchamp-event-list wp-post-image\" alt=\"\" srcset=\"https:\/\/visitmarratxi.es\/wp-content\/uploads\/2022\/03\/Flor-d-Ametler.jpg 620w, https:\/\/visitmarratxi.es\/wp-content\/uploads\/2022\/03\/Flor-d-Ametler-300x194.jpg 300w, https:\/\/visitmarratxi.es\/wp-content\/uploads\/2022\/03\/Flor-d-Ametler-600x387.jpg 600w\" sizes=\"auto, (max-width: 620px) 100vw, 620px\" \/><\/a><div class=\"gt-location\"><ul><li><a href=\"https:\/\/visitmarratxi.es\/fr\/location\/marratxi-fr\/?post_type=venue\">Marratx\u00ed<\/a><\/li><\/ul><\/div><\/div><div class=\"gt-title\"><a href=\"https:\/\/visitmarratxi.es\/fr\/venue\/flor-dametler\/\">Flor d&rsquo;Ametler, la parfum de Majorque<\/a><\/div><div class=\"gt-excerpt\">Le majorquin Bernat Vallori a eu l\u2019id\u00e9e de cr\u00e9er un parfum avec la senteur aux senteurs d\u2019amandier, comme le faisait sa m\u00e8re et sa marraine pour \u00e9laborer leurs propres parfums.\u00a0 Le cr\u00e9ateur a voulu conserver dans un flocon cette odeur...<\/div><\/div><\/div><\/div><div class=\"gt-col\"><div class=\"gt-inner\"><div class=\"gt-venue-style-1\"><div class=\"gt-image\"><a href=\"https:\/\/visitmarratxi.es\/fr\/venue\/fang-cuina\/\"><img loading=\"lazy\" decoding=\"async\" width=\"620\" height=\"400\" src=\"https:\/\/visitmarratxi.es\/wp-content\/uploads\/2022\/02\/Fang-Cuina-2-1.jpg\" class=\"attachment-eventchamp-event-list size-eventchamp-event-list wp-post-image\" alt=\"\" srcset=\"https:\/\/visitmarratxi.es\/wp-content\/uploads\/2022\/02\/Fang-Cuina-2-1.jpg 620w, https:\/\/visitmarratxi.es\/wp-content\/uploads\/2022\/02\/Fang-Cuina-2-1-300x194.jpg 300w, https:\/\/visitmarratxi.es\/wp-content\/uploads\/2022\/02\/Fang-Cuina-2-1-600x387.jpg 600w\" sizes=\"auto, (max-width: 620px) 100vw, 620px\" \/><\/a><div class=\"gt-location\"><ul><li><a href=\"https:\/\/visitmarratxi.es\/fr\/location\/marratxi-fr\/?post_type=venue\">Marratx\u00ed<\/a><\/li><\/ul><\/div><\/div><div class=\"gt-title\"><a href=\"https:\/\/visitmarratxi.es\/fr\/venue\/fang-cuina\/\">Fang Cuina<\/a><\/div><div class=\"gt-excerpt\">Salon de la Gastronomie et de la C\u00e9ramique \u00e0 Marratx\u00ed. Fang Cuina est une initiative pour faire d\u00e9couvrir la cuisine de Marratx\u00ed associ\u00e9e avec l\u2019argile. Oserez-vous r\u00e9aliser l\u2019une de ces recettes?<\/div><\/div><\/div><\/div><div class=\"gt-col\"><div class=\"gt-inner\"><div class=\"gt-venue-style-1\"><div class=\"gt-image\"><a href=\"https:\/\/visitmarratxi.es\/fr\/venue\/menjador\/\"><img loading=\"lazy\" decoding=\"async\" width=\"620\" height=\"400\" src=\"https:\/\/visitmarratxi.es\/wp-content\/uploads\/2018\/11\/5.-Mercats.jpg\" class=\"attachment-eventchamp-event-list size-eventchamp-event-list wp-post-image\" alt=\"\" srcset=\"https:\/\/visitmarratxi.es\/wp-content\/uploads\/2018\/11\/5.-Mercats.jpg 620w, https:\/\/visitmarratxi.es\/wp-content\/uploads\/2018\/11\/5.-Mercats-300x194.jpg 300w, https:\/\/visitmarratxi.es\/wp-content\/uploads\/2018\/11\/5.-Mercats-600x387.jpg 600w\" sizes=\"auto, (max-width: 620px) 100vw, 620px\" \/><\/a><div class=\"gt-location\"><ul><li><a href=\"https:\/\/visitmarratxi.es\/fr\/location\/marratxi-fr\/?post_type=venue\">Marratx\u00ed<\/a><\/li><\/ul><\/div><\/div><div class=\"gt-title\"><a href=\"https:\/\/visitmarratxi.es\/fr\/venue\/menjador\/\">March\u00e9s traditionnels dans la Commune de Marratx\u00ed<\/a><\/div><div class=\"gt-excerpt\">Date et heure : mardi de 8 h \u00e0 13 h Adresse : Pla de Na Tesa, Pla\u00e7a de l\u2019Esgl\u00e9sia.\u00a0 Jour et heure : Mercredi de 8 h \u00e0 13 h\u00a0 Adresse: Sa Cabana, Pla\u00e7a Cabana.\u00a0 Jour et heure :...<\/div><\/div><\/div><\/div><\/div><\/div>[\/vc_column][\/vc_row]<\/p>\n<\/div>","protected":false},"excerpt":{"rendered":"<p>[vc_row][vc_column][\/vc_column][\/vc_row][vc_row][vc_column][vc_empty_space height=\u00a0\u00bb100px\u00a0\u00bb][\/vc_column][\/vc_row][vc_row][vc_column][\/vc_column][\/vc_row]<\/p>\n","protected":false},"author":7,"featured_media":0,"parent":0,"menu_order":0,"comment_status":"closed","ping_status":"closed","template":"","meta":{"footnotes":""},"class_list":["post-11517","page","type-page","status-publish","hentry"],"_links":{"self":[{"href":"https:\/\/visitmarratxi.es\/fr\/wp-json\/wp\/v2\/pages\/11517","targetHints":{"allow":["GET"]}}],"collection":[{"href":"https:\/\/visitmarratxi.es\/fr\/wp-json\/wp\/v2\/pages"}],"about":[{"href":"https:\/\/visitmarratxi.es\/fr\/wp-json\/wp\/v2\/types\/page"}],"author":[{"embeddable":true,"href":"https:\/\/visitmarratxi.es\/fr\/wp-json\/wp\/v2\/users\/7"}],"replies":[{"embeddable":true,"href":"https:\/\/visitmarratxi.es\/fr\/wp-json\/wp\/v2\/comments?post=11517"}],"version-history":[{"count":1,"href":"https:\/\/visitmarratxi.es\/fr\/wp-json\/wp\/v2\/pages\/11517\/revisions"}],"predecessor-version":[{"id":11521,"href":"https:\/\/visitmarratxi.es\/fr\/wp-json\/wp\/v2\/pages\/11517\/revisions\/11521"}],"wp:attachment":[{"href":"https:\/\/visitmarratxi.es\/fr\/wp-json\/wp\/v2\/media?parent=11517"}],"curies":[{"name":"wp","href":"https:\/\/api.w.org\/{rel}","templated":true}]}}